{"id":11536,"date":"2026-02-06T17:00:17","date_gmt":"2026-02-06T17:00:17","guid":{"rendered":"https:\/\/www.carmowood.com\/produtos\/bois-lamelle-colle-traite\/"},"modified":"2026-02-06T17:00:17","modified_gmt":"2026-02-06T17:00:17","slug":"bois-lamelle-colle-traite","status":"publish","type":"product","link":"https:\/\/www.carmowood.com\/fr\/produtos\/bois-lamelle-colle-traite\/","title":{"rendered":"Bois lamell\u00e9-coll\u00e9 trait\u00e9"},"content":{"rendered":"","protected":false},"excerpt":{"rendered":"","protected":false},"featured_media":7191,"parent":0,"menu_order":13007,"template":"","product_cat":[237,243,259,222],"class_list":["post-11536","product","type-product","status-publish","has-post-thumbnail","hentry","product_cat-bois","product_cat-bois-et-accessoires","product_cat-bois-rabote","product_cat-carmoform"],"acf":[],"_links":{"self":[{"href":"https:\/\/www.carmowood.com\/fr\/wp-json\/wp\/v2\/product\/11536","targetHints":{"allow":["GET"]}}],"collection":[{"href":"https:\/\/www.carmowood.com\/fr\/wp-json\/wp\/v2\/product"}],"about":[{"href":"https:\/\/www.carmowood.com\/fr\/wp-json\/wp\/v2\/types\/product"}],"version-history":[{"count":0,"href":"https:\/\/www.carmowood.com\/fr\/wp-json\/wp\/v2\/product\/11536\/revisions"}],"wp:featuredmedia":[{"embeddable":true,"href":"https:\/\/www.carmowood.com\/fr\/wp-json\/wp\/v2\/media\/7191"}],"wp:attachment":[{"href":"https:\/\/www.carmowood.com\/fr\/wp-json\/wp\/v2\/media?parent=11536"}],"wp:term":[{"taxonomy":"product_cat","embeddable":true,"href":"https:\/\/www.carmowood.com\/fr\/wp-json\/wp\/v2\/product_cat?post=11536"}],"curies":[{"name":"wp","href":"https:\/\/api.w.org\/{rel}","templated":true}]}}