{"id":11022,"date":"2026-02-03T11:15:19","date_gmt":"2026-02-03T11:15:19","guid":{"rendered":"https:\/\/www.carmowood.com\/produtos\/parc-medieval-evora\/"},"modified":"2026-02-03T11:15:19","modified_gmt":"2026-02-03T11:15:19","slug":"parc-medieval-evora","status":"publish","type":"product","link":"https:\/\/www.carmowood.com\/fr\/produtos\/parc-medieval-evora\/","title":{"rendered":"Parc M\u00e9di\u00e9val &#8211; \u00c9vora"},"content":{"rendered":"","protected":false},"excerpt":{"rendered":"","protected":false},"featured_media":6094,"parent":0,"menu_order":12005,"template":"","product_cat":[357,222,366,287],"class_list":["post-11022","product","type-product","status-publish","has-post-thumbnail","hentry","product_cat-aires-de-jeux","product_cat-carmoform","product_cat-medieval-park","product_cat-mobilier-et-equipements-dexterieur"],"acf":[],"_links":{"self":[{"href":"https:\/\/www.carmowood.com\/fr\/wp-json\/wp\/v2\/product\/11022","targetHints":{"allow":["GET"]}}],"collection":[{"href":"https:\/\/www.carmowood.com\/fr\/wp-json\/wp\/v2\/product"}],"about":[{"href":"https:\/\/www.carmowood.com\/fr\/wp-json\/wp\/v2\/types\/product"}],"version-history":[{"count":0,"href":"https:\/\/www.carmowood.com\/fr\/wp-json\/wp\/v2\/product\/11022\/revisions"}],"wp:featuredmedia":[{"embeddable":true,"href":"https:\/\/www.carmowood.com\/fr\/wp-json\/wp\/v2\/media\/6094"}],"wp:attachment":[{"href":"https:\/\/www.carmowood.com\/fr\/wp-json\/wp\/v2\/media?parent=11022"}],"wp:term":[{"taxonomy":"product_cat","embeddable":true,"href":"https:\/\/www.carmowood.com\/fr\/wp-json\/wp\/v2\/product_cat?post=11022"}],"curies":[{"name":"wp","href":"https:\/\/api.w.org\/{rel}","templated":true}]}}