{"id":10962,"date":"2026-02-03T10:20:27","date_gmt":"2026-02-03T10:20:27","guid":{"rendered":"https:\/\/www.carmowood.com\/produtos\/regenerateurs-de-dunes\/"},"modified":"2026-02-03T10:20:27","modified_gmt":"2026-02-03T10:20:27","slug":"regenerateurs-de-dunes","status":"publish","type":"product","link":"https:\/\/www.carmowood.com\/fr\/produtos\/regenerateurs-de-dunes\/","title":{"rendered":"R\u00e9g\u00e9n\u00e9rateurs de dunes"},"content":{"rendered":"","protected":false},"excerpt":{"rendered":"","protected":false},"featured_media":5972,"parent":0,"menu_order":11953,"template":"","product_cat":[222,336,287,324,394],"class_list":["post-10962","product","type-product","status-publish","has-post-thumbnail","hentry","product_cat-carmoform","product_cat-equipements","product_cat-mobilier-et-equipements-dexterieur","product_cat-mobilier-urbain","product_cat-tournage-et-clotures"],"acf":[],"_links":{"self":[{"href":"https:\/\/www.carmowood.com\/fr\/wp-json\/wp\/v2\/product\/10962","targetHints":{"allow":["GET"]}}],"collection":[{"href":"https:\/\/www.carmowood.com\/fr\/wp-json\/wp\/v2\/product"}],"about":[{"href":"https:\/\/www.carmowood.com\/fr\/wp-json\/wp\/v2\/types\/product"}],"version-history":[{"count":0,"href":"https:\/\/www.carmowood.com\/fr\/wp-json\/wp\/v2\/product\/10962\/revisions"}],"wp:featuredmedia":[{"embeddable":true,"href":"https:\/\/www.carmowood.com\/fr\/wp-json\/wp\/v2\/media\/5972"}],"wp:attachment":[{"href":"https:\/\/www.carmowood.com\/fr\/wp-json\/wp\/v2\/media?parent=10962"}],"wp:term":[{"taxonomy":"product_cat","embeddable":true,"href":"https:\/\/www.carmowood.com\/fr\/wp-json\/wp\/v2\/product_cat?post=10962"}],"curies":[{"name":"wp","href":"https:\/\/api.w.org\/{rel}","templated":true}]}}