{"id":9630,"date":"2025-12-18T18:08:45","date_gmt":"2025-12-18T18:08:45","guid":{"rendered":"https:\/\/www.carmowood.com\/carmowood\/projets-finances\/projets-finances-lisboa2020\/"},"modified":"2026-02-24T11:46:04","modified_gmt":"2026-02-24T11:46:04","slug":"projets-finances-lisboa2020","status":"publish","type":"page","link":"https:\/\/www.carmowood.com\/fr\/carmowood\/projets-finances\/projets-finances-lisboa2020\/","title":{"rendered":"Projets Financ\u00e9s Lisboa2020"},"content":{"rendered":"\n<h3 class=\"wp-block-heading\"><strong>Renforcement international d&#8217;AMC soutenu par de nouveaux produits hautement innovants<\/strong><\/h3>\n\n<p><strong>D\u00e9signation du projet<\/strong>: Renforcement international de l&#8217;AMC soutenu par de nouveaux produits hautement innovants<br\/><strong>Code du projet<\/strong>: LISBOA-02-0752-FEDER-071254<br\/><strong>Objectif principal<\/strong>: Renforcer la comp\u00e9titivit\u00e9 des PME<br\/><strong>R\u00e9gion d&#8217;intervention<\/strong>: PO Lisbonne<br\/><strong>Entit\u00e9 b\u00e9n\u00e9ficiaire<\/strong>: A. MILNE CARMO S.A.<\/p>\n\n<p><strong>Date d&#8217;approbation<\/strong>: 28-04-2021<br\/><strong>Date de d\u00e9but<\/strong>: 01-09-2021<br\/><strong>Date d&#8217;ach\u00e8vement<\/strong>: 30-06-2023<br\/><strong>Co\u00fbt total \u00e9ligible<\/strong>: 310 063,21 \u20ac<br\/><strong>Soutien financier de l&#8217;Union europ\u00e9enne<\/strong>: FEDER \u2013 111 967,80 \u20ac<\/p>\n\n<div class=\"wp-block-kobu-custom-blocks-responsive-spacer responsive-spacer size-medium\"><\/div><br>\n\n<h4 class=\"wp-block-heading\">Objectifs, activit\u00e9s et r\u00e9sultats attendus\/atteints<\/h4>\n\n<p>Le pr\u00e9sent projet, ax\u00e9 sur l&#8217;expansion internationale de l&#8217;entreprise,&#13;\na pr\u00e9vu l&#8217;investissement dans des actions de prospection pour diff\u00e9rents march\u00e9s, la participation en tant qu&#8217;exposant \u00e0 plusieurs salons importants dans le domaine d&#8217;activit\u00e9, l&#8217;embauche de deux cadres techniques qualifi\u00e9s pour soutenir le plan strat\u00e9gique d\u00e9fini dans le cadre de l&#8217;op\u00e9ration, ainsi que la pr\u00e9sence sur le web et la cr\u00e9ation de contenu. Gr\u00e2ce \u00e0 cela, AMC a atteint et d\u00e9pass\u00e9 l&#8217;objectif contractuel en atteignant, au cours de l&#8217;ann\u00e9e suivant le projet (2024), un taux d&#8217;exportation de 38,70%.<\/p>\n\n<div class=\"wp-block-kobu-custom-blocks-responsive-spacer responsive-spacer size-large\"><\/div><br>\n\n<h3 class=\"wp-block-heading\">Projets individuels &#8211; Qualification des PME<\/h3>\n\n<p><strong>D\u00e9signation du projet<\/strong>: Projets individuels &#8211; Qualification des PME<br\/><strong>Code du projet<\/strong>: 02-0853-FEDER-00882<br\/><strong>Objectif principal<\/strong>: Renforcer la comp\u00e9titivit\u00e9 des PME<br\/><strong>R\u00e9gion d&#8217;intervention<\/strong>: Lisbonne<br\/><strong>Entit\u00e9 b\u00e9n\u00e9ficiaire<\/strong>: A. MILNE CARMO S.A.<\/p>\n\n<p><strong>Date d&#8217;approbation<\/strong>: 30-10-2015<br\/><strong>Date de d\u00e9but<\/strong>: 30-04-2015<br\/><strong>Date d&#8217;ach\u00e8vement<\/strong>: 29-04-2017<br\/><strong>Co\u00fbt total \u00e9ligible<\/strong>: 191 387,27<br\/><strong>Soutien financier de l&#8217;Union europ\u00e9enne<\/strong>: FEDER &#8211; 86 124,27 \u20ac<\/p>\n\n<p>D\u00e9velopper l&#8217;activit\u00e9 de mani\u00e8re efficace, parvenir \u00e0 un \u00e9quilibre entre les capacit\u00e9s de production \u00e0 rendement maximal et la r\u00e9duction des co\u00fbts de production sans nuire \u00e0 l&#8217;obtention des meilleurs r\u00e9sultats.<\/p>\n\n<div class=\"wp-block-kobu-custom-blocks-responsive-spacer responsive-spacer size-large\"><\/div><br>\n\n<h3 class=\"wp-block-heading\">Plan d&#8217;internationalisation de A. Milne Carmo<\/h3>\n\n<p><strong>D\u00e9signation du projet<\/strong>: Plan d&#8217;internationalisation de A. Milne Carmo<br\/><strong>Code du projet<\/strong>: LISBOA-02-0752-FEDER-000881<br\/><strong>Objectif principal<\/strong>: Renforcer la comp\u00e9titivit\u00e9 des PME<br\/>R\u00e9gion d&#8217;intervention: Lisbonne<br\/><strong>Entit\u00e9 b\u00e9n\u00e9ficiaire<\/strong>: A. MILNE CARMO S.A.<\/p>\n\n<p><strong>Date d&#8217;approbation<\/strong>: 07-01-2016<br\/><strong>Date de d\u00e9but<\/strong>: 29-07-2015<br\/><strong>Date d&#8217;ach\u00e8vement<\/strong>: 31-12-2017<br\/><strong>Co\u00fbt total \u00e9ligible<\/strong>: 254 415,27 \u20ac<br\/><strong>Soutien financier de l&#8217;Union europ\u00e9enne<\/strong>: FEDER- 114 486,87 \u20ac<\/p>\n\n<div class=\"wp-block-kobu-custom-blocks-responsive-spacer responsive-spacer size-medium\"><\/div><br>\n\n<h4 class=\"wp-block-heading\">Objectifs, activit\u00e9s et r\u00e9sultats attendus\/atteints<\/h4>\n\n<p>Afin d&#8217;atteindre les objectifs du projet, \u00e0 savoir atteindre un taux d&#8217;intensit\u00e9 des exportations sup\u00e9rieur \u00e0 37 %, A. Milne Carmo mise sur des actions d&#8217;internationalisation, des missions de prospection invers\u00e9es et une pr\u00e9sence en tant qu&#8217;exposant dans des salons. Elle entend \u00e9galement am\u00e9liorer son site web, \u00e9laborer des catalogues et des brochures promotionnelles et r\u00e9aliser des \u00e9tudes de march\u00e9.<\/p>\n\n<div class=\"wp-block-kobu-custom-blocks-responsive-spacer responsive-spacer size-large\"><\/div><br>\n","protected":false},"excerpt":{"rendered":"<p>Renforcement international d&#8217;AMC soutenu par de nouveaux produits hautement innovants D\u00e9signation du projet: Renforcement international de l&#8217;AMC soutenu par de nouveaux produits hautement innovantsCode du [&hellip;]<\/p>\n","protected":false},"author":1,"featured_media":0,"parent":9161,"menu_order":0,"comment_status":"closed","ping_status":"closed","template":"","meta":{"_acf_changed":false,"inline_featured_image":false,"footnotes":""},"class_list":["post-9630","page","type-page","status-publish","hentry"],"acf":[],"_links":{"self":[{"href":"https:\/\/www.carmowood.com\/fr\/wp-json\/wp\/v2\/pages\/9630","targetHints":{"allow":["GET"]}}],"collection":[{"href":"https:\/\/www.carmowood.com\/fr\/wp-json\/wp\/v2\/pages"}],"about":[{"href":"https:\/\/www.carmowood.com\/fr\/wp-json\/wp\/v2\/types\/page"}],"author":[{"embeddable":true,"href":"https:\/\/www.carmowood.com\/fr\/wp-json\/wp\/v2\/users\/1"}],"replies":[{"embeddable":true,"href":"https:\/\/www.carmowood.com\/fr\/wp-json\/wp\/v2\/comments?post=9630"}],"version-history":[{"count":3,"href":"https:\/\/www.carmowood.com\/fr\/wp-json\/wp\/v2\/pages\/9630\/revisions"}],"predecessor-version":[{"id":9670,"href":"https:\/\/www.carmowood.com\/fr\/wp-json\/wp\/v2\/pages\/9630\/revisions\/9670"}],"up":[{"embeddable":true,"href":"https:\/\/www.carmowood.com\/fr\/wp-json\/wp\/v2\/pages\/9161"}],"wp:attachment":[{"href":"https:\/\/www.carmowood.com\/fr\/wp-json\/wp\/v2\/media?parent=9630"}],"curies":[{"name":"wp","href":"https:\/\/api.w.org\/{rel}","templated":true}]}}