{"id":9628,"date":"2026-01-27T09:52:02","date_gmt":"2026-01-27T09:52:02","guid":{"rendered":"https:\/\/www.carmowood.com\/mobilier-et-equipements-dexterieur\/espaces-urbains\/"},"modified":"2026-03-30T13:35:25","modified_gmt":"2026-03-30T13:35:25","slug":"espaces-urbains","status":"publish","type":"page","link":"https:\/\/www.carmowood.com\/fr\/carmoform\/solutions\/mobilier-et-equipements-dexterieur\/espaces-urbains\/","title":{"rendered":"Espaces Urbains"},"content":{"rendered":"<noscript class=\"loading-lazy\">\n<figure class=\"wp-block-image alignfull size-full\"><img loading=\"lazy\" decoding=\"async\" width=\"960\" height=\"540\" src=\"https:\/\/www.carmowood.com\/files\/uploads\/2026\/03\/Urbano.png\" alt=\"\" class=\"wp-image-13251\" srcset=\"https:\/\/www.carmowood.com\/files\/uploads\/2026\/03\/Urbano.png 960w, https:\/\/www.carmowood.com\/files\/uploads\/2026\/03\/Urbano-300x169.png 300w, https:\/\/www.carmowood.com\/files\/uploads\/2026\/03\/Urbano-768x432.png 768w\" sizes=\"auto, (max-width: 960px) 100vw, 960px\" \/><\/figure>\n<\/noscript>\n<div class=\"wp-block-kobu-custom-blocks-responsive-spacer responsive-spacer size-large\"><\/div><br>\n\n<h2 class=\"wp-block-heading alignwide\"><span aria-hidden=\"true\"><span aria-hidden=\"true\"><span aria-hidden=\"true\"><span aria-hidden=\"true\"><span aria-hidden=\"true\">D\u00e9couvrez les avantages de choisir CarmoForm pour <span aria-hidden=\"true\">construire un espace urbain<\/span><\/span><\/span><\/span><\/span><\/span><\/h2>\n\n<div class=\"wp-block-kobu-custom-blocks-inner-content-img media-content-group child-item align-right valign-start img-first alignextrawide\"><div class=\"media-col\"><figure><img loading=\"lazy\" decoding=\"async\" width=\"960\" height=\"540\" class=\"wp-image-13262\" src=\"https:\/\/www.carmowood.com\/files\/uploads\/2026\/03\/Vedacoes-parques-urbanos.png\" alt=\"Veda\u00e7\u00e3o em madeira\" title=\"Veda\u00e7\u00f5es parques urbanos\" sizes=\"auto, (min-width: 1201px) 35vw, (min-width: 601px) 50vw, 100vw\" srcset=\"https:\/\/www.carmowood.com\/files\/uploads\/2026\/03\/Vedacoes-parques-urbanos.png 960w, https:\/\/www.carmowood.com\/files\/uploads\/2026\/03\/Vedacoes-parques-urbanos-300x169.png 300w, https:\/\/www.carmowood.com\/files\/uploads\/2026\/03\/Vedacoes-parques-urbanos-768x432.png 768w\" \/><figcaption>Veda\u00e7\u00e3o em madeira tratada em autoclave.<\/figcaption><\/figure><\/div><div class=\"content-col\"><div class=\"content-col-wrapper\">\n<p>Chez CarmoForm, nous cr\u00e9ons et construisons des espaces urbains qui enrichissent les communaut\u00e9s. Gr\u00e2ce \u00e0 notre exp\u00e9rience dans la fourniture et l&#8217;installation de solutions en bois trait\u00e9, nous couvrons un large \u00e9ventail d&#8217;espaces publics, des zones c\u00f4ti\u00e8res aux parcs urbains. Nous travaillons en \u00e9troite collaboration avec nos clients pour cr\u00e9er des environnements qui enchantent et captivent : des passerelles pittoresques aux belv\u00e9d\u00e8res panoramiques, chaque projet est une occasion d&#8217;innover et d&#8217;inspirer.<\/p>\n\n\n\n<p>En choisissant de collaborer avec CarmoForm, vous b\u00e9n\u00e9ficiez de la garantie de durabilit\u00e9 que nous offrons pour le bois. De plus, nous sommes fiers de proposer une large gamme de produits adapt\u00e9s \u00e0 divers besoins. Nous nous engageons toujours \u00e0 choisir des mat\u00e9riaux et des solutions qui respectent la durabilit\u00e9 et l&#8217;\u00e9quilibre de l&#8217;environnement.<\/p>\n\n\n\n<p>Quelle que soit votre vision, nous sommes pr\u00eats \u00e0 la concr\u00e9tiser en vous proposant des solutions en bois trait\u00e9 qui allient beaut\u00e9, r\u00e9sistance et durabilit\u00e9. <\/p>\n\n\n\n<p>Consultez notre catalogue ou contactez-nous pour plus d\u2019informations.<\/p>\n\n\n\n<div class=\"wp-block-buttons is-layout-flex wp-block-buttons-is-layout-flex\">\n<div class=\"wp-block-button\"><a class=\"wp-block-button__link wp-element-button\" href=\"https:\/\/portfolio.carmoform.com\/essentials\/\" target=\"_blank\" rel=\"noopener\">Catalogue<\/a><\/div>\n<\/div>\n<\/div><\/div><\/div>\n\n<div class=\"wp-block-kobu-custom-blocks-responsive-spacer responsive-spacer size-medium\"><\/div><br>\n","protected":false},"excerpt":{"rendered":"<p>D\u00e9couvrez les avantages de choisir CarmoForm pour construire un espace urbain<\/p>\n","protected":false},"author":1,"featured_media":2141,"parent":9476,"menu_order":0,"comment_status":"closed","ping_status":"closed","template":"templates\/product-category.php","meta":{"_acf_changed":false,"inline_featured_image":false,"footnotes":""},"class_list":["post-9628","page","type-page","status-publish","has-post-thumbnail","hentry"],"acf":[],"_links":{"self":[{"href":"https:\/\/www.carmowood.com\/fr\/wp-json\/wp\/v2\/pages\/9628","targetHints":{"allow":["GET"]}}],"collection":[{"href":"https:\/\/www.carmowood.com\/fr\/wp-json\/wp\/v2\/pages"}],"about":[{"href":"https:\/\/www.carmowood.com\/fr\/wp-json\/wp\/v2\/types\/page"}],"author":[{"embeddable":true,"href":"https:\/\/www.carmowood.com\/fr\/wp-json\/wp\/v2\/users\/1"}],"replies":[{"embeddable":true,"href":"https:\/\/www.carmowood.com\/fr\/wp-json\/wp\/v2\/comments?post=9628"}],"version-history":[{"count":5,"href":"https:\/\/www.carmowood.com\/fr\/wp-json\/wp\/v2\/pages\/9628\/revisions"}],"predecessor-version":[{"id":13456,"href":"https:\/\/www.carmowood.com\/fr\/wp-json\/wp\/v2\/pages\/9628\/revisions\/13456"}],"up":[{"embeddable":true,"href":"https:\/\/www.carmowood.com\/fr\/wp-json\/wp\/v2\/pages\/9476"}],"wp:featuredmedia":[{"embeddable":true,"href":"https:\/\/www.carmowood.com\/fr\/wp-json\/wp\/v2\/media\/2141"}],"wp:attachment":[{"href":"https:\/\/www.carmowood.com\/fr\/wp-json\/wp\/v2\/media?parent=9628"}],"curies":[{"name":"wp","href":"https:\/\/api.w.org\/{rel}","templated":true}]}}