{"id":9602,"date":"2026-01-27T09:51:49","date_gmt":"2026-01-27T09:51:49","guid":{"rendered":"https:\/\/www.carmowood.com\/mobilier-et-equipements-dexterieur\/espaces-touristiques\/"},"modified":"2026-03-30T13:37:51","modified_gmt":"2026-03-30T13:37:51","slug":"espaces-touristiques","status":"publish","type":"page","link":"https:\/\/www.carmowood.com\/fr\/carmoform\/solutions\/mobilier-et-equipements-dexterieur\/espaces-touristiques\/","title":{"rendered":"Espaces Touristiques"},"content":{"rendered":"<noscript class=\"loading-lazy\">\n<figure class=\"wp-block-image alignfull size-full\"><img loading=\"lazy\" decoding=\"async\" width=\"1920\" height=\"820\" src=\"https:\/\/www.carmowood.com\/files\/uploads\/2026\/01\/lazer-e-mobiliario-espacos-turisticos-01.jpg\" alt=\"Carmo\" class=\"wp-image-2078\" srcset=\"https:\/\/www.carmowood.com\/files\/uploads\/2026\/01\/lazer-e-mobiliario-espacos-turisticos-01.jpg 1920w, https:\/\/www.carmowood.com\/files\/uploads\/2026\/01\/lazer-e-mobiliario-espacos-turisticos-01-300x128.jpg 300w, https:\/\/www.carmowood.com\/files\/uploads\/2026\/01\/lazer-e-mobiliario-espacos-turisticos-01-1024x437.jpg 1024w, https:\/\/www.carmowood.com\/files\/uploads\/2026\/01\/lazer-e-mobiliario-espacos-turisticos-01-768x328.jpg 768w, https:\/\/www.carmowood.com\/files\/uploads\/2026\/01\/lazer-e-mobiliario-espacos-turisticos-01-1536x656.jpg 1536w\" sizes=\"auto, (max-width: 1920px) 100vw, 1920px\" \/><\/figure>\n<\/noscript>\n<div class=\"wp-block-kobu-custom-blocks-responsive-spacer responsive-spacer size-large\"><\/div><br>\n\n<h2 class=\"wp-block-heading alignwide\"><span aria-hidden=\"true\"><span aria-hidden=\"true\"><span aria-hidden=\"true\"><span aria-hidden=\"true\"><span aria-hidden=\"true\">D\u00e9couvrez les avantages de choisir CarmoForm pour construire votre espace touristique<\/span><\/span><\/span><\/span><\/span><\/h2>\n\n<div class=\"wp-block-kobu-custom-blocks-inner-content-img media-content-group child-item align-right valign-start img-first alignextrawide\"><div class=\"media-col\"><figure><img loading=\"lazy\" decoding=\"async\" width=\"960\" height=\"540\" class=\"wp-image-13037\" src=\"https:\/\/www.carmowood.com\/files\/uploads\/2026\/03\/Passadicos-com-torre.png\" alt=\"\" title=\"Passadi\u00e7os com torre\" sizes=\"auto, (min-width: 1201px) 35vw, (min-width: 601px) 50vw, 100vw\" srcset=\"https:\/\/www.carmowood.com\/files\/uploads\/2026\/03\/Passadicos-com-torre.png 960w, https:\/\/www.carmowood.com\/files\/uploads\/2026\/03\/Passadicos-com-torre-300x169.png 300w, https:\/\/www.carmowood.com\/files\/uploads\/2026\/03\/Passadicos-com-torre-768x432.png 768w\" \/><\/figure><\/div><div class=\"content-col\"><div class=\"content-col-wrapper\">\n<p>Chez CarmoForm, nous cr\u00e9ons et construisons des espaces touristiques accueillants, en parfaite harmonie avec la nature. Forts de notre exp\u00e9rience dans la fourniture et l&#8217;installation de solutions en bois trait\u00e9, nous travaillons sur une large gamme d&#8217;espaces et d&#8217;applications, du mobilier de jardin aux kiosques et remises en bois. Vous trouverez dans notre portefeuille toutes les solutions dont vous avez besoin pour cr\u00e9er votre espace, en utilisant uniquement du bois.<\/p>\n\n\n\n<p>En choisissant de collaborer avec CarmoForm, vous b\u00e9n\u00e9ficiez de la garantie de durabilit\u00e9 que nous offrons au bois. De plus, nous sommes fiers de proposer une large gamme de produits adapt\u00e9s \u00e0 divers besoins. Nous nous engageons toujours \u00e0 choisir des mat\u00e9riaux et des solutions qui respectent la durabilit\u00e9 et l&#8217;\u00e9quilibre de l&#8217;environnement.<\/p>\n\n\n\n<p>Quelle que soit votre vision, nous sommes pr\u00eats \u00e0 la concr\u00e9tiser en vous proposant des solutions en bois trait\u00e9 qui allient beaut\u00e9, r\u00e9sistance et durabilit\u00e9. Contactez-nous pour plus d&#8217;informations.<\/p>\n\n\n\n<div class=\"wp-block-buttons is-layout-flex wp-block-buttons-is-layout-flex\">\n<div class=\"wp-block-button\"><a class=\"wp-block-button__link wp-element-button\" href=\"https:\/\/portfolio.carmoform.com\/essentiels\" target=\"_blank\" rel=\"noopener\">Catalogue<\/a><\/div>\n<\/div>\n<\/div><\/div><\/div>\n\n<div class=\"wp-block-kobu-custom-blocks-responsive-spacer responsive-spacer size-large\"><\/div><br>\n\n<div class=\"wp-block-kobu-custom-blocks-responsive-spacer responsive-spacer size-medium\"><\/div><br>\n\n<p><\/p>\n","protected":false},"excerpt":{"rendered":"<p>D\u00e9couvrez les avantages de choisir CarmoForm pour construire votre espace touristique<\/p>\n","protected":false},"author":1,"featured_media":2079,"parent":9476,"menu_order":0,"comment_status":"closed","ping_status":"closed","template":"templates\/product-category.php","meta":{"_acf_changed":false,"inline_featured_image":false,"footnotes":""},"class_list":["post-9602","page","type-page","status-publish","has-post-thumbnail","hentry"],"acf":[],"_links":{"self":[{"href":"https:\/\/www.carmowood.com\/fr\/wp-json\/wp\/v2\/pages\/9602","targetHints":{"allow":["GET"]}}],"collection":[{"href":"https:\/\/www.carmowood.com\/fr\/wp-json\/wp\/v2\/pages"}],"about":[{"href":"https:\/\/www.carmowood.com\/fr\/wp-json\/wp\/v2\/types\/page"}],"author":[{"embeddable":true,"href":"https:\/\/www.carmowood.com\/fr\/wp-json\/wp\/v2\/users\/1"}],"replies":[{"embeddable":true,"href":"https:\/\/www.carmowood.com\/fr\/wp-json\/wp\/v2\/comments?post=9602"}],"version-history":[{"count":4,"href":"https:\/\/www.carmowood.com\/fr\/wp-json\/wp\/v2\/pages\/9602\/revisions"}],"predecessor-version":[{"id":13459,"href":"https:\/\/www.carmowood.com\/fr\/wp-json\/wp\/v2\/pages\/9602\/revisions\/13459"}],"up":[{"embeddable":true,"href":"https:\/\/www.carmowood.com\/fr\/wp-json\/wp\/v2\/pages\/9476"}],"wp:featuredmedia":[{"embeddable":true,"href":"https:\/\/www.carmowood.com\/fr\/wp-json\/wp\/v2\/media\/2079"}],"wp:attachment":[{"href":"https:\/\/www.carmowood.com\/fr\/wp-json\/wp\/v2\/media?parent=9602"}],"curies":[{"name":"wp","href":"https:\/\/api.w.org\/{rel}","templated":true}]}}