{"id":9504,"date":"2026-01-27T09:51:05","date_gmt":"2026-01-27T09:51:05","guid":{"rendered":"https:\/\/www.carmowood.com\/mobilier-et-equipements-dexterieur\/ecorce-de-pin\/"},"modified":"2026-03-19T16:01:02","modified_gmt":"2026-03-19T16:01:02","slug":"ecorce-de-pin","status":"publish","type":"page","link":"https:\/\/www.carmowood.com\/fr\/carmoform\/solutions\/mobilier-et-equipements-dexterieur\/ecorce-de-pin\/","title":{"rendered":"\u00c9corce de Pin"},"content":{"rendered":"<noscript class=\"loading-lazy\">\n<figure class=\"wp-block-image alignfull size-large\"><img loading=\"lazy\" decoding=\"async\" width=\"2560\" height=\"1094\" src=\"https:\/\/www.carmowood.com\/files\/uploads\/2026\/01\/lazer-e-mobiliario-casca-de-pinheiro-01-scaled.jpg\" alt=\"Carmo\" class=\"wp-image-1815\" srcset=\"https:\/\/www.carmowood.com\/files\/uploads\/2026\/01\/lazer-e-mobiliario-casca-de-pinheiro-01-scaled.jpg 2560w, https:\/\/www.carmowood.com\/files\/uploads\/2026\/01\/lazer-e-mobiliario-casca-de-pinheiro-01-300x128.jpg 300w, https:\/\/www.carmowood.com\/files\/uploads\/2026\/01\/lazer-e-mobiliario-casca-de-pinheiro-01-1024x438.jpg 1024w, https:\/\/www.carmowood.com\/files\/uploads\/2026\/01\/lazer-e-mobiliario-casca-de-pinheiro-01-768x328.jpg 768w, https:\/\/www.carmowood.com\/files\/uploads\/2026\/01\/lazer-e-mobiliario-casca-de-pinheiro-01-1536x656.jpg 1536w, https:\/\/www.carmowood.com\/files\/uploads\/2026\/01\/lazer-e-mobiliario-casca-de-pinheiro-01-2048x875.jpg 2048w\" sizes=\"auto, (max-width: 2560px) 100vw, 2560px\" \/><\/figure>\n<\/noscript>\n<div class=\"wp-block-kobu-custom-blocks-section-wrapper alignfull kobu-section has-background has-lightbrown-background-color\">\n<div class=\"wp-block-kobu-custom-blocks-responsive-spacer responsive-spacer size-large\"><\/div><br>\n\n\n\n<h2 class=\"wp-block-heading alignwide\"><strong>\u00c9corce de Pin<\/strong><\/h2>\n\n\n\n<div class=\"wp-block-columns alignmediumsmall is-layout-flex wp-container-core-columns-is-layout-9d6595d7 wp-block-columns-is-layout-flex\">\n<div class=\"wp-block-column is-layout-flow wp-block-column-is-layout-flow\">\n<p class=\"has-playfair-display-font-family has-medium-font-size\">L&#8217;\u00e9corce de pin CarmoForm est une solution naturelle et durable, id\u00e9ale pour tous ceux qui recherchent un paillis de haute qualit\u00e9.<\/p>\n<\/div>\n\n\n\n<div class=\"wp-block-column is-layout-flow wp-block-column-is-layout-flow\">\n<p>Ce produit, fabriqu\u00e9 \u00e0 partir d&#8217;\u00e9corce de pin tamis\u00e9e et calibr\u00e9e, garantit une application sans poussi\u00e8re, favorisant ainsi un environnement propre et agr\u00e9able.<\/p>\n\n\n\n<p>L&#8217;un de ses principaux avantages est sa capacit\u00e9 \u00e0 r\u00e9duire l&#8217;arrosage et \u00e0 retenir l&#8217;humidit\u00e9 dans le sol, favorisant ainsi un environnement propice \u00e0 la croissance saine des plantes.<\/p>\n\n\n\n<p>Nous proposons diff\u00e9rentes granulom\u00e9tries, en sacs ou en vrac, adapt\u00e9es aux divers besoins de nos clients. Les \u00e9corces de pin CarmoForm sont le choix id\u00e9al pour embellir et prot\u00e9ger vos espaces verts.<\/p>\n<\/div>\n<\/div>\n\n\n\n<div class=\"wp-block-kobu-custom-blocks-responsive-spacer responsive-spacer size-large\"><\/div><br>\n<\/div>\n\n<div class=\"wp-block-kobu-custom-blocks-responsive-spacer responsive-spacer size-large\"><\/div><br>\n\n<h2 class=\"wp-block-heading alignwide\"><span aria-hidden=\"true\">Choisissez votre type d&#8217;\u00e9corce de pin<\/span><\/h2>\n    <div class=\"products-list-block alignfull\">\n        <div class=\"products \">\n            \n<div class=\"article list-product \">\n    <a href=\"https:\/\/www.carmowood.com\/fr\/produtos\/ecorce-de-pin-incorporatrice\/\">\n        <div class=\"img-wrapper\">\n                                <img loading=\"lazy\" decoding=\"async\" width=\"1216\" height=\"652\" src=\"https:\/\/www.carmowood.com\/files\/uploads\/2026\/01\/lazer-e-mobiliario-casca-de-pinheiro-02.jpg\" class=\"coverimg\" alt=\"\" sizes=\"auto, 100vw\" srcset=\"https:\/\/www.carmowood.com\/files\/uploads\/2026\/01\/lazer-e-mobiliario-casca-de-pinheiro-02.jpg 1216w, https:\/\/www.carmowood.com\/files\/uploads\/2026\/01\/lazer-e-mobiliario-casca-de-pinheiro-02-300x161.jpg 300w, https:\/\/www.carmowood.com\/files\/uploads\/2026\/01\/lazer-e-mobiliario-casca-de-pinheiro-02-1024x549.jpg 1024w, https:\/\/www.carmowood.com\/files\/uploads\/2026\/01\/lazer-e-mobiliario-casca-de-pinheiro-02-768x412.jpg 768w\" \/>                        <\/div>\n        <div class=\"content-wrapper\">\n            <div class=\"title-wrapper\">\n                <h3 class=\"post-title\">\u00c9corce de pin incorporatrice<\/h3>\n                <div class=\"diagonal-arrow\"><svg xmlns=\"http:\/\/www.w3.org\/2000\/svg\" width=\"12\" height=\"12\" viewBox=\"0 0 12 12\"><g fill=\"none\" fill-rule=\"evenodd\" stroke=\"#31261D\" transform=\"translate(.6 .6)\"><polyline stroke-width=\"2\" points=\"2.4 .4 10.4 .4 10.4 8.4\"\/><line x1=\".4\" x2=\"10.4\" y1=\"10.4\" y2=\".4\" stroke-width=\"2\"\/><\/g><\/svg><\/div>\n            <\/div>\n        <\/div>\n    <\/a>\n<\/div>\n<div class=\"article list-product \">\n    <a href=\"https:\/\/www.carmowood.com\/fr\/produtos\/ecorce-de-pin-ornemental\/\">\n        <div class=\"img-wrapper\">\n                                <img loading=\"lazy\" decoding=\"async\" width=\"1216\" height=\"652\" src=\"https:\/\/www.carmowood.com\/files\/uploads\/2026\/01\/lazer-e-mobiliario-casca-de-pinheiro-02.jpg\" class=\"coverimg\" alt=\"\" sizes=\"auto, 100vw\" srcset=\"https:\/\/www.carmowood.com\/files\/uploads\/2026\/01\/lazer-e-mobiliario-casca-de-pinheiro-02.jpg 1216w, https:\/\/www.carmowood.com\/files\/uploads\/2026\/01\/lazer-e-mobiliario-casca-de-pinheiro-02-300x161.jpg 300w, https:\/\/www.carmowood.com\/files\/uploads\/2026\/01\/lazer-e-mobiliario-casca-de-pinheiro-02-1024x549.jpg 1024w, https:\/\/www.carmowood.com\/files\/uploads\/2026\/01\/lazer-e-mobiliario-casca-de-pinheiro-02-768x412.jpg 768w\" \/>                        <\/div>\n        <div class=\"content-wrapper\">\n            <div class=\"title-wrapper\">\n                <h3 class=\"post-title\">\u00c9corce de pin ornemental<\/h3>\n                <div class=\"diagonal-arrow\"><svg xmlns=\"http:\/\/www.w3.org\/2000\/svg\" width=\"12\" height=\"12\" viewBox=\"0 0 12 12\"><g fill=\"none\" fill-rule=\"evenodd\" stroke=\"#31261D\" transform=\"translate(.6 .6)\"><polyline stroke-width=\"2\" points=\"2.4 .4 10.4 .4 10.4 8.4\"\/><line x1=\".4\" x2=\"10.4\" y1=\"10.4\" y2=\".4\" stroke-width=\"2\"\/><\/g><\/svg><\/div>\n            <\/div>\n        <\/div>\n    <\/a>\n<\/div>\n<div class=\"article list-product \">\n    <a href=\"https:\/\/www.carmowood.com\/fr\/produtos\/ecorce-de-pin-decorative\/\">\n        <div class=\"img-wrapper\">\n                                <img loading=\"lazy\" decoding=\"async\" width=\"1216\" height=\"652\" src=\"https:\/\/www.carmowood.com\/files\/uploads\/2026\/01\/lazer-e-mobiliario-casca-de-pinheiro-02.jpg\" class=\"coverimg\" alt=\"\" sizes=\"auto, 100vw\" srcset=\"https:\/\/www.carmowood.com\/files\/uploads\/2026\/01\/lazer-e-mobiliario-casca-de-pinheiro-02.jpg 1216w, https:\/\/www.carmowood.com\/files\/uploads\/2026\/01\/lazer-e-mobiliario-casca-de-pinheiro-02-300x161.jpg 300w, https:\/\/www.carmowood.com\/files\/uploads\/2026\/01\/lazer-e-mobiliario-casca-de-pinheiro-02-1024x549.jpg 1024w, https:\/\/www.carmowood.com\/files\/uploads\/2026\/01\/lazer-e-mobiliario-casca-de-pinheiro-02-768x412.jpg 768w\" \/>                        <\/div>\n        <div class=\"content-wrapper\">\n            <div class=\"title-wrapper\">\n                <h3 class=\"post-title\">\u00c9corce de pin d\u00e9corative<\/h3>\n                <div class=\"diagonal-arrow\"><svg xmlns=\"http:\/\/www.w3.org\/2000\/svg\" width=\"12\" height=\"12\" viewBox=\"0 0 12 12\"><g fill=\"none\" fill-rule=\"evenodd\" stroke=\"#31261D\" transform=\"translate(.6 .6)\"><polyline stroke-width=\"2\" points=\"2.4 .4 10.4 .4 10.4 8.4\"\/><line x1=\".4\" x2=\"10.4\" y1=\"10.4\" y2=\".4\" stroke-width=\"2\"\/><\/g><\/svg><\/div>\n            <\/div>\n        <\/div>\n    <\/a>\n<\/div>        <\/div>\n    <\/div>\n\n<div class=\"wp-block-kobu-custom-blocks-responsive-spacer responsive-spacer size-large\"><\/div><br>\n\n<h2 class=\"wp-block-heading alignwide\"><span aria-hidden=\"true\">Nos produits Mobilier et \u00e9quipement ext\u00e9rieur<\/span><\/h2>\n    <div class=\"pages-list-block alignwide\">\n        <div class=\"pages three_columns\">\n                            <div class=\"page\">\n                    <a href=\"https:\/\/www.carmowood.com\/fr\/carmoform\/solutions\/mobilier-et-equipements-dexterieur\/mobilier-urbain\/\">\n                        <img loading=\"lazy\" decoding=\"async\" width=\"640\" height=\"273\" src=\"https:\/\/www.carmowood.com\/files\/uploads\/2026\/01\/lazer-e-mobiliario-mobiliario-urbano-01-768x328.jpg\" class=\"coverimg\" alt=\"\" sizes=\"auto, (min-width: 601px) 50vw, 100vw\" srcset=\"https:\/\/www.carmowood.com\/files\/uploads\/2026\/01\/lazer-e-mobiliario-mobiliario-urbano-01-768x328.jpg 768w, https:\/\/www.carmowood.com\/files\/uploads\/2026\/01\/lazer-e-mobiliario-mobiliario-urbano-01-300x128.jpg 300w, https:\/\/www.carmowood.com\/files\/uploads\/2026\/01\/lazer-e-mobiliario-mobiliario-urbano-01-1024x437.jpg 1024w, https:\/\/www.carmowood.com\/files\/uploads\/2026\/01\/lazer-e-mobiliario-mobiliario-urbano-01-1536x656.jpg 1536w, https:\/\/www.carmowood.com\/files\/uploads\/2026\/01\/lazer-e-mobiliario-mobiliario-urbano-01.jpg 1920w\" \/>                        <div class=\"title-wrapper\">\n                            <h3>Mobilier Urbain<\/h3>\n                        <\/div>\n                    <\/a>\n                <\/div>\n                            <div class=\"page\">\n                    <a href=\"https:\/\/www.carmowood.com\/fr\/carmoform\/solutions\/mobilier-et-equipements-dexterieur\/petites-structures\/\">\n                        <img loading=\"lazy\" decoding=\"async\" width=\"640\" height=\"336\" src=\"https:\/\/www.carmowood.com\/files\/uploads\/2026\/01\/lazer-e-mobiliario-pequenas-estruturas-em-madeira-49-768x403.jpg\" class=\"coverimg\" alt=\"\" sizes=\"auto, (min-width: 601px) 50vw, 100vw\" srcset=\"https:\/\/www.carmowood.com\/files\/uploads\/2026\/01\/lazer-e-mobiliario-pequenas-estruturas-em-madeira-49-768x403.jpg 768w, https:\/\/www.carmowood.com\/files\/uploads\/2026\/01\/lazer-e-mobiliario-pequenas-estruturas-em-madeira-49-300x158.jpg 300w, https:\/\/www.carmowood.com\/files\/uploads\/2026\/01\/lazer-e-mobiliario-pequenas-estruturas-em-madeira-49-1024x538.jpg 1024w, https:\/\/www.carmowood.com\/files\/uploads\/2026\/01\/lazer-e-mobiliario-pequenas-estruturas-em-madeira-49.jpg 1200w\" \/>                        <div class=\"title-wrapper\">\n                            <h3>Petites Structures<\/h3>\n                        <\/div>\n                    <\/a>\n                <\/div>\n                            <div class=\"page\">\n                    <a href=\"https:\/\/www.carmowood.com\/fr\/carmoform\/solutions\/mobilier-et-equipements-dexterieur\/equipements-de-jardin\/\">\n                        <img loading=\"lazy\" decoding=\"async\" width=\"640\" height=\"272\" src=\"https:\/\/www.carmowood.com\/files\/uploads\/2026\/01\/lazer-e-mobiliario-equipamentos-de-jardim-01-768x326.jpg\" class=\"coverimg\" alt=\"\" sizes=\"auto, (min-width: 601px) 50vw, 100vw\" srcset=\"https:\/\/www.carmowood.com\/files\/uploads\/2026\/01\/lazer-e-mobiliario-equipamentos-de-jardim-01-768x326.jpg 768w, https:\/\/www.carmowood.com\/files\/uploads\/2026\/01\/lazer-e-mobiliario-equipamentos-de-jardim-01-300x127.jpg 300w, https:\/\/www.carmowood.com\/files\/uploads\/2026\/01\/lazer-e-mobiliario-equipamentos-de-jardim-01-1024x435.jpg 1024w, https:\/\/www.carmowood.com\/files\/uploads\/2026\/01\/lazer-e-mobiliario-equipamentos-de-jardim-01.jpg 1216w\" \/>                        <div class=\"title-wrapper\">\n                            <h3>\u00c9quipements de Jardin<\/h3>\n                        <\/div>\n                    <\/a>\n                <\/div>\n                            <div class=\"page\">\n                    <a href=\"https:\/\/www.carmowood.com\/fr\/carmoform\/solutions\/mobilier-et-equipements-dexterieur\/toitures-et-chapeaux-de-chaume\/\">\n                        <img loading=\"lazy\" decoding=\"async\" width=\"640\" height=\"304\" src=\"https:\/\/www.carmowood.com\/files\/uploads\/2026\/02\/lazer-e-mobiliario-telhados-e-chapeus-de-colmo-01-768x365.webp\" class=\"coverimg\" alt=\"\" sizes=\"auto, (min-width: 601px) 50vw, 100vw\" srcset=\"https:\/\/www.carmowood.com\/files\/uploads\/2026\/02\/lazer-e-mobiliario-telhados-e-chapeus-de-colmo-01-768x365.webp 768w, https:\/\/www.carmowood.com\/files\/uploads\/2026\/02\/lazer-e-mobiliario-telhados-e-chapeus-de-colmo-01-300x143.webp 300w, https:\/\/www.carmowood.com\/files\/uploads\/2026\/02\/lazer-e-mobiliario-telhados-e-chapeus-de-colmo-01-1024x487.webp 1024w, https:\/\/www.carmowood.com\/files\/uploads\/2026\/02\/lazer-e-mobiliario-telhados-e-chapeus-de-colmo-01-1536x730.webp 1536w, https:\/\/www.carmowood.com\/files\/uploads\/2026\/02\/lazer-e-mobiliario-telhados-e-chapeus-de-colmo-01-2048x973.webp 2048w\" \/>                        <div class=\"title-wrapper\">\n                            <h3>Toitures et Chapeaux de Chaume<\/h3>\n                        <\/div>\n                    <\/a>\n                <\/div>\n                            <div class=\"page\">\n                    <a href=\"https:\/\/www.carmowood.com\/fr\/carmoform\/solutions\/mobilier-et-equipements-dexterieur\/mobilier-design\/\">\n                        <img loading=\"lazy\" decoding=\"async\" width=\"640\" height=\"273\" src=\"https:\/\/www.carmowood.com\/files\/uploads\/2026\/01\/lazer-e-mobiliario-mobiliario-de-design-01-768x328.jpg\" class=\"coverimg\" alt=\"\" sizes=\"auto, (min-width: 601px) 50vw, 100vw\" srcset=\"https:\/\/www.carmowood.com\/files\/uploads\/2026\/01\/lazer-e-mobiliario-mobiliario-de-design-01-768x328.jpg 768w, https:\/\/www.carmowood.com\/files\/uploads\/2026\/01\/lazer-e-mobiliario-mobiliario-de-design-01-300x128.jpg 300w, https:\/\/www.carmowood.com\/files\/uploads\/2026\/01\/lazer-e-mobiliario-mobiliario-de-design-01-1024x437.jpg 1024w, https:\/\/www.carmowood.com\/files\/uploads\/2026\/01\/lazer-e-mobiliario-mobiliario-de-design-01-1536x656.jpg 1536w, https:\/\/www.carmowood.com\/files\/uploads\/2026\/01\/lazer-e-mobiliario-mobiliario-de-design-01.jpg 1920w\" \/>                        <div class=\"title-wrapper\">\n                            <h3>Mobilier design<\/h3>\n                        <\/div>\n                    <\/a>\n                <\/div>\n                            <div class=\"page\">\n                    <a href=\"https:\/\/www.carmowood.com\/fr\/carmoform\/solutions\/mobilier-et-equipements-dexterieur\/espaces-de-loisirs\/\">\n                        <img loading=\"lazy\" decoding=\"async\" width=\"640\" height=\"273\" src=\"https:\/\/www.carmowood.com\/files\/uploads\/2026\/01\/lazer-e-mobiliario-espacos-de-lazer-01-768x328.jpg\" class=\"coverimg\" alt=\"\" sizes=\"auto, (min-width: 601px) 50vw, 100vw\" srcset=\"https:\/\/www.carmowood.com\/files\/uploads\/2026\/01\/lazer-e-mobiliario-espacos-de-lazer-01-768x328.jpg 768w, https:\/\/www.carmowood.com\/files\/uploads\/2026\/01\/lazer-e-mobiliario-espacos-de-lazer-01-300x128.jpg 300w, https:\/\/www.carmowood.com\/files\/uploads\/2026\/01\/lazer-e-mobiliario-espacos-de-lazer-01-1024x437.jpg 1024w, https:\/\/www.carmowood.com\/files\/uploads\/2026\/01\/lazer-e-mobiliario-espacos-de-lazer-01-1536x656.jpg 1536w, https:\/\/www.carmowood.com\/files\/uploads\/2026\/01\/lazer-e-mobiliario-espacos-de-lazer-01.jpg 1920w\" \/>                        <div class=\"title-wrapper\">\n                            <h3>Espaces de Loisirs<\/h3>\n                        <\/div>\n                    <\/a>\n                <\/div>\n                            <div class=\"page\">\n                    <a href=\"https:\/\/www.carmowood.com\/fr\/carmoform\/solutions\/mobilier-et-equipements-dexterieur\/aires-de-jeux\/\">\n                        <img loading=\"lazy\" decoding=\"async\" width=\"640\" height=\"273\" src=\"https:\/\/www.carmowood.com\/files\/uploads\/2026\/01\/lazer-e-mobiliario-parques-infantis-em-madeira-01-768x328.jpg\" class=\"coverimg\" alt=\"\" sizes=\"auto, (min-width: 601px) 50vw, 100vw\" srcset=\"https:\/\/www.carmowood.com\/files\/uploads\/2026\/01\/lazer-e-mobiliario-parques-infantis-em-madeira-01-768x328.jpg 768w, https:\/\/www.carmowood.com\/files\/uploads\/2026\/01\/lazer-e-mobiliario-parques-infantis-em-madeira-01-300x128.jpg 300w, https:\/\/www.carmowood.com\/files\/uploads\/2026\/01\/lazer-e-mobiliario-parques-infantis-em-madeira-01-1024x437.jpg 1024w, https:\/\/www.carmowood.com\/files\/uploads\/2026\/01\/lazer-e-mobiliario-parques-infantis-em-madeira-01-1536x656.jpg 1536w, https:\/\/www.carmowood.com\/files\/uploads\/2026\/01\/lazer-e-mobiliario-parques-infantis-em-madeira-01-2048x875.jpg 2048w\" \/>                        <div class=\"title-wrapper\">\n                            <h3>Aires de Jeux<\/h3>\n                        <\/div>\n                    <\/a>\n                <\/div>\n                            <div class=\"page\">\n                    <a href=\"https:\/\/www.carmowood.com\/fr\/carmoform\/solutions\/mobilier-et-equipements-dexterieur\/tournage-et-clotures\/\">\n                        <img loading=\"lazy\" decoding=\"async\" width=\"640\" height=\"273\" src=\"https:\/\/www.carmowood.com\/files\/uploads\/2026\/01\/lazer-e-mobiliario-torneados-e-vedacoes-01-768x328.jpg\" class=\"coverimg\" alt=\"\" sizes=\"auto, (min-width: 601px) 50vw, 100vw\" srcset=\"https:\/\/www.carmowood.com\/files\/uploads\/2026\/01\/lazer-e-mobiliario-torneados-e-vedacoes-01-768x328.jpg 768w, https:\/\/www.carmowood.com\/files\/uploads\/2026\/01\/lazer-e-mobiliario-torneados-e-vedacoes-01-300x128.jpg 300w, https:\/\/www.carmowood.com\/files\/uploads\/2026\/01\/lazer-e-mobiliario-torneados-e-vedacoes-01-1024x437.jpg 1024w, https:\/\/www.carmowood.com\/files\/uploads\/2026\/01\/lazer-e-mobiliario-torneados-e-vedacoes-01-1536x656.jpg 1536w, https:\/\/www.carmowood.com\/files\/uploads\/2026\/01\/lazer-e-mobiliario-torneados-e-vedacoes-01.jpg 1920w\" \/>                        <div class=\"title-wrapper\">\n                            <h3>Tournage et Cl\u00f4tures<\/h3>\n                        <\/div>\n                    <\/a>\n                <\/div>\n                            <div class=\"page\">\n                    <a href=\"https:\/\/www.carmowood.com\/fr\/carmoform\/solutions\/mobilier-et-equipements-dexterieur\/espaces-touristiques\/\">\n                        <img loading=\"lazy\" decoding=\"async\" width=\"640\" height=\"273\" src=\"https:\/\/www.carmowood.com\/files\/uploads\/2026\/01\/lazer-e-mobiliario-espacos-turisticos-01-768x328.jpg\" class=\"coverimg\" alt=\"\" sizes=\"auto, (min-width: 601px) 50vw, 100vw\" srcset=\"https:\/\/www.carmowood.com\/files\/uploads\/2026\/01\/lazer-e-mobiliario-espacos-turisticos-01-768x328.jpg 768w, https:\/\/www.carmowood.com\/files\/uploads\/2026\/01\/lazer-e-mobiliario-espacos-turisticos-01-300x128.jpg 300w, https:\/\/www.carmowood.com\/files\/uploads\/2026\/01\/lazer-e-mobiliario-espacos-turisticos-01-1024x437.jpg 1024w, https:\/\/www.carmowood.com\/files\/uploads\/2026\/01\/lazer-e-mobiliario-espacos-turisticos-01-1536x656.jpg 1536w, https:\/\/www.carmowood.com\/files\/uploads\/2026\/01\/lazer-e-mobiliario-espacos-turisticos-01.jpg 1920w\" \/>                        <div class=\"title-wrapper\">\n                            <h3>Espaces Touristiques<\/h3>\n                        <\/div>\n                    <\/a>\n                <\/div>\n                            <div class=\"page\">\n                    <a href=\"https:\/\/www.carmowood.com\/fr\/carmoform\/solutions\/mobilier-et-equipements-dexterieur\/mobilier-rustique\/\">\n                        <img loading=\"lazy\" decoding=\"async\" width=\"640\" height=\"273\" src=\"https:\/\/www.carmowood.com\/files\/uploads\/2026\/01\/lazer-e-mobiliario-mobiliario-rustico-01-768x328.jpg\" class=\"coverimg\" alt=\"\" sizes=\"auto, (min-width: 601px) 50vw, 100vw\" srcset=\"https:\/\/www.carmowood.com\/files\/uploads\/2026\/01\/lazer-e-mobiliario-mobiliario-rustico-01-768x328.jpg 768w, https:\/\/www.carmowood.com\/files\/uploads\/2026\/01\/lazer-e-mobiliario-mobiliario-rustico-01-300x128.jpg 300w, https:\/\/www.carmowood.com\/files\/uploads\/2026\/01\/lazer-e-mobiliario-mobiliario-rustico-01-1024x437.jpg 1024w, https:\/\/www.carmowood.com\/files\/uploads\/2026\/01\/lazer-e-mobiliario-mobiliario-rustico-01-1536x656.jpg 1536w, https:\/\/www.carmowood.com\/files\/uploads\/2026\/01\/lazer-e-mobiliario-mobiliario-rustico-01-2048x875.jpg 2048w\" \/>                        <div class=\"title-wrapper\">\n                            <h3>Mobilier Rustique<\/h3>\n                        <\/div>\n                    <\/a>\n                <\/div>\n                            <div class=\"page\">\n                    <a href=\"https:\/\/www.carmowood.com\/fr\/carmoform\/solutions\/mobilier-et-equipements-dexterieur\/espaces-urbains\/\">\n                        <img loading=\"lazy\" decoding=\"async\" width=\"640\" height=\"336\" src=\"https:\/\/www.carmowood.com\/files\/uploads\/2026\/01\/lazer-e-mobiliario-espacos-urbanos-18-768x403.jpg\" class=\"coverimg\" alt=\"\" sizes=\"auto, (min-width: 601px) 50vw, 100vw\" srcset=\"https:\/\/www.carmowood.com\/files\/uploads\/2026\/01\/lazer-e-mobiliario-espacos-urbanos-18-768x403.jpg 768w, https:\/\/www.carmowood.com\/files\/uploads\/2026\/01\/lazer-e-mobiliario-espacos-urbanos-18-300x158.jpg 300w, https:\/\/www.carmowood.com\/files\/uploads\/2026\/01\/lazer-e-mobiliario-espacos-urbanos-18-1024x538.jpg 1024w, https:\/\/www.carmowood.com\/files\/uploads\/2026\/01\/lazer-e-mobiliario-espacos-urbanos-18.jpg 1200w\" \/>                        <div class=\"title-wrapper\">\n                            <h3>Espaces Urbains<\/h3>\n                        <\/div>\n                    <\/a>\n                <\/div>\n                            <div class=\"page\">\n                    <a href=\"https:\/\/www.carmowood.com\/fr\/carmoform\/solutions\/mobilier-et-equipements-dexterieur\/luminaires-signaletique-et-autres\/\">\n                        <img loading=\"lazy\" decoding=\"async\" width=\"640\" height=\"273\" src=\"https:\/\/www.carmowood.com\/files\/uploads\/2026\/01\/lazer-e-mobiliario-luminarias-sinaletica-e-outros-01-768x328.jpg\" class=\"coverimg\" alt=\"\" sizes=\"auto, (min-width: 601px) 50vw, 100vw\" srcset=\"https:\/\/www.carmowood.com\/files\/uploads\/2026\/01\/lazer-e-mobiliario-luminarias-sinaletica-e-outros-01-768x328.jpg 768w, https:\/\/www.carmowood.com\/files\/uploads\/2026\/01\/lazer-e-mobiliario-luminarias-sinaletica-e-outros-01-300x128.jpg 300w, https:\/\/www.carmowood.com\/files\/uploads\/2026\/01\/lazer-e-mobiliario-luminarias-sinaletica-e-outros-01-1024x437.jpg 1024w, https:\/\/www.carmowood.com\/files\/uploads\/2026\/01\/lazer-e-mobiliario-luminarias-sinaletica-e-outros-01-1536x656.jpg 1536w, https:\/\/www.carmowood.com\/files\/uploads\/2026\/01\/lazer-e-mobiliario-luminarias-sinaletica-e-outros-01.jpg 1920w\" \/>                        <div class=\"title-wrapper\">\n                            <h3>Luminaires, Signal\u00e9tique et Autres<\/h3>\n                        <\/div>\n                    <\/a>\n                <\/div>\n                    <\/div>\n    <\/div>\n    ","protected":false},"excerpt":{"rendered":"<p>Choisissez votre type d&#8217;\u00e9corce de pin<\/p>\n","protected":false},"author":1,"featured_media":1816,"parent":9476,"menu_order":0,"comment_status":"closed","ping_status":"closed","template":"templates\/product-category.php","meta":{"_acf_changed":false,"inline_featured_image":false,"footnotes":""},"class_list":["post-9504","page","type-page","status-publish","has-post-thumbnail","hentry"],"acf":[],"_links":{"self":[{"href":"https:\/\/www.carmowood.com\/fr\/wp-json\/wp\/v2\/pages\/9504","targetHints":{"allow":["GET"]}}],"collection":[{"href":"https:\/\/www.carmowood.com\/fr\/wp-json\/wp\/v2\/pages"}],"about":[{"href":"https:\/\/www.carmowood.com\/fr\/wp-json\/wp\/v2\/types\/page"}],"author":[{"embeddable":true,"href":"https:\/\/www.carmowood.com\/fr\/wp-json\/wp\/v2\/users\/1"}],"replies":[{"embeddable":true,"href":"https:\/\/www.carmowood.com\/fr\/wp-json\/wp\/v2\/comments?post=9504"}],"version-history":[{"count":1,"href":"https:\/\/www.carmowood.com\/fr\/wp-json\/wp\/v2\/pages\/9504\/revisions"}],"predecessor-version":[{"id":9505,"href":"https:\/\/www.carmowood.com\/fr\/wp-json\/wp\/v2\/pages\/9504\/revisions\/9505"}],"up":[{"embeddable":true,"href":"https:\/\/www.carmowood.com\/fr\/wp-json\/wp\/v2\/pages\/9476"}],"wp:featuredmedia":[{"embeddable":true,"href":"https:\/\/www.carmowood.com\/fr\/wp-json\/wp\/v2\/media\/1816"}],"wp:attachment":[{"href":"https:\/\/www.carmowood.com\/fr\/wp-json\/wp\/v2\/media?parent=9504"}],"curies":[{"name":"wp","href":"https:\/\/api.w.org\/{rel}","templated":true}]}}