{"id":9430,"date":"2026-01-27T09:50:17","date_gmt":"2026-01-27T09:50:17","guid":{"rendered":"https:\/\/www.carmowood.com\/construction-modulaire\/maisons-nature\/"},"modified":"2026-03-19T15:40:05","modified_gmt":"2026-03-19T15:40:05","slug":"maisons-nature","status":"publish","type":"page","link":"https:\/\/www.carmowood.com\/fr\/carmoform\/solutions\/construction-modulaire\/maisons-nature\/","title":{"rendered":"Maisons Nature"},"content":{"rendered":"<noscript class=\"loading-lazy\">\n<figure class=\"wp-block-image alignfull size-large\"><img loading=\"lazy\" decoding=\"async\" width=\"1024\" height=\"683\" src=\"https:\/\/www.carmowood.com\/files\/uploads\/2026\/03\/Nature-homes-foto-inicial-1024x683.webp\" alt=\"\" class=\"wp-image-12756\" srcset=\"https:\/\/www.carmowood.com\/files\/uploads\/2026\/03\/Nature-homes-foto-inicial-1024x683.webp 1024w, https:\/\/www.carmowood.com\/files\/uploads\/2026\/03\/Nature-homes-foto-inicial-300x200.webp 300w, https:\/\/www.carmowood.com\/files\/uploads\/2026\/03\/Nature-homes-foto-inicial-768x512.webp 768w, https:\/\/www.carmowood.com\/files\/uploads\/2026\/03\/Nature-homes-foto-inicial.webp 1536w\" sizes=\"auto, (max-width: 1024px) 100vw, 1024px\" \/><\/figure>\n<\/noscript>\n<div class=\"wp-block-kobu-custom-blocks-responsive-spacer responsive-spacer size-large\"><\/div><br>\n\n<div class=\"wp-block-kobu-custom-blocks-section-wrapper kobu-section alignmediumlarge\">\n<div class=\"wp-block-columns alignwide two-columns-wide-left is-layout-flex wp-container-core-columns-is-layout-9d6595d7 wp-block-columns-is-layout-flex\">\n<div class=\"wp-block-column is-layout-flow wp-block-column-is-layout-flow\" style=\"flex-basis:30%\">\n<h3 class=\"wp-block-heading alignwide\"><span aria-hidden=\"true\"><span aria-hidden=\"true\">D\u00e9couvrez les avantages de choisir CarmoForm pour construire votre Nature Home<\/span><\/span><\/h3>\n\n\n\n<p>Les Nature Homes de CarmoForm sont des solutions r\u00e9sidentielles innovantes et int\u00e9gr\u00e9es dans la nature. Disponibles en T2, T3 et T4, ces maisons modulaires sont construites en CLT (Cross-Laminated Timber), suivant le m\u00eame concept que nos BlockHouses.<\/p>\n\n\n\n<p>L&#8217;approche \u00ab cl\u00e9 en main \u00bb vous garantit de pouvoir profiter de votre nouvelle maison en peu de temps, sans sacrifier la qualit\u00e9 et le confort. Chaque unit\u00e9 est fabriqu\u00e9e en environ deux mois et demi, avec un d\u00e9lai de livraison maximal de six mois.<\/p>\n<\/div>\n\n\n\n<div class=\"wp-block-column is-layout-flow wp-block-column-is-layout-flow\" style=\"flex-basis:60%\">\n<div class=\"wp-block-kobu-custom-blocks-slider-gallery is-style-default\"><div class=\"slider-gallery gallery-container hidden  \"><div class=\"gallery \" role=\"list\"><div class=\"slide\" role=\"listitem\"><div class=\"figure-wrapper\"><figure><img loading=\"lazy\" decoding=\"async\" width=\"1720\" height=\"1080\" class=\"wp-image-12752\" src=\"https:\/\/www.carmowood.com\/files\/uploads\/2026\/03\/nature-home-landscape.webp\" alt=\"\" sizes=\"auto, (min-width: 601px) 80vw, 100vw\" srcset=\"https:\/\/www.carmowood.com\/files\/uploads\/2026\/03\/nature-home-landscape.webp 1720w, https:\/\/www.carmowood.com\/files\/uploads\/2026\/03\/nature-home-landscape-300x188.webp 300w, https:\/\/www.carmowood.com\/files\/uploads\/2026\/03\/nature-home-landscape-1024x643.webp 1024w, https:\/\/www.carmowood.com\/files\/uploads\/2026\/03\/nature-home-landscape-768x482.webp 768w, https:\/\/www.carmowood.com\/files\/uploads\/2026\/03\/nature-home-landscape-1536x964.webp 1536w\" \/><\/figure><\/div><\/div><div class=\"slide\" role=\"listitem\"><div class=\"figure-wrapper\"><figure><img loading=\"lazy\" decoding=\"async\" width=\"1434\" height=\"1080\" class=\"wp-image-12748\" src=\"https:\/\/www.carmowood.com\/files\/uploads\/2026\/03\/nature-home-premium.webp\" alt=\"\" sizes=\"auto, (min-width: 601px) 80vw, 100vw\" srcset=\"https:\/\/www.carmowood.com\/files\/uploads\/2026\/03\/nature-home-premium.webp 1434w, https:\/\/www.carmowood.com\/files\/uploads\/2026\/03\/nature-home-premium-300x226.webp 300w, https:\/\/www.carmowood.com\/files\/uploads\/2026\/03\/nature-home-premium-1024x771.webp 1024w, https:\/\/www.carmowood.com\/files\/uploads\/2026\/03\/nature-home-premium-768x578.webp 768w\" \/><\/figure><\/div><\/div><div class=\"slide\" role=\"listitem\"><div class=\"figure-wrapper\"><figure><img loading=\"lazy\" decoding=\"async\" width=\"1928\" height=\"1080\" class=\"wp-image-12744\" src=\"https:\/\/www.carmowood.com\/files\/uploads\/2026\/03\/nature-home-perspective.webp\" alt=\"\" sizes=\"auto, (min-width: 601px) 80vw, 100vw\" srcset=\"https:\/\/www.carmowood.com\/files\/uploads\/2026\/03\/nature-home-perspective.webp 1928w, https:\/\/www.carmowood.com\/files\/uploads\/2026\/03\/nature-home-perspective-300x168.webp 300w, https:\/\/www.carmowood.com\/files\/uploads\/2026\/03\/nature-home-perspective-1024x574.webp 1024w, https:\/\/www.carmowood.com\/files\/uploads\/2026\/03\/nature-home-perspective-768x430.webp 768w, https:\/\/www.carmowood.com\/files\/uploads\/2026\/03\/nature-home-perspective-1536x860.webp 1536w\" \/><\/figure><\/div><\/div><div class=\"slide\" role=\"listitem\"><div class=\"figure-wrapper\"><figure><img loading=\"lazy\" decoding=\"async\" width=\"1928\" height=\"1080\" class=\"wp-image-12740\" src=\"https:\/\/www.carmowood.com\/files\/uploads\/2026\/03\/nature-home-front.webp\" alt=\"\" sizes=\"auto, (min-width: 601px) 80vw, 100vw\" srcset=\"https:\/\/www.carmowood.com\/files\/uploads\/2026\/03\/nature-home-front.webp 1928w, https:\/\/www.carmowood.com\/files\/uploads\/2026\/03\/nature-home-front-300x168.webp 300w, https:\/\/www.carmowood.com\/files\/uploads\/2026\/03\/nature-home-front-1024x574.webp 1024w, https:\/\/www.carmowood.com\/files\/uploads\/2026\/03\/nature-home-front-768x430.webp 768w, https:\/\/www.carmowood.com\/files\/uploads\/2026\/03\/nature-home-front-1536x860.webp 1536w\" \/><\/figure><\/div><\/div><\/div><\/div><\/div><br>\n<\/div>\n<\/div>\n<\/div>\n\n<div class=\"wp-block-kobu-custom-blocks-responsive-spacer responsive-spacer size-large\"><\/div><br>\n\n<h2 class=\"wp-block-heading alignwide\"><span aria-hidden=\"true\">Typologies<\/span><\/h2>\n    <div class=\"products-list-block alignfull\">\n        <div class=\"products three_columns\">\n            \n<div class=\"article list-product \">\n    <a href=\"https:\/\/www.carmowood.com\/fr\/produtos\/nature-homes-t2\/\">\n        <div class=\"img-wrapper\">\n                                <img loading=\"lazy\" decoding=\"async\" width=\"842\" height=\"521\" src=\"https:\/\/www.carmowood.com\/files\/uploads\/2026\/01\/construcao-modular-nature-homes-14.jpg\" class=\"coverimg\" alt=\"\" sizes=\"auto, 100vw\" srcset=\"https:\/\/www.carmowood.com\/files\/uploads\/2026\/01\/construcao-modular-nature-homes-14.jpg 842w, https:\/\/www.carmowood.com\/files\/uploads\/2026\/01\/construcao-modular-nature-homes-14-300x186.jpg 300w, https:\/\/www.carmowood.com\/files\/uploads\/2026\/01\/construcao-modular-nature-homes-14-768x475.jpg 768w\" \/>                        <\/div>\n        <div class=\"content-wrapper\">\n            <div class=\"title-wrapper\">\n                <h3 class=\"post-title\">Nature homes T2<\/h3>\n                <div class=\"diagonal-arrow\"><svg xmlns=\"http:\/\/www.w3.org\/2000\/svg\" width=\"12\" height=\"12\" viewBox=\"0 0 12 12\"><g fill=\"none\" fill-rule=\"evenodd\" stroke=\"#31261D\" transform=\"translate(.6 .6)\"><polyline stroke-width=\"2\" points=\"2.4 .4 10.4 .4 10.4 8.4\"\/><line x1=\".4\" x2=\"10.4\" y1=\"10.4\" y2=\".4\" stroke-width=\"2\"\/><\/g><\/svg><\/div>\n            <\/div>\n        <\/div>\n    <\/a>\n<\/div>\n<div class=\"article list-product \">\n    <a href=\"https:\/\/www.carmowood.com\/fr\/produtos\/nature-homes-t3\/\">\n        <div class=\"img-wrapper\">\n                                <img loading=\"lazy\" decoding=\"async\" width=\"842\" height=\"521\" src=\"https:\/\/www.carmowood.com\/files\/uploads\/2026\/01\/construcao-modular-nature-homes-19.jpg\" class=\"coverimg\" alt=\"\" sizes=\"auto, 100vw\" srcset=\"https:\/\/www.carmowood.com\/files\/uploads\/2026\/01\/construcao-modular-nature-homes-19.jpg 842w, https:\/\/www.carmowood.com\/files\/uploads\/2026\/01\/construcao-modular-nature-homes-19-300x186.jpg 300w, https:\/\/www.carmowood.com\/files\/uploads\/2026\/01\/construcao-modular-nature-homes-19-768x475.jpg 768w\" \/>                        <\/div>\n        <div class=\"content-wrapper\">\n            <div class=\"title-wrapper\">\n                <h3 class=\"post-title\">Nature homes T3<\/h3>\n                <div class=\"diagonal-arrow\"><svg xmlns=\"http:\/\/www.w3.org\/2000\/svg\" width=\"12\" height=\"12\" viewBox=\"0 0 12 12\"><g fill=\"none\" fill-rule=\"evenodd\" stroke=\"#31261D\" transform=\"translate(.6 .6)\"><polyline stroke-width=\"2\" points=\"2.4 .4 10.4 .4 10.4 8.4\"\/><line x1=\".4\" x2=\"10.4\" y1=\"10.4\" y2=\".4\" stroke-width=\"2\"\/><\/g><\/svg><\/div>\n            <\/div>\n        <\/div>\n    <\/a>\n<\/div>\n<div class=\"article list-product \">\n    <a href=\"https:\/\/www.carmowood.com\/fr\/produtos\/nature-homes-t4\/\">\n        <div class=\"img-wrapper\">\n                                <img loading=\"lazy\" decoding=\"async\" width=\"842\" height=\"521\" src=\"https:\/\/www.carmowood.com\/files\/uploads\/2026\/01\/construcao-modular-nature-homes-24.jpg\" class=\"coverimg\" alt=\"\" sizes=\"auto, 100vw\" srcset=\"https:\/\/www.carmowood.com\/files\/uploads\/2026\/01\/construcao-modular-nature-homes-24.jpg 842w, https:\/\/www.carmowood.com\/files\/uploads\/2026\/01\/construcao-modular-nature-homes-24-300x186.jpg 300w, https:\/\/www.carmowood.com\/files\/uploads\/2026\/01\/construcao-modular-nature-homes-24-768x475.jpg 768w\" \/>                        <\/div>\n        <div class=\"content-wrapper\">\n            <div class=\"title-wrapper\">\n                <h3 class=\"post-title\">Nature homes T4<\/h3>\n                <div class=\"diagonal-arrow\"><svg xmlns=\"http:\/\/www.w3.org\/2000\/svg\" width=\"12\" height=\"12\" viewBox=\"0 0 12 12\"><g fill=\"none\" fill-rule=\"evenodd\" stroke=\"#31261D\" transform=\"translate(.6 .6)\"><polyline stroke-width=\"2\" points=\"2.4 .4 10.4 .4 10.4 8.4\"\/><line x1=\".4\" x2=\"10.4\" y1=\"10.4\" y2=\".4\" stroke-width=\"2\"\/><\/g><\/svg><\/div>\n            <\/div>\n        <\/div>\n    <\/a>\n<\/div>        <\/div>\n    <\/div>\n\n<div class=\"wp-block-kobu-custom-blocks-responsive-spacer responsive-spacer size-large\"><\/div><br>\n\n<h2 class=\"wp-block-heading alignwide\"><span aria-hidden=\"true\">Int\u00e9rieurs<\/span><\/h2>\n\n<p class=\"alignwide has-text-align-wide\">Les int\u00e9rieurs des Nature Homes sont con\u00e7us \u00e0 partir de lignes simples et de couleurs claires, qui \u00e9voquent un environnement naturel et serein. Vous pouvez \u00e9galement choisir parmi plusieurs options en mati\u00e8re d&#8217;\u00e9quipements et de structures ext\u00e9rieures (telles que terrasses, pergolas et escaliers). \u00c0 l&#8217;ext\u00e9rieur, vous pouvez \u00e9galement adapter le rev\u00eatement choisi \u00e0 votre go\u00fbt, sans vous limiter au bois.<\/p>\n\n<p class=\"alignwide has-text-align-wide\"><strong> Rev\u00eatements <\/strong><\/p>\n\n<ul class=\"wp-block-list alignmedium\">\n<li>Murs int\u00e9rieurs en panneaux CLT, sans peinture ni finitions n\u00e9cessaires<\/li>\n\n\n\n<li>Parquets flottants et plinthes en MDF<\/li>\n\n\n\n<li>Portes des pi\u00e8ces et de la cuisine avec finition lisse<\/li>\n\n\n\n<li>Panneaux en verre acrylique dans les installations sanitaires<\/li>\n<\/ul>\n\n<figure class=\"wp-block-gallery has-nested-images columns-default is-cropped alignmediumlarge wp-block-gallery-1 is-layout-flex wp-block-gallery-is-layout-flex\"><noscript class=\"loading-lazy\">\n<figure class=\"wp-block-image size-large\"><img loading=\"lazy\" decoding=\"async\" width=\"842\" height=\"521\" data-id=\"1503\" src=\"https:\/\/www.carmowood.com\/files\/uploads\/2026\/01\/construcao-modular-nature-homes-29.jpg\" alt=\"\" class=\"wp-image-1503\" srcset=\"https:\/\/www.carmowood.com\/files\/uploads\/2026\/01\/construcao-modular-nature-homes-29.jpg 842w, https:\/\/www.carmowood.com\/files\/uploads\/2026\/01\/construcao-modular-nature-homes-29-300x186.jpg 300w, https:\/\/www.carmowood.com\/files\/uploads\/2026\/01\/construcao-modular-nature-homes-29-768x475.jpg 768w\" sizes=\"auto, (max-width: 842px) 100vw, 842px\" \/><\/figure>\n<\/noscript>\n\n<noscript class=\"loading-lazy\">\n<figure class=\"wp-block-image size-large\"><img loading=\"lazy\" decoding=\"async\" width=\"401\" height=\"521\" data-id=\"1467\" src=\"https:\/\/www.carmowood.com\/files\/uploads\/2026\/01\/construcao-modular-nature-homes-30.jpg\" alt=\"\" class=\"wp-image-1467\" srcset=\"https:\/\/www.carmowood.com\/files\/uploads\/2026\/01\/construcao-modular-nature-homes-30.jpg 401w, https:\/\/www.carmowood.com\/files\/uploads\/2026\/01\/construcao-modular-nature-homes-30-231x300.jpg 231w\" sizes=\"auto, (max-width: 401px) 100vw, 401px\" \/><\/figure>\n<\/noscript>\n\n<noscript class=\"loading-lazy\">\n<figure class=\"wp-block-image size-full\"><img loading=\"lazy\" decoding=\"async\" width=\"401\" height=\"521\" data-id=\"1458\" src=\"https:\/\/www.carmowood.com\/files\/uploads\/2026\/01\/construcao-modular-nature-homes-31.jpg\" alt=\"\" class=\"wp-image-1458\" srcset=\"https:\/\/www.carmowood.com\/files\/uploads\/2026\/01\/construcao-modular-nature-homes-31.jpg 401w, https:\/\/www.carmowood.com\/files\/uploads\/2026\/01\/construcao-modular-nature-homes-31-231x300.jpg 231w\" sizes=\"auto, (max-width: 401px) 100vw, 401px\" \/><\/figure>\n<\/noscript>\n\n<noscript class=\"loading-lazy\">\n<figure class=\"wp-block-image size-full\"><img loading=\"lazy\" decoding=\"async\" width=\"842\" height=\"521\" data-id=\"1446\" src=\"https:\/\/www.carmowood.com\/files\/uploads\/2026\/01\/construcao-modular-nature-homes-32.jpg\" alt=\"\" class=\"wp-image-1446\" srcset=\"https:\/\/www.carmowood.com\/files\/uploads\/2026\/01\/construcao-modular-nature-homes-32.jpg 842w, https:\/\/www.carmowood.com\/files\/uploads\/2026\/01\/construcao-modular-nature-homes-32-300x186.jpg 300w, https:\/\/www.carmowood.com\/files\/uploads\/2026\/01\/construcao-modular-nature-homes-32-768x475.jpg 768w\" sizes=\"auto, (max-width: 842px) 100vw, 842px\" \/><\/figure>\n<\/noscript><\/figure>\n\n<div class=\"wp-block-kobu-custom-blocks-responsive-spacer responsive-spacer size-large\"><\/div><br>\n\n<h2 class=\"wp-block-heading alignwide\"><span aria-hidden=\"true\">Visite virtuelle<\/span><\/h2>\n\n<div class=\"wp-block-kobu-custom-blocks-inner-content-img alignwide media-content-group child-item align-right valign-start img-first\"><div class=\"media-col\"><figure><img loading=\"lazy\" decoding=\"async\" width=\"576\" height=\"380\" class=\"wp-image-1449\" src=\"https:\/\/www.carmowood.com\/files\/uploads\/2026\/01\/construcao-modular-nature-homes-33.jpg\" alt=\"\" title=\"construcao-modular-nature-homes-33\" sizes=\"auto, (min-width: 1201px) 35vw, (min-width: 601px) 50vw, 100vw\" srcset=\"https:\/\/www.carmowood.com\/files\/uploads\/2026\/01\/construcao-modular-nature-homes-33.jpg 576w, https:\/\/www.carmowood.com\/files\/uploads\/2026\/01\/construcao-modular-nature-homes-33-300x198.jpg 300w\" \/><\/figure><\/div><div class=\"content-col\"><div class=\"content-col-wrapper\">\n<p>Faites une visite virtuelle d&#8217;une maison en bois. Parcourez le salon, jetez un \u0153il \u00e0 la cuisine et visitez chacune des chambres, tout en remarquant la luminosit\u00e9 qui p\u00e9n\u00e8tre par les fen\u00eatres.<\/p>\n\n\n\n<div class=\"wp-block-kobu-custom-blocks-responsive-spacer responsive-spacer size-custom\" data-small=\"30\" data-medium=\"40\" data-large=\"80\" style=\"height:40px\"><\/div><br>\n\n\n\n<div class=\"wp-block-buttons alignwide is-layout-flex wp-block-buttons-is-layout-flex\">\n<div class=\"wp-block-button\"><a class=\"wp-block-button__link wp-element-button\" href=\"https:\/\/my.matterport.com\/show\/?m=1rZPPcqq63K\" target=\"_blank\" rel=\"noreferrer noopener\">Explorer<\/a><\/div>\n<\/div>\n<\/div><\/div><\/div>\n\n<div class=\"wp-block-kobu-custom-blocks-responsive-spacer responsive-spacer size-large\"><\/div><br>\n\n<h2 class=\"wp-block-heading alignwide\"><span aria-hidden=\"true\">D\u00e9couvrez les autres options disponibles<\/span><\/h2>\n    <div class=\"pages-list-block alignwide\">\n        <div class=\"pages three_columns\">\n                            <div class=\"page\">\n                    <a href=\"https:\/\/www.carmowood.com\/fr\/carmoform\/solutions\/construction-modulaire\/blockhouses\/\">\n                        <img loading=\"lazy\" decoding=\"async\" width=\"640\" height=\"360\" src=\"https:\/\/www.carmowood.com\/files\/uploads\/2026\/02\/Foto_Blockhouse-768x432.jpg\" class=\"coverimg\" alt=\"Na CarmoForm, reunimos anos de experi\u00eancia na constru\u00e7\u00e3o em madeira, sempre com um enorme compromisso com a qualidade. Para simplificar a constru\u00e7\u00e3o e torn\u00e1-la mais r\u00e1pida, de acordo com as exig\u00eancias do mercado, lan\u00e7\u00e1mos solu\u00e7\u00f5es pr\u00e9-montadas que combinam a nossa capacidade t\u00e9cnica com um design moderno e minimalista.\" sizes=\"auto, (min-width: 601px) 50vw, 100vw\" srcset=\"https:\/\/www.carmowood.com\/files\/uploads\/2026\/02\/Foto_Blockhouse-768x432.jpg 768w, https:\/\/www.carmowood.com\/files\/uploads\/2026\/02\/Foto_Blockhouse-300x169.jpg 300w, https:\/\/www.carmowood.com\/files\/uploads\/2026\/02\/Foto_Blockhouse-1024x575.jpg 1024w, https:\/\/www.carmowood.com\/files\/uploads\/2026\/02\/Foto_Blockhouse-1536x863.jpg 1536w, https:\/\/www.carmowood.com\/files\/uploads\/2026\/02\/Foto_Blockhouse.jpg 1653w\" \/>                        <div class=\"title-wrapper\">\n                            <h3>BlockHouse<\/h3>\n                        <\/div>\n                    <\/a>\n                <\/div>\n                    <\/div>\n    <\/div>\n    ","protected":false},"excerpt":{"rendered":"<p>Typologies Int\u00e9rieurs Les int\u00e9rieurs des Nature Homes sont con\u00e7us \u00e0 partir de lignes simples et de couleurs claires, qui \u00e9voquent un environnement naturel et serein. [&hellip;]<\/p>\n","protected":false},"author":1,"featured_media":12675,"parent":9304,"menu_order":0,"comment_status":"closed","ping_status":"closed","template":"templates\/product-category.php","meta":{"_acf_changed":false,"inline_featured_image":false,"footnotes":""},"class_list":["post-9430","page","type-page","status-publish","has-post-thumbnail","hentry"],"acf":[],"_links":{"self":[{"href":"https:\/\/www.carmowood.com\/fr\/wp-json\/wp\/v2\/pages\/9430","targetHints":{"allow":["GET"]}}],"collection":[{"href":"https:\/\/www.carmowood.com\/fr\/wp-json\/wp\/v2\/pages"}],"about":[{"href":"https:\/\/www.carmowood.com\/fr\/wp-json\/wp\/v2\/types\/page"}],"author":[{"embeddable":true,"href":"https:\/\/www.carmowood.com\/fr\/wp-json\/wp\/v2\/users\/1"}],"replies":[{"embeddable":true,"href":"https:\/\/www.carmowood.com\/fr\/wp-json\/wp\/v2\/comments?post=9430"}],"version-history":[{"count":6,"href":"https:\/\/www.carmowood.com\/fr\/wp-json\/wp\/v2\/pages\/9430\/revisions"}],"predecessor-version":[{"id":13132,"href":"https:\/\/www.carmowood.com\/fr\/wp-json\/wp\/v2\/pages\/9430\/revisions\/13132"}],"up":[{"embeddable":true,"href":"https:\/\/www.carmowood.com\/fr\/wp-json\/wp\/v2\/pages\/9304"}],"wp:featuredmedia":[{"embeddable":true,"href":"https:\/\/www.carmowood.com\/fr\/wp-json\/wp\/v2\/media\/12675"}],"wp:attachment":[{"href":"https:\/\/www.carmowood.com\/fr\/wp-json\/wp\/v2\/media?parent=9430"}],"curies":[{"name":"wp","href":"https:\/\/api.w.org\/{rel}","templated":true}]}}