{"id":9308,"date":"2026-02-23T16:59:37","date_gmt":"2026-02-23T16:59:37","guid":{"rendered":"https:\/\/www.carmowood.com\/carmowood\/projets-finances\/projets-finances-centro2030\/"},"modified":"2026-02-23T18:05:33","modified_gmt":"2026-02-23T18:05:33","slug":"projets-finances-centro2030","status":"publish","type":"page","link":"https:\/\/www.carmowood.com\/fr\/carmowood\/projets-finances\/projets-finances-centro2030\/","title":{"rendered":"Projets Financ\u00e9s Centro2030"},"content":{"rendered":"\n<h3 class=\"wp-block-heading\"><strong>Hybrid Component solutions for modular construction<\/strong><\/h3>\n\n\n\n<p><strong>Intitul\u00e9 du projet:<\/strong> Hybrid component solutions for modular construction<br><strong>Entit\u00e9 b\u00e9n\u00e9ficiaire:<\/strong> CARMO ESTRUTURAS EM MADEIRA S.A.<br><strong>Co\u00fbt total \u00e9ligible:<\/strong> 1.495.046,56 \u20ac<br><strong>Soutien financier de l&#8217;Union europ\u00e9enne:<\/strong> FEDER \u2013 1.056.308,19 \u20ac<\/p>\n\n\n\n<p>Le projet HyMoTion vise \u00e0 d\u00e9velopper des solutions de composants hybrides aux performances optimis\u00e9es pour le secteur du b\u00e2timent, en favorisant la construction modulaire, la rapidit\u00e9 d&#8217;ex\u00e9cution et la durabilit\u00e9 de ce secteur.<\/p>\n\n\n\n<p>Le besoin \u00e9lev\u00e9 de logements \u00e0 co\u00fbts ma\u00eetris\u00e9s est le mot d&#8217;ordre pour le d\u00e9veloppement de solutions de fabrication rapide par pr\u00e9fabrication, permettant un contr\u00f4le plus efficace des d\u00e9chets g\u00e9n\u00e9r\u00e9s, des processus d&#8217;assemblage et de la garantie de conformit\u00e9, et rendant possible le d\u00e9veloppement de b\u00e2timents moins co\u00fbteux et plus durables.<\/p>\n\n\n\n<p>L&#8217;objectif est d&#8217;atteindre, au cours de l&#8217;ann\u00e9e suivant le projet, une valeur ajout\u00e9e brute de 13 150 596,71 \u20ac, une valeur ajout\u00e9e nette de 3 360 182,55 \u20ac et 15 emplois hautement qualifi\u00e9s.<\/p>\n\n\n\n<div class=\"wp-block-kobu-custom-blocks-responsive-spacer responsive-spacer size-large\"><\/div>\n","protected":false},"excerpt":{"rendered":"<p>Hybrid Component solutions for modular construction Intitul\u00e9 du projet: Hybrid component solutions for modular constructionEntit\u00e9 b\u00e9n\u00e9ficiaire: CARMO ESTRUTURAS EM MADEIRA S.A.Co\u00fbt total \u00e9ligible: 1.495.046,56 \u20acSoutien [&hellip;]<\/p>\n","protected":false},"author":1,"featured_media":0,"parent":9161,"menu_order":0,"comment_status":"closed","ping_status":"closed","template":"templates\/funded_projects_detail.php","meta":{"_acf_changed":false,"inline_featured_image":false,"footnotes":""},"class_list":["post-9308","page","type-page","status-publish","hentry"],"acf":[],"_links":{"self":[{"href":"https:\/\/www.carmowood.com\/fr\/wp-json\/wp\/v2\/pages\/9308","targetHints":{"allow":["GET"]}}],"collection":[{"href":"https:\/\/www.carmowood.com\/fr\/wp-json\/wp\/v2\/pages"}],"about":[{"href":"https:\/\/www.carmowood.com\/fr\/wp-json\/wp\/v2\/types\/page"}],"author":[{"embeddable":true,"href":"https:\/\/www.carmowood.com\/fr\/wp-json\/wp\/v2\/users\/1"}],"replies":[{"embeddable":true,"href":"https:\/\/www.carmowood.com\/fr\/wp-json\/wp\/v2\/comments?post=9308"}],"version-history":[{"count":2,"href":"https:\/\/www.carmowood.com\/fr\/wp-json\/wp\/v2\/pages\/9308\/revisions"}],"predecessor-version":[{"id":9328,"href":"https:\/\/www.carmowood.com\/fr\/wp-json\/wp\/v2\/pages\/9308\/revisions\/9328"}],"up":[{"embeddable":true,"href":"https:\/\/www.carmowood.com\/fr\/wp-json\/wp\/v2\/pages\/9161"}],"wp:attachment":[{"href":"https:\/\/www.carmowood.com\/fr\/wp-json\/wp\/v2\/media?parent=9308"}],"curies":[{"name":"wp","href":"https:\/\/api.w.org\/{rel}","templated":true}]}}