{"id":11595,"date":"2025-12-10T15:26:42","date_gmt":"2025-12-10T15:26:42","guid":{"rendered":"https:\/\/www.carmowood.com\/politica-de-privacidade-e-cookies\/"},"modified":"2026-03-27T12:05:12","modified_gmt":"2026-03-27T12:05:12","slug":"politique-de-confidentialite-et-cookies","status":"publish","type":"page","link":"https:\/\/www.carmowood.com\/fr\/politique-de-confidentialite-et-cookies\/","title":{"rendered":"Politique de Confidentialit\u00e9 et Cookies"},"content":{"rendered":"\n<h2 class=\"wp-block-heading\">Politique de Confidentialit\u00e9<\/h2>\n\n\n\n<p>Le GROUPE CARMOWOOD est responsable du traitement des donn\u00e9es personnelles des collaborateurs, stagiaires, clients, fournisseurs, visiteurs des sites de chacune des entreprises du groupe et d\u2019autres parties prenantes pertinentes.<\/p>\n\n\n\n<p>Toute question relative aux donn\u00e9es personnelles doit \u00eatre adress\u00e9e \u00e0 : <a>privacidade@carmowood.com<\/a><\/p>\n\n\n\n<div class=\"wp-block-kobu-custom-blocks-responsive-spacer responsive-spacer size-medium\"><\/div>\n\n\n\n<h3 class=\"wp-block-heading\"><strong>Cat\u00e9gories de Donn\u00e9es Personnelles Trait\u00e9e<\/strong><\/h3>\n\n\n\n<p>Les entreprises du GROUPE CARMOWOOD traitent les cat\u00e9gories de donn\u00e9es personnelles suivantes dans le cadre de leur activit\u00e9 commerciale et des services qu\u2019elles fournissent\u202f:<\/p>\n\n\n\n<ul class=\"wp-block-list\">\n<li>Identification g\u00e9n\u00e9rale et coordonn\u00e9es\u202f;<\/li>\n\n\n\n<li>Identification professionnelle et situation dans l\u2019entreprise\u202f;<\/li>\n\n\n\n<li>Donn\u00e9es relatives au parcours professionnel (CV)\u202f;<\/li>\n\n\n\n<li>Donn\u00e9es li\u00e9es \u00e0 l\u2019ex\u00e9cution des contrats et aux relations de travail, commerciales et de stage\u202f;<\/li>\n\n\n\n<li>Donn\u00e9es de navigation (ex.\u202f: cookies) et donn\u00e9es collect\u00e9es via les formulaires des sites web (nom, organisation, t\u00e9l\u00e9phone, adresse, email).<\/li>\n<\/ul>\n\n\n\n<div class=\"wp-block-kobu-custom-blocks-responsive-spacer responsive-spacer size-medium\"><\/div>\n\n\n\n<h3 class=\"wp-block-heading\" style=\"text-transform:uppercase\"><strong>Finalit\u00e9s et Lic\u00e9it\u00e9 du Traitement<\/strong><\/h3>\n\n\n\n<p>Les donn\u00e9es personnelles sont trait\u00e9es aux fins suivantes\u202f:<\/p>\n\n\n\n<ul class=\"wp-block-list\">\n<li>Ex\u00e9cution des contrats et d\u00e9marches pr\u00e9contractuelles\u202f;<\/li>\n\n\n\n<li>Respect des obligations l\u00e9gales auxquelles le Groupe est soumis\u202f;<\/li>\n\n\n\n<li>Am\u00e9lioration continue des services fournis (dans le cadre de l\u2019int\u00e9r\u00eat l\u00e9gitime)\u202f;<\/li>\n\n\n\n<li>D\u00e9veloppement des relations commerciales et professionnelles\u202f;<\/li>\n\n\n\n<li>Envoi d\u2019informations institutionnelles et promotionnelles (catalogues, campagnes, \u00e9v\u00e9nements), sur support physique ou num\u00e9rique.<\/li>\n<\/ul>\n\n\n\n<p>Chaque fois que la lic\u00e9it\u00e9 du traitement l\u2019exige, le consentement explicite, libre et \u00e9clair\u00e9 des personnes concern\u00e9es sera demand\u00e9.<\/p>\n\n\n\n<div class=\"wp-block-kobu-custom-blocks-responsive-spacer responsive-spacer size-medium\"><\/div>\n\n\n\n<h3 class=\"wp-block-heading\"><strong>Modalit\u00e9s de Traitement et S\u00e9curit\u00e9<\/strong><\/h3>\n\n\n\n<p>Le traitement des donn\u00e9es personnelles est effectu\u00e9 en appliquant des mesures techniques et organisationnelles appropri\u00e9es et proportionn\u00e9es afin de garantir leur s\u00e9curit\u00e9, confidentialit\u00e9 et int\u00e9grit\u00e9. Ces mesures comprennent\u202f:<\/p>\n\n\n\n<ul class=\"wp-block-list\">\n<li>Gestion de l\u2019authentification et du contr\u00f4le des acc\u00e8s aux syst\u00e8mes d\u2019information et aux installations\u202f;<\/li>\n\n\n\n<li>Gestion des profils d\u2019utilisation et acc\u00e8s contr\u00f4l\u00e9 aux informations restreintes\u202f;<\/li>\n\n\n\n<li>Signature d\u2019engagements de confidentialit\u00e9 avec les collaborateurs et stagiaires\u202f;<\/li>\n\n\n\n<li>Mise en place d\u2019un Code de Conduite applicable \u00e0 toutes les entreprises du Groupe\u202f;<\/li>\n\n\n\n<li>Utilisation de techniques de protection contre les intrusions, de s\u00e9curisation des dispositifs et de la s\u00e9curit\u00e9 de l\u2019information.<\/li>\n<\/ul>\n\n\n\n<div class=\"wp-block-kobu-custom-blocks-responsive-spacer responsive-spacer size-medium\"><\/div>\n\n\n\n<h3 class=\"wp-block-heading\"><strong>Conservation et Partage des Donn\u00e9es<\/strong><\/h3>\n\n\n\n<p>Les donn\u00e9es sont conserv\u00e9es pendant toute la dur\u00e9e de la relation contractuelle ou pendant la p\u00e9riode l\u00e9galement obligatoire. Dans les cas fond\u00e9s sur le consentement ou l\u2019int\u00e9r\u00eat l\u00e9gitime, les donn\u00e9es seront conserv\u00e9es tant que cet int\u00e9r\u00eat perdure ou jusqu\u2019au retrait du consentement.<\/p>\n\n\n\n<p>Les donn\u00e9es peuvent \u00eatre partag\u00e9es entre les entreprises du GROUPE CARMOWOOD \u00e0 des fins administratives internes. Elles peuvent \u00e9galement \u00eatre transmises \u00e0 des tiers (ex.\u202f: prestataires de services ou autorit\u00e9s) lorsque la loi l\u2019exige ou pour l\u2019ex\u00e9cution des finalit\u00e9s d\u00e9crites. Les transferts en dehors de l\u2019Espace \u00e9conomique europ\u00e9en respecteront les garanties pr\u00e9vues par le RGPD.<\/p>\n\n\n\n<div class=\"wp-block-kobu-custom-blocks-responsive-spacer responsive-spacer size-medium\"><\/div>\n\n\n\n<h3 class=\"wp-block-heading\" style=\"text-transform:uppercase\"><strong>Droits des Personnes Concern\u00e9es<\/strong><\/h3>\n\n\n\n<p>Il est garanti de r\u00e9pondre aux demandes d\u2019acc\u00e8s, de rectification, de mise \u00e0 jour, de limitation, d\u2019opposition et de portabilit\u00e9 des donn\u00e9es personnelles. La personne concern\u00e9e peut \u00e9galement demander la suppression de ses donn\u00e9es ou retirer le consentement pr\u00e9c\u00e9demment donn\u00e9, sauf en cas d\u2019obligation l\u00e9gale de conservation. Pour exercer ses droits, veuillez contacter\u202f: <a>privacidade@carmowood.com<\/a>.<\/p>\n\n\n\n<p>Les personnes concern\u00e9es ont \u00e9galement le droit de d\u00e9poser une r\u00e9clamation aupr\u00e8s de l\u2019autorit\u00e9 nationale de contr\u00f4le (CNPD).<\/p>\n\n\n\n<div class=\"wp-block-kobu-custom-blocks-responsive-spacer responsive-spacer size-large\"><\/div>\n\n\n\n<h2 class=\"wp-block-heading\">Politique de Cookies<\/h2>\n\n\n\n<h3 class=\"wp-block-heading\">Qu\u2019est-ce que les cookies\u202f?<\/h3>\n\n\n\n<p>Les \u00ab\u202fcookies\u202f\u00bb sont de petites balises logicielles stock\u00e9es sur l\u2019appareil de l\u2019utilisateur via le navigateur, ne conservant que des informations li\u00e9es \u00e0 ses pr\u00e9f\u00e9rences et n\u2019incluant pas de donn\u00e9es personnelles directes.<\/p>\n\n\n\n<div class=\"wp-block-kobu-custom-blocks-responsive-spacer responsive-spacer size-medium\"><\/div>\n\n\n\n<h3 class=\"wp-block-heading\">\u00c0 quoi servent-ils\u202f?<\/h3>\n\n\n\n<p>Ils servent \u00e0 d\u00e9terminer l\u2019utilit\u00e9, l\u2019int\u00e9r\u00eat et le nombre d\u2019utilisations des sites web, permettant une navigation plus rapide et efficace et \u00e9vitant la saisie r\u00e9p\u00e9t\u00e9e des m\u00eames informations.<\/p>\n\n\n\n<div class=\"wp-block-kobu-custom-blocks-responsive-spacer responsive-spacer size-medium\"><\/div>\n\n\n\n<h3 class=\"wp-block-heading\">Comment g\u00e9rer les cookies\u202f?<\/h3>\n\n\n\n<p>Les utilisateurs peuvent g\u00e9rer les cookies via les param\u00e8tres de leur navigateur, en choisissant de les bloquer, de les supprimer ou de les limiter selon leurs pr\u00e9f\u00e9rences. La plupart des navigateurs permettent \u00e9galement d\u2019\u00eatre averti lorsqu\u2019un cookie est install\u00e9.<\/p>\n\n\n\n<div class=\"wp-block-kobu-custom-blocks-responsive-spacer responsive-spacer size-medium\"><\/div>\n\n\n\n<h3 class=\"wp-block-heading\">Contacts et Entit\u00e9s du Groupe<\/h3>\n\n\n\n<p>Si\u00e8ge\u202f: Av. Marqu\u00eas de Tomar, n\u00b0\u202f2, 4\u1d49 \u00e9tage \u2013 1050-155 Lisbonne<br>T\u00e9l\u00e9phone\u202f: +351 21 313 22 00 (appels vers le r\u00e9seau fixe national)<br>Email\u202f: <a>geral@carmowood.com<\/a><\/p>\n\n\n\n<p>Entreprises couvertes par cette politique\u202f:<\/p>\n\n\n\n<ul class=\"wp-block-list\">\n<li>CARMOWOOD SGPS, S.A.<\/li>\n\n\n\n<li>CARMO, S.A. (CarmoFarm)<\/li>\n\n\n\n<li>CARMO ESTRUTURAS EM MADEIRA, S.A.<\/li>\n\n\n\n<li>CARMOFARM FRANCE, SARL<\/li>\n\n\n\n<li>GRIPPLE PORTUGAL, LDA<\/li>\n\n\n\n<li>MILNE CARMO IBERICA, SL.<\/li>\n<\/ul>\n\n\n\n<div class=\"wp-block-kobu-custom-blocks-responsive-spacer responsive-spacer size-large\"><\/div>\n","protected":false},"excerpt":{"rendered":"<p>Politique de Confidentialit\u00e9 Le GROUPE CARMOWOOD est responsable du traitement des donn\u00e9es personnelles des collaborateurs, stagiaires, clients, fournisseurs, visiteurs des sites de chacune des entreprises [&hellip;]<\/p>\n","protected":false},"author":1,"featured_media":0,"parent":0,"menu_order":1001,"comment_status":"closed","ping_status":"closed","template":"","meta":{"_acf_changed":false,"inline_featured_image":false,"footnotes":""},"class_list":["post-11595","page","type-page","status-publish","hentry"],"acf":[],"_links":{"self":[{"href":"https:\/\/www.carmowood.com\/fr\/wp-json\/wp\/v2\/pages\/11595","targetHints":{"allow":["GET"]}}],"collection":[{"href":"https:\/\/www.carmowood.com\/fr\/wp-json\/wp\/v2\/pages"}],"about":[{"href":"https:\/\/www.carmowood.com\/fr\/wp-json\/wp\/v2\/types\/page"}],"author":[{"embeddable":true,"href":"https:\/\/www.carmowood.com\/fr\/wp-json\/wp\/v2\/users\/1"}],"replies":[{"embeddable":true,"href":"https:\/\/www.carmowood.com\/fr\/wp-json\/wp\/v2\/comments?post=11595"}],"version-history":[{"count":7,"href":"https:\/\/www.carmowood.com\/fr\/wp-json\/wp\/v2\/pages\/11595\/revisions"}],"predecessor-version":[{"id":13445,"href":"https:\/\/www.carmowood.com\/fr\/wp-json\/wp\/v2\/pages\/11595\/revisions\/13445"}],"wp:attachment":[{"href":"https:\/\/www.carmowood.com\/fr\/wp-json\/wp\/v2\/media?parent=11595"}],"curies":[{"name":"wp","href":"https:\/\/api.w.org\/{rel}","templated":true}]}}