{"id":10314,"date":"2026-01-27T09:54:15","date_gmt":"2026-01-27T09:54:15","guid":{"rendered":"https:\/\/www.carmowood.com\/mobilier-et-equipements-dexterieur\/toitures-et-chapeaux-de-chaume\/"},"modified":"2026-03-19T16:29:19","modified_gmt":"2026-03-19T16:29:19","slug":"toitures-et-chapeaux-de-chaume","status":"publish","type":"page","link":"https:\/\/www.carmowood.com\/fr\/carmoform\/solutions\/mobilier-et-equipements-dexterieur\/toitures-et-chapeaux-de-chaume\/","title":{"rendered":"Toitures et Chapeaux de Chaume"},"content":{"rendered":"<noscript class=\"loading-lazy\">\n<figure class=\"wp-block-image alignfull size-large\"><img loading=\"lazy\" decoding=\"async\" width=\"785\" height=\"1024\" src=\"https:\/\/www.carmowood.com\/files\/uploads\/2026\/01\/JNCQuoi-Beach-785x1024.webp\" alt=\"Chapeaux de Chaume\" class=\"wp-image-12311\" srcset=\"https:\/\/www.carmowood.com\/files\/uploads\/2026\/01\/JNCQuoi-Beach-785x1024.webp 785w, https:\/\/www.carmowood.com\/files\/uploads\/2026\/01\/JNCQuoi-Beach-230x300.webp 230w, https:\/\/www.carmowood.com\/files\/uploads\/2026\/01\/JNCQuoi-Beach-768x1002.webp 768w, https:\/\/www.carmowood.com\/files\/uploads\/2026\/01\/JNCQuoi-Beach.webp 828w\" sizes=\"auto, (max-width: 785px) 100vw, 785px\" \/><\/figure>\n<\/noscript>\n<div class=\"wp-block-kobu-custom-blocks-responsive-spacer responsive-spacer size-large\"><\/div><br>\n\n<h2 class=\"wp-block-heading alignwide\"><span aria-hidden=\"true\"><span aria-hidden=\"true\"><span aria-hidden=\"true\"><span aria-hidden=\"true\"><span aria-hidden=\"true\">Ombrage<\/span><\/span><\/span><\/span><\/span><\/h2>\n\n<div class=\"wp-block-kobu-custom-blocks-inner-content-img media-content-group child-item align-right valign-start img-first alignextrawide\"><div class=\"media-col\"><figure><img loading=\"lazy\" decoding=\"async\" width=\"1536\" height=\"824\" class=\"wp-image-3272\" src=\"https:\/\/www.carmowood.com\/files\/uploads\/2026\/01\/lazer-e-mobiliario-telhados-e-chapeus-de-colmo-02.jpg\" alt=\"\" title=\"lazer-e-mobiliario-telhados-e-chapeus-de-colmo-02\" sizes=\"auto, (min-width: 1201px) 35vw, (min-width: 601px) 50vw, 100vw\" srcset=\"https:\/\/www.carmowood.com\/files\/uploads\/2026\/01\/lazer-e-mobiliario-telhados-e-chapeus-de-colmo-02.jpg 1536w, https:\/\/www.carmowood.com\/files\/uploads\/2026\/01\/lazer-e-mobiliario-telhados-e-chapeus-de-colmo-02-300x161.jpg 300w, https:\/\/www.carmowood.com\/files\/uploads\/2026\/01\/lazer-e-mobiliario-telhados-e-chapeus-de-colmo-02-1024x549.jpg 1024w, https:\/\/www.carmowood.com\/files\/uploads\/2026\/01\/lazer-e-mobiliario-telhados-e-chapeus-de-colmo-02-768x412.jpg 768w\" \/><\/figure><\/div><div class=\"content-col\"><div class=\"content-col-wrapper\">\n<p>Chez CarmoForm, nous proposons des solutions d&#8217;ombrage, avec des designs standard ou personnalis\u00e9s sur mesure. Elles sont con\u00e7ues pour offrir de l&#8217;ombre et du confort, mais aussi un charme rustique et \u00e9l\u00e9gant.<\/p>\n\n\n\n<p>Chaque pi\u00e8ce est con\u00e7ue pour garantir durabilit\u00e9, esth\u00e9tique et fonctionnalit\u00e9. Nous utilisons les meilleurs mat\u00e9riaux, tels que le bois massif trait\u00e9 et le chaume africain, avec la qualit\u00e9 qui fait notre renomm\u00e9e.<\/p>\n<\/div><\/div><\/div>\n\n<div class=\"wp-block-kobu-custom-blocks-responsive-spacer responsive-spacer size-large\"><\/div><br>\n\n<h2 class=\"wp-block-heading alignwide\">Choisissez le type d&#8217;ombrage souhait\u00e9<\/h2>\n    <div class=\"products-list-block alignfull\">\n        <div class=\"products three_columns\">\n            \n<div class=\"article list-product \">\n    <a href=\"https:\/\/www.carmowood.com\/fr\/produtos\/chapeaux-de-soleil-en-paille\/\">\n        <div class=\"img-wrapper\">\n                                <img loading=\"lazy\" decoding=\"async\" width=\"330\" height=\"380\" src=\"https:\/\/www.carmowood.com\/files\/uploads\/2026\/02\/chapeus-de-sol-colmo.webp\" class=\"coverimg\" alt=\"\" sizes=\"auto, 100vw\" srcset=\"https:\/\/www.carmowood.com\/files\/uploads\/2026\/02\/chapeus-de-sol-colmo.webp 330w, https:\/\/www.carmowood.com\/files\/uploads\/2026\/02\/chapeus-de-sol-colmo-261x300.webp 261w\" \/>                        <\/div>\n        <div class=\"content-wrapper\">\n            <div class=\"title-wrapper\">\n                <h3 class=\"post-title\">Chapeaux de soleil en paille<\/h3>\n                <div class=\"diagonal-arrow\"><svg xmlns=\"http:\/\/www.w3.org\/2000\/svg\" width=\"12\" height=\"12\" viewBox=\"0 0 12 12\"><g fill=\"none\" fill-rule=\"evenodd\" stroke=\"#31261D\" transform=\"translate(.6 .6)\"><polyline stroke-width=\"2\" points=\"2.4 .4 10.4 .4 10.4 8.4\"\/><line x1=\".4\" x2=\"10.4\" y1=\"10.4\" y2=\".4\" stroke-width=\"2\"\/><\/g><\/svg><\/div>\n            <\/div>\n        <\/div>\n    <\/a>\n<\/div>\n<div class=\"article list-product \">\n    <a href=\"https:\/\/www.carmowood.com\/fr\/produtos\/table-pour-chapeaux-de-paille\/\">\n        <div class=\"img-wrapper\">\n                                <img loading=\"lazy\" decoding=\"async\" width=\"800\" height=\"1067\" src=\"https:\/\/www.carmowood.com\/files\/uploads\/2026\/02\/mesa-para-chapeu-colmo.webp\" class=\"coverimg\" alt=\"\" sizes=\"auto, 100vw\" srcset=\"https:\/\/www.carmowood.com\/files\/uploads\/2026\/02\/mesa-para-chapeu-colmo.webp 800w, https:\/\/www.carmowood.com\/files\/uploads\/2026\/02\/mesa-para-chapeu-colmo-225x300.webp 225w, https:\/\/www.carmowood.com\/files\/uploads\/2026\/02\/mesa-para-chapeu-colmo-768x1024.webp 768w\" \/>                        <\/div>\n        <div class=\"content-wrapper\">\n            <div class=\"title-wrapper\">\n                <h3 class=\"post-title\">Table pour chapeaux de paille<\/h3>\n                <div class=\"diagonal-arrow\"><svg xmlns=\"http:\/\/www.w3.org\/2000\/svg\" width=\"12\" height=\"12\" viewBox=\"0 0 12 12\"><g fill=\"none\" fill-rule=\"evenodd\" stroke=\"#31261D\" transform=\"translate(.6 .6)\"><polyline stroke-width=\"2\" points=\"2.4 .4 10.4 .4 10.4 8.4\"\/><line x1=\".4\" x2=\"10.4\" y1=\"10.4\" y2=\".4\" stroke-width=\"2\"\/><\/g><\/svg><\/div>\n            <\/div>\n        <\/div>\n    <\/a>\n<\/div>\n<div class=\"article list-product \">\n    <a href=\"https:\/\/www.carmowood.com\/fr\/produtos\/pergolas-modulaires\/\">\n        <div class=\"img-wrapper\">\n                                <img loading=\"lazy\" decoding=\"async\" width=\"590\" height=\"590\" src=\"https:\/\/www.carmowood.com\/files\/uploads\/2026\/02\/pergulas-modulares.webp\" class=\"coverimg\" alt=\"\" sizes=\"auto, 100vw\" srcset=\"https:\/\/www.carmowood.com\/files\/uploads\/2026\/02\/pergulas-modulares.webp 590w, https:\/\/www.carmowood.com\/files\/uploads\/2026\/02\/pergulas-modulares-300x300.webp 300w, https:\/\/www.carmowood.com\/files\/uploads\/2026\/02\/pergulas-modulares-150x150.webp 150w\" \/>                        <\/div>\n        <div class=\"content-wrapper\">\n            <div class=\"title-wrapper\">\n                <h3 class=\"post-title\">Pergolas modulaires<\/h3>\n                <div class=\"diagonal-arrow\"><svg xmlns=\"http:\/\/www.w3.org\/2000\/svg\" width=\"12\" height=\"12\" viewBox=\"0 0 12 12\"><g fill=\"none\" fill-rule=\"evenodd\" stroke=\"#31261D\" transform=\"translate(.6 .6)\"><polyline stroke-width=\"2\" points=\"2.4 .4 10.4 .4 10.4 8.4\"\/><line x1=\".4\" x2=\"10.4\" y1=\"10.4\" y2=\".4\" stroke-width=\"2\"\/><\/g><\/svg><\/div>\n            <\/div>\n        <\/div>\n    <\/a>\n<\/div>\n<div class=\"article list-product \">\n    <a href=\"https:\/\/www.carmowood.com\/fr\/produtos\/pergola-en-bois-rond\/\">\n        <div class=\"img-wrapper\">\n                                <img loading=\"lazy\" decoding=\"async\" width=\"800\" height=\"979\" src=\"https:\/\/www.carmowood.com\/files\/uploads\/2026\/02\/pergula-madeira-redonda.webp\" class=\"coverimg\" alt=\"\" sizes=\"auto, 100vw\" srcset=\"https:\/\/www.carmowood.com\/files\/uploads\/2026\/02\/pergula-madeira-redonda.webp 800w, https:\/\/www.carmowood.com\/files\/uploads\/2026\/02\/pergula-madeira-redonda-245x300.webp 245w, https:\/\/www.carmowood.com\/files\/uploads\/2026\/02\/pergula-madeira-redonda-768x940.webp 768w\" \/>                        <\/div>\n        <div class=\"content-wrapper\">\n            <div class=\"title-wrapper\">\n                <h3 class=\"post-title\">Pergola en bois rond<\/h3>\n                <div class=\"diagonal-arrow\"><svg xmlns=\"http:\/\/www.w3.org\/2000\/svg\" width=\"12\" height=\"12\" viewBox=\"0 0 12 12\"><g fill=\"none\" fill-rule=\"evenodd\" stroke=\"#31261D\" transform=\"translate(.6 .6)\"><polyline stroke-width=\"2\" points=\"2.4 .4 10.4 .4 10.4 8.4\"\/><line x1=\".4\" x2=\"10.4\" y1=\"10.4\" y2=\".4\" stroke-width=\"2\"\/><\/g><\/svg><\/div>\n            <\/div>\n        <\/div>\n    <\/a>\n<\/div>\n<div class=\"article list-product \">\n    <a href=\"https:\/\/www.carmowood.com\/fr\/produtos\/pergola-standard-ou-sur-mesure\/\">\n        <div class=\"img-wrapper\">\n                                <img loading=\"lazy\" decoding=\"async\" width=\"450\" height=\"301\" src=\"https:\/\/www.carmowood.com\/files\/uploads\/2026\/02\/pergula-standard-ou-a-medida.webp\" class=\"coverimg\" alt=\"\" sizes=\"auto, 100vw\" srcset=\"https:\/\/www.carmowood.com\/files\/uploads\/2026\/02\/pergula-standard-ou-a-medida.webp 450w, https:\/\/www.carmowood.com\/files\/uploads\/2026\/02\/pergula-standard-ou-a-medida-300x201.webp 300w\" \/>                        <\/div>\n        <div class=\"content-wrapper\">\n            <div class=\"title-wrapper\">\n                <h3 class=\"post-title\">Pergola standard ou sur mesure<\/h3>\n                <div class=\"diagonal-arrow\"><svg xmlns=\"http:\/\/www.w3.org\/2000\/svg\" width=\"12\" height=\"12\" viewBox=\"0 0 12 12\"><g fill=\"none\" fill-rule=\"evenodd\" stroke=\"#31261D\" transform=\"translate(.6 .6)\"><polyline stroke-width=\"2\" points=\"2.4 .4 10.4 .4 10.4 8.4\"\/><line x1=\".4\" x2=\"10.4\" y1=\"10.4\" y2=\".4\" stroke-width=\"2\"\/><\/g><\/svg><\/div>\n            <\/div>\n        <\/div>\n    <\/a>\n<\/div>\n<div class=\"article list-product \">\n    <a href=\"https:\/\/www.carmowood.com\/fr\/produtos\/plaques-de-chaume-tropical-et-normal\/\">\n        <div class=\"img-wrapper\">\n                                <img loading=\"lazy\" decoding=\"async\" width=\"231\" height=\"346\" src=\"https:\/\/www.carmowood.com\/files\/uploads\/2026\/02\/placas-colmo-tropical-e-normal.webp\" class=\"coverimg\" alt=\"\" sizes=\"auto, 100vw\" srcset=\"https:\/\/www.carmowood.com\/files\/uploads\/2026\/02\/placas-colmo-tropical-e-normal.webp 231w, https:\/\/www.carmowood.com\/files\/uploads\/2026\/02\/placas-colmo-tropical-e-normal-200x300.webp 200w\" \/>                        <\/div>\n        <div class=\"content-wrapper\">\n            <div class=\"title-wrapper\">\n                <h3 class=\"post-title\">Plaques de chaume tropical et normal<\/h3>\n                <div class=\"diagonal-arrow\"><svg xmlns=\"http:\/\/www.w3.org\/2000\/svg\" width=\"12\" height=\"12\" viewBox=\"0 0 12 12\"><g fill=\"none\" fill-rule=\"evenodd\" stroke=\"#31261D\" transform=\"translate(.6 .6)\"><polyline stroke-width=\"2\" points=\"2.4 .4 10.4 .4 10.4 8.4\"\/><line x1=\".4\" x2=\"10.4\" y1=\"10.4\" y2=\".4\" stroke-width=\"2\"\/><\/g><\/svg><\/div>\n            <\/div>\n        <\/div>\n    <\/a>\n<\/div>\n<div class=\"article list-product \">\n    <a href=\"https:\/\/www.carmowood.com\/fr\/produtos\/zone-de-stationnement\/\">\n        <div class=\"img-wrapper\">\n                                <img loading=\"lazy\" decoding=\"async\" width=\"433\" height=\"346\" src=\"https:\/\/www.carmowood.com\/files\/uploads\/2026\/02\/zona-de-estacionamento.webp\" class=\"coverimg\" alt=\"\" sizes=\"auto, 100vw\" srcset=\"https:\/\/www.carmowood.com\/files\/uploads\/2026\/02\/zona-de-estacionamento.webp 433w, https:\/\/www.carmowood.com\/files\/uploads\/2026\/02\/zona-de-estacionamento-300x240.webp 300w\" \/>                        <\/div>\n        <div class=\"content-wrapper\">\n            <div class=\"title-wrapper\">\n                <h3 class=\"post-title\">Zone de stationnement<\/h3>\n                <div class=\"diagonal-arrow\"><svg xmlns=\"http:\/\/www.w3.org\/2000\/svg\" width=\"12\" height=\"12\" viewBox=\"0 0 12 12\"><g fill=\"none\" fill-rule=\"evenodd\" stroke=\"#31261D\" transform=\"translate(.6 .6)\"><polyline stroke-width=\"2\" points=\"2.4 .4 10.4 .4 10.4 8.4\"\/><line x1=\".4\" x2=\"10.4\" y1=\"10.4\" y2=\".4\" stroke-width=\"2\"\/><\/g><\/svg><\/div>\n            <\/div>\n        <\/div>\n    <\/a>\n<\/div>\n<div class=\"article list-product \">\n    <a href=\"https:\/\/www.carmowood.com\/fr\/produtos\/structures-dombrage-en-chaume\/\">\n        <div class=\"img-wrapper\">\n                                <img loading=\"lazy\" decoding=\"async\" width=\"800\" height=\"536\" src=\"https:\/\/www.carmowood.com\/files\/uploads\/2026\/02\/estruturas-de-sombreamento-com-colmo.webp\" class=\"coverimg\" alt=\"\" sizes=\"auto, 100vw\" srcset=\"https:\/\/www.carmowood.com\/files\/uploads\/2026\/02\/estruturas-de-sombreamento-com-colmo.webp 800w, https:\/\/www.carmowood.com\/files\/uploads\/2026\/02\/estruturas-de-sombreamento-com-colmo-300x201.webp 300w, https:\/\/www.carmowood.com\/files\/uploads\/2026\/02\/estruturas-de-sombreamento-com-colmo-768x515.webp 768w\" \/>                        <\/div>\n        <div class=\"content-wrapper\">\n            <div class=\"title-wrapper\">\n                <h3 class=\"post-title\">Structures d&#8217;ombrage en chaume<\/h3>\n                <div class=\"diagonal-arrow\"><svg xmlns=\"http:\/\/www.w3.org\/2000\/svg\" width=\"12\" height=\"12\" viewBox=\"0 0 12 12\"><g fill=\"none\" fill-rule=\"evenodd\" stroke=\"#31261D\" transform=\"translate(.6 .6)\"><polyline stroke-width=\"2\" points=\"2.4 .4 10.4 .4 10.4 8.4\"\/><line x1=\".4\" x2=\"10.4\" y1=\"10.4\" y2=\".4\" stroke-width=\"2\"\/><\/g><\/svg><\/div>\n            <\/div>\n        <\/div>\n    <\/a>\n<\/div>\n<div class=\"article list-product \">\n    <a href=\"https:\/\/www.carmowood.com\/fr\/produtos\/panneau-dombrage\/\">\n        <div class=\"img-wrapper\">\n                                <img loading=\"lazy\" decoding=\"async\" width=\"800\" height=\"491\" src=\"https:\/\/www.carmowood.com\/files\/uploads\/2026\/02\/painel-de-sombreamento.webp\" class=\"coverimg\" alt=\"\" sizes=\"auto, 100vw\" srcset=\"https:\/\/www.carmowood.com\/files\/uploads\/2026\/02\/painel-de-sombreamento.webp 800w, https:\/\/www.carmowood.com\/files\/uploads\/2026\/02\/painel-de-sombreamento-300x184.webp 300w, https:\/\/www.carmowood.com\/files\/uploads\/2026\/02\/painel-de-sombreamento-768x471.webp 768w\" \/>                        <\/div>\n        <div class=\"content-wrapper\">\n            <div class=\"title-wrapper\">\n                <h3 class=\"post-title\">Panneau d&#8217;ombrage<\/h3>\n                <div class=\"diagonal-arrow\"><svg xmlns=\"http:\/\/www.w3.org\/2000\/svg\" width=\"12\" height=\"12\" viewBox=\"0 0 12 12\"><g fill=\"none\" fill-rule=\"evenodd\" stroke=\"#31261D\" transform=\"translate(.6 .6)\"><polyline stroke-width=\"2\" points=\"2.4 .4 10.4 .4 10.4 8.4\"\/><line x1=\".4\" x2=\"10.4\" y1=\"10.4\" y2=\".4\" stroke-width=\"2\"\/><\/g><\/svg><\/div>\n            <\/div>\n        <\/div>\n    <\/a>\n<\/div>\n<div class=\"article list-product \">\n    <a href=\"https:\/\/www.carmowood.com\/fr\/produtos\/toitures-en-chaume-haut-de-gamme\/\">\n        <div class=\"img-wrapper\">\n                                <img loading=\"lazy\" decoding=\"async\" width=\"528\" height=\"326\" src=\"https:\/\/www.carmowood.com\/files\/uploads\/2026\/02\/coberturas-de-colmo-premium.webp\" class=\"coverimg\" alt=\"\" sizes=\"auto, 100vw\" srcset=\"https:\/\/www.carmowood.com\/files\/uploads\/2026\/02\/coberturas-de-colmo-premium.webp 528w, https:\/\/www.carmowood.com\/files\/uploads\/2026\/02\/coberturas-de-colmo-premium-300x185.webp 300w\" \/>                        <\/div>\n        <div class=\"content-wrapper\">\n            <div class=\"title-wrapper\">\n                <h3 class=\"post-title\">Toitures en chaume haut de gamme<\/h3>\n                <div class=\"diagonal-arrow\"><svg xmlns=\"http:\/\/www.w3.org\/2000\/svg\" width=\"12\" height=\"12\" viewBox=\"0 0 12 12\"><g fill=\"none\" fill-rule=\"evenodd\" stroke=\"#31261D\" transform=\"translate(.6 .6)\"><polyline stroke-width=\"2\" points=\"2.4 .4 10.4 .4 10.4 8.4\"\/><line x1=\".4\" x2=\"10.4\" y1=\"10.4\" y2=\".4\" stroke-width=\"2\"\/><\/g><\/svg><\/div>\n            <\/div>\n        <\/div>\n    <\/a>\n<\/div>        <\/div>\n    <\/div>\n\n<div class=\"wp-block-kobu-custom-blocks-responsive-spacer responsive-spacer size-large\"><\/div><br>\n\n<p><\/p>\n","protected":false},"excerpt":{"rendered":"<p>Ombrage Choisissez le type d&#8217;ombrage souhait\u00e9<\/p>\n","protected":false},"author":1,"featured_media":6863,"parent":9476,"menu_order":0,"comment_status":"closed","ping_status":"closed","template":"templates\/product-category.php","meta":{"_acf_changed":false,"inline_featured_image":false,"footnotes":""},"class_list":["post-10314","page","type-page","status-publish","has-post-thumbnail","hentry"],"acf":[],"_links":{"self":[{"href":"https:\/\/www.carmowood.com\/fr\/wp-json\/wp\/v2\/pages\/10314","targetHints":{"allow":["GET"]}}],"collection":[{"href":"https:\/\/www.carmowood.com\/fr\/wp-json\/wp\/v2\/pages"}],"about":[{"href":"https:\/\/www.carmowood.com\/fr\/wp-json\/wp\/v2\/types\/page"}],"author":[{"embeddable":true,"href":"https:\/\/www.carmowood.com\/fr\/wp-json\/wp\/v2\/users\/1"}],"replies":[{"embeddable":true,"href":"https:\/\/www.carmowood.com\/fr\/wp-json\/wp\/v2\/comments?post=10314"}],"version-history":[{"count":2,"href":"https:\/\/www.carmowood.com\/fr\/wp-json\/wp\/v2\/pages\/10314\/revisions"}],"predecessor-version":[{"id":13169,"href":"https:\/\/www.carmowood.com\/fr\/wp-json\/wp\/v2\/pages\/10314\/revisions\/13169"}],"up":[{"embeddable":true,"href":"https:\/\/www.carmowood.com\/fr\/wp-json\/wp\/v2\/pages\/9476"}],"wp:featuredmedia":[{"embeddable":true,"href":"https:\/\/www.carmowood.com\/fr\/wp-json\/wp\/v2\/media\/6863"}],"wp:attachment":[{"href":"https:\/\/www.carmowood.com\/fr\/wp-json\/wp\/v2\/media?parent=10314"}],"curies":[{"name":"wp","href":"https:\/\/api.w.org\/{rel}","templated":true}]}}