{"id":11419,"date":"2026-01-30T10:01:02","date_gmt":"2026-01-30T10:01:02","guid":{"rendered":"https:\/\/www.carmowood.com\/produtos\/senalizacion-pequena\/"},"modified":"2026-01-30T10:01:02","modified_gmt":"2026-01-30T10:01:02","slug":"senalizacion-pequena","status":"publish","type":"product","link":"https:\/\/www.carmowood.com\/es\/produtos\/senalizacion-pequena\/","title":{"rendered":"Se\u00f1alizaci\u00f3n Peque\u00f1a"},"content":{"rendered":"","protected":false},"excerpt":{"rendered":"","protected":false},"featured_media":4550,"parent":0,"menu_order":11609,"template":"","product_cat":[223,306,289,313],"class_list":["post-11419","product","type-product","status-publish","has-post-thumbnail","hentry","product_cat-carmoform","product_cat-luminarias-senalizacion-y-otros","product_cat-mobiliario-y-equipamiento-de-exterior","product_cat-senalizacion"],"acf":[],"_links":{"self":[{"href":"https:\/\/www.carmowood.com\/es\/wp-json\/wp\/v2\/product\/11419","targetHints":{"allow":["GET"]}}],"collection":[{"href":"https:\/\/www.carmowood.com\/es\/wp-json\/wp\/v2\/product"}],"about":[{"href":"https:\/\/www.carmowood.com\/es\/wp-json\/wp\/v2\/types\/product"}],"version-history":[{"count":0,"href":"https:\/\/www.carmowood.com\/es\/wp-json\/wp\/v2\/product\/11419\/revisions"}],"wp:featuredmedia":[{"embeddable":true,"href":"https:\/\/www.carmowood.com\/es\/wp-json\/wp\/v2\/media\/4550"}],"wp:attachment":[{"href":"https:\/\/www.carmowood.com\/es\/wp-json\/wp\/v2\/media?parent=11419"}],"wp:term":[{"taxonomy":"product_cat","embeddable":true,"href":"https:\/\/www.carmowood.com\/es\/wp-json\/wp\/v2\/product_cat?post=11419"}],"curies":[{"name":"wp","href":"https:\/\/api.w.org\/{rel}","templated":true}]}}