{"id":9600,"date":"2026-01-27T09:51:49","date_gmt":"2026-01-27T09:51:49","guid":{"rendered":"https:\/\/www.carmowood.com\/mobiliario-y-equipamiento-de-exterior\/espacios-turisticos\/"},"modified":"2026-03-30T13:38:32","modified_gmt":"2026-03-30T13:38:32","slug":"espacios-turisticos","status":"publish","type":"page","link":"https:\/\/www.carmowood.com\/es\/carmoform\/soluciones\/mobiliario-y-equipamiento-de-exterior\/espacios-turisticos\/","title":{"rendered":"Espacios Tur\u00edsticos"},"content":{"rendered":"<noscript class=\"loading-lazy\">\n<figure class=\"wp-block-image alignfull size-full\"><img loading=\"lazy\" decoding=\"async\" width=\"1920\" height=\"820\" src=\"https:\/\/www.carmowood.com\/files\/uploads\/2026\/01\/lazer-e-mobiliario-espacos-turisticos-01.jpg\" alt=\"Carmo\" class=\"wp-image-2078\" srcset=\"https:\/\/www.carmowood.com\/files\/uploads\/2026\/01\/lazer-e-mobiliario-espacos-turisticos-01.jpg 1920w, https:\/\/www.carmowood.com\/files\/uploads\/2026\/01\/lazer-e-mobiliario-espacos-turisticos-01-300x128.jpg 300w, https:\/\/www.carmowood.com\/files\/uploads\/2026\/01\/lazer-e-mobiliario-espacos-turisticos-01-1024x437.jpg 1024w, https:\/\/www.carmowood.com\/files\/uploads\/2026\/01\/lazer-e-mobiliario-espacos-turisticos-01-768x328.jpg 768w, https:\/\/www.carmowood.com\/files\/uploads\/2026\/01\/lazer-e-mobiliario-espacos-turisticos-01-1536x656.jpg 1536w\" sizes=\"auto, (max-width: 1920px) 100vw, 1920px\" \/><\/figure>\n<\/noscript>\n<div class=\"wp-block-kobu-custom-blocks-responsive-spacer responsive-spacer size-large\"><\/div><br>\n\n<h2 class=\"wp-block-heading alignwide\"><span aria-hidden=\"true\"><span aria-hidden=\"true\"><span aria-hidden=\"true\"><span aria-hidden=\"true\"><span aria-hidden=\"true\">Conozca las ventajas de elegir CarmoForm para construir su espacio tur\u00edstico<\/span><\/span><\/span><\/span><\/span><\/h2>\n\n<div class=\"wp-block-kobu-custom-blocks-inner-content-img media-content-group child-item align-right valign-start img-first alignextrawide\"><div class=\"media-col\"><figure><img loading=\"lazy\" decoding=\"async\" width=\"960\" height=\"540\" class=\"wp-image-13037\" src=\"https:\/\/www.carmowood.com\/files\/uploads\/2026\/03\/Passadicos-com-torre.png\" alt=\"\" title=\"Passadi\u00e7os com torre\" sizes=\"auto, (min-width: 1201px) 35vw, (min-width: 601px) 50vw, 100vw\" srcset=\"https:\/\/www.carmowood.com\/files\/uploads\/2026\/03\/Passadicos-com-torre.png 960w, https:\/\/www.carmowood.com\/files\/uploads\/2026\/03\/Passadicos-com-torre-300x169.png 300w, https:\/\/www.carmowood.com\/files\/uploads\/2026\/03\/Passadicos-com-torre-768x432.png 768w\" \/><\/figure><\/div><div class=\"content-col\"><div class=\"content-col-wrapper\">\n<p>En CarmoForm, creamos y construimos espacios tur\u00edsticos acogedores, en completa integraci\u00f3n con la naturaleza. Con nuestra experiencia en proporcionar e instalar soluciones en madera tratada, trabajamos una amplia gama de espacios y prop\u00f3sitos, desde muebles de jard\u00edn hasta quioscos y almacenes de madera. En nuestro portafolio encontrar\u00e1 todas las soluciones que necesita para crear su espacio, utilizando solo madera.<\/p>\n\n\n\n<p>Al elegir colaborar con CarmoForm, se beneficia de la garant\u00eda de durabilidad que damos a la madera. Adem\u00e1s, nos enorgullece ofrecer una amplia gama de productos que se adaptan a diversas necesidades. Siempre con el compromiso de optar por materiales y soluciones que respetan la sostenibilidad y el equilibrio del medio ambiente.<\/p>\n\n\n\n<p>Al elegir colaborar con CarmoForm, se beneficia de la garant\u00eda de durabilidad que damos a la madera. Adem\u00e1s, nos enorgullece ofrecer una amplia gama de productos que se adaptan a diversas necesidades. Siempre con el compromiso de optar por materiales y soluciones que respetan la sostenibilidad y el equilibrio del medio ambiente.<\/p>\n\n\n\n<div class=\"wp-block-buttons is-layout-flex wp-block-buttons-is-layout-flex\">\n<div class=\"wp-block-button\"><a class=\"wp-block-button__link wp-element-button\" href=\"https:\/\/portfolio.carmoform.com\/esenciales\" target=\"_blank\" rel=\"noopener\">Cat\u00e1logo<\/a><\/div>\n<\/div>\n<\/div><\/div><\/div>\n\n<div class=\"wp-block-kobu-custom-blocks-responsive-spacer responsive-spacer size-large\"><\/div><br>\n\n<div class=\"wp-block-kobu-custom-blocks-responsive-spacer responsive-spacer size-medium\"><\/div><br>\n\n<p><\/p>\n","protected":false},"excerpt":{"rendered":"<p>Conozca las ventajas de elegir CarmoForm para construir su espacio tur\u00edstico<\/p>\n","protected":false},"author":1,"featured_media":2080,"parent":9474,"menu_order":0,"comment_status":"closed","ping_status":"closed","template":"templates\/product-category.php","meta":{"_acf_changed":false,"inline_featured_image":false,"footnotes":""},"class_list":["post-9600","page","type-page","status-publish","has-post-thumbnail","hentry"],"acf":[],"_links":{"self":[{"href":"https:\/\/www.carmowood.com\/es\/wp-json\/wp\/v2\/pages\/9600","targetHints":{"allow":["GET"]}}],"collection":[{"href":"https:\/\/www.carmowood.com\/es\/wp-json\/wp\/v2\/pages"}],"about":[{"href":"https:\/\/www.carmowood.com\/es\/wp-json\/wp\/v2\/types\/page"}],"author":[{"embeddable":true,"href":"https:\/\/www.carmowood.com\/es\/wp-json\/wp\/v2\/users\/1"}],"replies":[{"embeddable":true,"href":"https:\/\/www.carmowood.com\/es\/wp-json\/wp\/v2\/comments?post=9600"}],"version-history":[{"count":4,"href":"https:\/\/www.carmowood.com\/es\/wp-json\/wp\/v2\/pages\/9600\/revisions"}],"predecessor-version":[{"id":13460,"href":"https:\/\/www.carmowood.com\/es\/wp-json\/wp\/v2\/pages\/9600\/revisions\/13460"}],"up":[{"embeddable":true,"href":"https:\/\/www.carmowood.com\/es\/wp-json\/wp\/v2\/pages\/9474"}],"wp:featuredmedia":[{"embeddable":true,"href":"https:\/\/www.carmowood.com\/es\/wp-json\/wp\/v2\/media\/2080"}],"wp:attachment":[{"href":"https:\/\/www.carmowood.com\/es\/wp-json\/wp\/v2\/media?parent=9600"}],"curies":[{"name":"wp","href":"https:\/\/api.w.org\/{rel}","templated":true}]}}