{"id":9568,"date":"2025-12-18T18:07:51","date_gmt":"2025-12-18T18:07:51","guid":{"rendered":"https:\/\/www.carmowood.com\/carmowood\/proyectos-financiados\/proyectos-financiados-compete2020\/"},"modified":"2026-02-24T11:12:10","modified_gmt":"2026-02-24T11:12:10","slug":"proyectos-financiados-compete2020","status":"publish","type":"page","link":"https:\/\/www.carmowood.com\/es\/carmowood\/proyectos-financiados\/proyectos-financiados-compete2020\/","title":{"rendered":"Proyectos Financiados Compete2020"},"content":{"rendered":"\n<h3 class=\"wp-block-heading\"><strong>Refuerzo del proceso de internacionalizaci\u00f3n de CEM, con el apoyo de nuevos productos y una estrategia digital agresiva.<\/strong><\/h3>\n\n<p><strong>C\u00f3digo del proyecto<\/strong>: POCI-02-0752-FEDER-071138<br\/><strong>Objetivo principal<\/strong>: Reforzar la competitividad de las pymes.<br\/><strong>Regi\u00f3n de intervenci\u00f3n<\/strong>: Centro<br\/><strong>Entidad beneficiaria<\/strong>: CARMO ESTRUTURAS EM MADEIRA S.A.<\/p>\n\n<p><strong>Fecha de aprobaci\u00f3n<\/strong>: 13-04-2021<br\/><strong>Fecha de inicio<\/strong>: 01-09-2021<br\/><strong>Fecha de finalizaci\u00f3n<\/strong>: 30-06-2023<br\/><strong>Coste total subvencionable<\/strong>: 182 825,00 \u20ac<br\/><strong>Ayuda financiera de la Uni\u00f3n Europea<\/strong>: FEDER \u2013 82 271,25 \u20ac<\/p>\n\n<div class=\"wp-block-kobu-custom-blocks-responsive-spacer responsive-spacer size-medium\"><\/div>\n\n<h4 class=\"wp-block-heading\">Objetivos, actividades y resultados esperados\/alcanzados<\/h4>\n\n<p>Con este proyecto, Carmo Estruturas pretende expandirse en los mercados a los que ya exportaba sus productos y, adem\u00e1s, marcar su entrada en nuevos mercados internacionales. Su actividad principal es la fabricaci\u00f3n de madera y otros productos de carpinter\u00eda para la construcci\u00f3n, y se espera que en el a\u00f1o posterior al proyecto alcance un volumen de negocio de 13 048 992,14 \u20ac, lo que representa una intensidad de exportaci\u00f3n del 35,48%.<\/p>\n\n<div class=\"wp-block-kobu-custom-blocks-responsive-spacer responsive-spacer size-large\"><\/div><br>\n\n<h3 class=\"wp-block-heading\">Innovaci\u00f3n empresarial<\/h3>\n\n<p><strong>Denominaci\u00f3n del proyecto<\/strong>: Innovaci\u00f3n empresarial<br\/><strong>C\u00f3digo del proyecto<\/strong>: CENTRO-02-0853-FEDER-018440<br\/><strong>Objetivo principal<\/strong>: Reforzar la competitividad de las peque\u00f1as y medianas empresas<br\/><strong>Regi\u00f3n de intervenci\u00f3n<\/strong>: Centro<br\/><strong>Entidad beneficiaria<\/strong>: CARMO S.A.<\/p>\n\n<p><strong>Fecha de aprobaci\u00f3n<\/strong>: 14-09-2016<br\/><strong>Fecha de inicio<\/strong>: 01-04-2016<br\/><strong>Fecha de finalizaci\u00f3n<\/strong>: 31-12-2017<br\/><strong>Coste total subvencionable<\/strong>: 633 205,00 \u20ac<br\/><strong>Ayuda financiera de la Uni\u00f3n Europea<\/strong>: FEDER &#8211; 443 243,5 \u20ac<\/p>\n\n<p>Implementar nuevas pr\u00e1cticas empresariales, siguiendo una estrategia rigurosamente planificada, con el fin de aumentar la capacidad de respuesta e incrementar la diversidad y el valor de su oferta de perfiles met\u00e1licos, respondiendo de la mejor manera posible a las necesidades de cada cliente.<\/p>\n\n<div class=\"wp-block-kobu-custom-blocks-responsive-spacer responsive-spacer size-large\"><\/div><br>\n\n<h3 class=\"wp-block-heading\">Expansi\u00f3n mundial de Carmo SA \u2013 Estrategia digital de captaci\u00f3n de nuevos clientes en mercados internacionales nuevos y existentes.<\/h3>\n\n<p><strong>C\u00f3digo del proyecto<\/strong>: POCI-02-0752-FEDER-040655<br\/><strong>Objetivo principal<\/strong>: Reforzar la competitividad de las pymes<br\/><strong>Regi\u00f3n de intervenci\u00f3n<\/strong>: Centro<br\/><strong>Entidad beneficiaria<\/strong>: Carmo, S.A.<\/p>\n\n<p><strong>Fecha de aprobaci\u00f3n<\/strong>: 10-04-2019<br\/><strong>Fecha de inicio<\/strong>: 05-09-2018<br\/><strong>Fecha de finalizaci\u00f3n<\/strong>: 04-09-2021<br\/><strong>Coste total subvencionable<\/strong>: 865 199,03 \u20ac<br\/><strong>Ayuda financiera de la Uni\u00f3n Europea<\/strong>: FEDER \u2013 389 339,56 \u20ac<\/p>\n\n<div class=\"wp-block-kobu-custom-blocks-responsive-spacer responsive-spacer size-medium\"><\/div>\n\n<h4 class=\"wp-block-heading\">Objetivos, actividades y resultados esperados\/alcanzados<\/h4>\n\n<p>La empresa pretende reforzar su estrategia de expansi\u00f3n internacional, impulsando su entrada en pa\u00edses objetivo considerados atractivos, en concreto (China, Suiza, Hungr\u00eda, T\u00fanez, Argelia, Mauritania, Chile, Argentina, Costa de Marfil, Brasil y Grecia).<\/p>\n\n<p>Para ello, se ha ideado un plan de acciones\/inversiones entre las que destacan:<\/p>\n\n<ul class=\"wp-block-list\">\n<li>participaci\u00f3n en ferias internacionales, realizaci\u00f3n de viajes de prospecci\u00f3n a los mercados objetivo y visita a ferias del sector;<\/li>\n\n\n\n<li>desarrollo y promoci\u00f3n internacional de marcas a trav\u00e9s de publicidad en prensa especializada, desarrollo de campa\u00f1as de marketing dirigidas;<\/li>\n\n\n\n<li>contrataci\u00f3n de dos nuevos t\u00e9cnicos asignados al proyecto.<\/li>\n<\/ul>\n\n<div class=\"wp-block-kobu-custom-blocks-responsive-spacer responsive-spacer size-large\"><\/div><br>\n","protected":false},"excerpt":{"rendered":"<p>Refuerzo del proceso de internacionalizaci\u00f3n de CEM, con el apoyo de nuevos productos y una estrategia digital agresiva. C\u00f3digo del proyecto: POCI-02-0752-FEDER-071138Objetivo principal: Reforzar la [&hellip;]<\/p>\n","protected":false},"author":1,"featured_media":0,"parent":9164,"menu_order":0,"comment_status":"closed","ping_status":"closed","template":"","meta":{"_acf_changed":false,"inline_featured_image":false,"footnotes":""},"class_list":["post-9568","page","type-page","status-publish","hentry"],"acf":[],"_links":{"self":[{"href":"https:\/\/www.carmowood.com\/es\/wp-json\/wp\/v2\/pages\/9568","targetHints":{"allow":["GET"]}}],"collection":[{"href":"https:\/\/www.carmowood.com\/es\/wp-json\/wp\/v2\/pages"}],"about":[{"href":"https:\/\/www.carmowood.com\/es\/wp-json\/wp\/v2\/types\/page"}],"author":[{"embeddable":true,"href":"https:\/\/www.carmowood.com\/es\/wp-json\/wp\/v2\/users\/1"}],"replies":[{"embeddable":true,"href":"https:\/\/www.carmowood.com\/es\/wp-json\/wp\/v2\/comments?post=9568"}],"version-history":[{"count":1,"href":"https:\/\/www.carmowood.com\/es\/wp-json\/wp\/v2\/pages\/9568\/revisions"}],"predecessor-version":[{"id":9569,"href":"https:\/\/www.carmowood.com\/es\/wp-json\/wp\/v2\/pages\/9568\/revisions\/9569"}],"up":[{"embeddable":true,"href":"https:\/\/www.carmowood.com\/es\/wp-json\/wp\/v2\/pages\/9164"}],"wp:attachment":[{"href":"https:\/\/www.carmowood.com\/es\/wp-json\/wp\/v2\/media?parent=9568"}],"curies":[{"name":"wp","href":"https:\/\/api.w.org\/{rel}","templated":true}]}}