{"id":9474,"date":"2026-01-27T09:50:41","date_gmt":"2026-01-27T09:50:41","guid":{"rendered":"https:\/\/www.carmowood.com\/mobiliario-y-equipamiento-de-exterior\/"},"modified":"2026-03-24T09:24:46","modified_gmt":"2026-03-24T09:24:46","slug":"mobiliario-y-equipamiento-de-exterior","status":"publish","type":"page","link":"https:\/\/www.carmowood.com\/es\/carmoform\/soluciones\/mobiliario-y-equipamiento-de-exterior\/","title":{"rendered":"Mobiliario y Equipamiento de Exterior"},"content":{"rendered":"<noscript class=\"loading-lazy\">\n<figure class=\"wp-block-image alignfull size-large\"><img loading=\"lazy\" decoding=\"async\" width=\"1024\" height=\"576\" src=\"https:\/\/www.carmowood.com\/files\/uploads\/2026\/03\/Mobiliario-e-Equipamento-de-Exterior-1024x576.webp\" alt=\"\" class=\"wp-image-12638\" srcset=\"https:\/\/www.carmowood.com\/files\/uploads\/2026\/03\/Mobiliario-e-Equipamento-de-Exterior-1024x576.webp 1024w, https:\/\/www.carmowood.com\/files\/uploads\/2026\/03\/Mobiliario-e-Equipamento-de-Exterior-300x169.webp 300w, https:\/\/www.carmowood.com\/files\/uploads\/2026\/03\/Mobiliario-e-Equipamento-de-Exterior-768x432.webp 768w, https:\/\/www.carmowood.com\/files\/uploads\/2026\/03\/Mobiliario-e-Equipamento-de-Exterior-1536x864.webp 1536w, https:\/\/www.carmowood.com\/files\/uploads\/2026\/03\/Mobiliario-e-Equipamento-de-Exterior.webp 1640w\" sizes=\"auto, (max-width: 1024px) 100vw, 1024px\" \/><\/figure>\n<\/noscript>\n<div class=\"wp-block-kobu-custom-blocks-responsive-spacer responsive-spacer size-large\"><\/div><br>\n\n<h2 class=\"wp-block-heading alignwide\"><span aria-hidden=\"true\"><span aria-hidden=\"true\">Descubre por qu\u00e9 elegir CarmoForm para tu espacio de ocio<\/span><\/span><\/h2>\n\n<div class=\"wp-block-kobu-custom-blocks-inner-content-img media-content-group child-item align-right valign-start img-first alignextrawide\"><div class=\"media-col\"><figure><img loading=\"lazy\" decoding=\"async\" width=\"1177\" height=\"668\" class=\"wp-image-12643\" src=\"https:\/\/www.carmowood.com\/files\/uploads\/2026\/03\/espaco-de-lazer.png\" alt=\"\" title=\"espaco-de-lazer\" sizes=\"auto, (min-width: 1201px) 35vw, (min-width: 601px) 50vw, 100vw\" srcset=\"https:\/\/www.carmowood.com\/files\/uploads\/2026\/03\/espaco-de-lazer.png 1177w, https:\/\/www.carmowood.com\/files\/uploads\/2026\/03\/espaco-de-lazer-300x170.png 300w, https:\/\/www.carmowood.com\/files\/uploads\/2026\/03\/espaco-de-lazer-1024x581.png 1024w, https:\/\/www.carmowood.com\/files\/uploads\/2026\/03\/espaco-de-lazer-768x436.png 768w\" \/><\/figure><\/div><div class=\"content-col\"><div class=\"content-col-wrapper\">\n<p>En CarmoForm, ofrecemos soluciones personalizadas en madera tratada para espacios de recreo. Desde el mobiliario hasta las estructuras inherentes, creamos ambientes acogedores y duraderos que reflejan la esencia de nuestra empresa \u2014 <strong> la pasi\u00f3n por la madera tratada<\/strong>.<\/p>\n\n\n\n<p>Nuestras soluciones no se limitan solo al mobiliario urbano predefinido: tambi\u00e9n dise\u00f1amos y construimos espacios vers\u00e1tiles, como terrazas y p\u00e9rgolas, que permiten disfrutar de la belleza natural de la madera. Con una reputaci\u00f3n de durabilidad y confianza, nos destacamos como una opci\u00f3n sostenible y amigable con el medio ambiente, con una gama de productos incomparable en el mercado. Adem\u00e1s de suministrar los productos, tambi\u00e9n podemos garantizar el montaje y\/o instalaci\u00f3n de todo el espacio.<\/p>\n\n\n\n<p>\u00a1Cont\u00e1ctenos para saber c\u00f3mo podemos ayudar a dise\u00f1ar, fabricar e instalar su espacio de ocio!<\/p>\n<\/div><\/div><\/div>\n\n<div class=\"wp-block-kobu-custom-blocks-responsive-spacer responsive-spacer size-large\"><\/div><br>\n\n<div class=\"wp-block-kobu-custom-blocks-inner-content-img media-content-group child-item align-right valign-start img-last alignmedium\"><div class=\"content-col\"><div class=\"content-col-wrapper\">\n<h3 class=\"wp-block-heading\"><strong><strong>Veja o nosso Cat\u00e1logo Essentials<\/strong><\/strong><\/h3>\n\n\n\n<div class=\"wp-block-buttons is-layout-flex wp-block-buttons-is-layout-flex\">\n<div class=\"wp-block-button\"><a class=\"wp-block-button__link wp-element-button\" href=\"https:\/\/portfolio.carmoform.com\/essentials\" target=\"_blank\" rel=\"noreferrer noopener\">Ver Cat\u00e1logo<\/a><\/div>\n<\/div>\n<\/div><\/div><div class=\"media-col\"><figure><img loading=\"lazy\" decoding=\"async\" width=\"749\" height=\"749\" class=\"wp-image-12896\" src=\"https:\/\/www.carmowood.com\/files\/uploads\/2026\/03\/catalogo-carmoform-essentials2026.webp\" alt=\"\" title=\"catalogo-carmoform-essentials2026\" sizes=\"auto, (min-width: 1201px) 35vw, (min-width: 601px) 50vw, 100vw\" srcset=\"https:\/\/www.carmowood.com\/files\/uploads\/2026\/03\/catalogo-carmoform-essentials2026.webp 749w, https:\/\/www.carmowood.com\/files\/uploads\/2026\/03\/catalogo-carmoform-essentials2026-300x300.webp 300w, https:\/\/www.carmowood.com\/files\/uploads\/2026\/03\/catalogo-carmoform-essentials2026-150x150.webp 150w\" \/><\/figure><\/div><\/div>\n\n<div class=\"wp-block-kobu-custom-blocks-responsive-spacer responsive-spacer size-large\"><\/div><br>\n\n<h2 class=\"wp-block-heading alignwide\"><span aria-hidden=\"true\"> Insp\u00edrate con las soluciones en madera para tu espacio exterior<\/span><\/h2>\n\n<div class=\"wp-block-kobu-custom-blocks-responsive-spacer responsive-spacer size-large\"><\/div><br>\n    <div class=\"pages-list-block alignwide\">\n        <div class=\"pages three_columns\">\n                            <div class=\"page\">\n                    <a href=\"https:\/\/www.carmowood.com\/es\/carmoform\/soluciones\/mobiliario-y-equipamiento-de-exterior\/espacios-de-ocio\/\">\n                        <img loading=\"lazy\" decoding=\"async\" width=\"640\" height=\"273\" src=\"https:\/\/www.carmowood.com\/files\/uploads\/2026\/01\/lazer-e-mobiliario-espacos-de-lazer-01-768x328.jpg\" class=\"coverimg\" alt=\"\" sizes=\"auto, (min-width: 601px) 50vw, 100vw\" srcset=\"https:\/\/www.carmowood.com\/files\/uploads\/2026\/01\/lazer-e-mobiliario-espacos-de-lazer-01-768x328.jpg 768w, https:\/\/www.carmowood.com\/files\/uploads\/2026\/01\/lazer-e-mobiliario-espacos-de-lazer-01-300x128.jpg 300w, https:\/\/www.carmowood.com\/files\/uploads\/2026\/01\/lazer-e-mobiliario-espacos-de-lazer-01-1024x437.jpg 1024w, https:\/\/www.carmowood.com\/files\/uploads\/2026\/01\/lazer-e-mobiliario-espacos-de-lazer-01-1536x656.jpg 1536w, https:\/\/www.carmowood.com\/files\/uploads\/2026\/01\/lazer-e-mobiliario-espacos-de-lazer-01.jpg 1920w\" \/>                        <div class=\"title-wrapper\">\n                            <h3>Espacios de Ocio<\/h3>\n                        <\/div>\n                    <\/a>\n                <\/div>\n                            <div class=\"page\">\n                    <a href=\"https:\/\/www.carmowood.com\/es\/carmoform\/soluciones\/mobiliario-y-equipamiento-de-exterior\/espacios-turisticos\/\">\n                        <img loading=\"lazy\" decoding=\"async\" width=\"640\" height=\"273\" src=\"https:\/\/www.carmowood.com\/files\/uploads\/2026\/01\/lazer-e-mobiliario-espacos-turisticos-01-768x328.jpg\" class=\"coverimg\" alt=\"\" sizes=\"auto, (min-width: 601px) 50vw, 100vw\" srcset=\"https:\/\/www.carmowood.com\/files\/uploads\/2026\/01\/lazer-e-mobiliario-espacos-turisticos-01-768x328.jpg 768w, https:\/\/www.carmowood.com\/files\/uploads\/2026\/01\/lazer-e-mobiliario-espacos-turisticos-01-300x128.jpg 300w, https:\/\/www.carmowood.com\/files\/uploads\/2026\/01\/lazer-e-mobiliario-espacos-turisticos-01-1024x437.jpg 1024w, https:\/\/www.carmowood.com\/files\/uploads\/2026\/01\/lazer-e-mobiliario-espacos-turisticos-01-1536x656.jpg 1536w, https:\/\/www.carmowood.com\/files\/uploads\/2026\/01\/lazer-e-mobiliario-espacos-turisticos-01.jpg 1920w\" \/>                        <div class=\"title-wrapper\">\n                            <h3>Espacios Tur\u00edsticos<\/h3>\n                        <\/div>\n                    <\/a>\n                <\/div>\n                            <div class=\"page\">\n                    <a href=\"https:\/\/www.carmowood.com\/es\/carmoform\/soluciones\/mobiliario-y-equipamiento-de-exterior\/espacios-urbanos\/\">\n                        <img loading=\"lazy\" decoding=\"async\" width=\"640\" height=\"336\" src=\"https:\/\/www.carmowood.com\/files\/uploads\/2026\/01\/lazer-e-mobiliario-espacos-urbanos-18-768x403.jpg\" class=\"coverimg\" alt=\"\" sizes=\"auto, (min-width: 601px) 50vw, 100vw\" srcset=\"https:\/\/www.carmowood.com\/files\/uploads\/2026\/01\/lazer-e-mobiliario-espacos-urbanos-18-768x403.jpg 768w, https:\/\/www.carmowood.com\/files\/uploads\/2026\/01\/lazer-e-mobiliario-espacos-urbanos-18-300x158.jpg 300w, https:\/\/www.carmowood.com\/files\/uploads\/2026\/01\/lazer-e-mobiliario-espacos-urbanos-18-1024x538.jpg 1024w, https:\/\/www.carmowood.com\/files\/uploads\/2026\/01\/lazer-e-mobiliario-espacos-urbanos-18.jpg 1200w\" \/>                        <div class=\"title-wrapper\">\n                            <h3>Espacios Urbanos<\/h3>\n                        <\/div>\n                    <\/a>\n                <\/div>\n                            <div class=\"page\">\n                    <a href=\"https:\/\/www.carmowood.com\/es\/carmoform\/soluciones\/mobiliario-y-equipamiento-de-exterior\/mobiliario-de-diseno\/\">\n                        <img loading=\"lazy\" decoding=\"async\" width=\"640\" height=\"273\" src=\"https:\/\/www.carmowood.com\/files\/uploads\/2026\/01\/lazer-e-mobiliario-mobiliario-de-design-01-768x328.jpg\" class=\"coverimg\" alt=\"\" sizes=\"auto, (min-width: 601px) 50vw, 100vw\" srcset=\"https:\/\/www.carmowood.com\/files\/uploads\/2026\/01\/lazer-e-mobiliario-mobiliario-de-design-01-768x328.jpg 768w, https:\/\/www.carmowood.com\/files\/uploads\/2026\/01\/lazer-e-mobiliario-mobiliario-de-design-01-300x128.jpg 300w, https:\/\/www.carmowood.com\/files\/uploads\/2026\/01\/lazer-e-mobiliario-mobiliario-de-design-01-1024x437.jpg 1024w, https:\/\/www.carmowood.com\/files\/uploads\/2026\/01\/lazer-e-mobiliario-mobiliario-de-design-01-1536x656.jpg 1536w, https:\/\/www.carmowood.com\/files\/uploads\/2026\/01\/lazer-e-mobiliario-mobiliario-de-design-01.jpg 1920w\" \/>                        <div class=\"title-wrapper\">\n                            <h3>Mobiliario de Dise\u00f1o<\/h3>\n                        <\/div>\n                    <\/a>\n                <\/div>\n                    <\/div>\n    <\/div>\n    \n<div class=\"wp-block-kobu-custom-blocks-responsive-spacer responsive-spacer size-large\"><\/div><br>\n","protected":false},"excerpt":{"rendered":"<p>Descubre por qu\u00e9 elegir CarmoForm para tu espacio de ocio Insp\u00edrate con las soluciones en madera para tu espacio exterior<\/p>\n","protected":false},"author":1,"featured_media":12641,"parent":10386,"menu_order":3,"comment_status":"closed","ping_status":"closed","template":"templates\/product-category.php","meta":{"_acf_changed":false,"inline_featured_image":false,"footnotes":""},"class_list":["post-9474","page","type-page","status-publish","has-post-thumbnail","hentry"],"acf":[],"_links":{"self":[{"href":"https:\/\/www.carmowood.com\/es\/wp-json\/wp\/v2\/pages\/9474","targetHints":{"allow":["GET"]}}],"collection":[{"href":"https:\/\/www.carmowood.com\/es\/wp-json\/wp\/v2\/pages"}],"about":[{"href":"https:\/\/www.carmowood.com\/es\/wp-json\/wp\/v2\/types\/page"}],"author":[{"embeddable":true,"href":"https:\/\/www.carmowood.com\/es\/wp-json\/wp\/v2\/users\/1"}],"replies":[{"embeddable":true,"href":"https:\/\/www.carmowood.com\/es\/wp-json\/wp\/v2\/comments?post=9474"}],"version-history":[{"count":3,"href":"https:\/\/www.carmowood.com\/es\/wp-json\/wp\/v2\/pages\/9474\/revisions"}],"predecessor-version":[{"id":13287,"href":"https:\/\/www.carmowood.com\/es\/wp-json\/wp\/v2\/pages\/9474\/revisions\/13287"}],"up":[{"embeddable":true,"href":"https:\/\/www.carmowood.com\/es\/wp-json\/wp\/v2\/pages\/10386"}],"wp:featuredmedia":[{"embeddable":true,"href":"https:\/\/www.carmowood.com\/es\/wp-json\/wp\/v2\/media\/12641"}],"wp:attachment":[{"href":"https:\/\/www.carmowood.com\/es\/wp-json\/wp\/v2\/media?parent=9474"}],"curies":[{"name":"wp","href":"https:\/\/api.w.org\/{rel}","templated":true}]}}