{"id":9310,"date":"2026-02-23T16:59:37","date_gmt":"2026-02-23T16:59:37","guid":{"rendered":"https:\/\/www.carmowood.com\/carmowood\/proyectos-financiados\/proyectos-financiados-centro2030\/"},"modified":"2026-02-23T18:08:14","modified_gmt":"2026-02-23T18:08:14","slug":"proyectos-financiados-centro2030","status":"publish","type":"page","link":"https:\/\/www.carmowood.com\/es\/carmowood\/proyectos-financiados\/proyectos-financiados-centro2030\/","title":{"rendered":"Proyectos Financiados Centro2030"},"content":{"rendered":"\n<h3 class=\"wp-block-heading\"><strong>Hybrid Component solutions for modular construction<\/strong><\/h3>\n\n\n\n<p><strong>Denominaci\u00f3n del proyecto<\/strong>: Soluciones de componentes h\u00edbridos para la construcci\u00f3n modular<br><strong>Entidad beneficiaria:<\/strong> CARMO ESTRUTURAS EM MADEIRA S.A.<br><strong>Coste total subvencionable:<\/strong> 1.495.046,56 \u20ac<br><strong>Ayuda financiera de la Uni\u00f3n Europea:<\/strong> FEDER \u2013 1.056.308,19 \u20ac<\/p>\n\n\n\n<p>El proyecto HyMoTion tiene como objetivo desarrollar soluciones de componentes h\u00edbridos con un rendimiento optimizado para el sector de la construcci\u00f3n, promoviendo la construcci\u00f3n modular, la rapidez de ejecuci\u00f3n y la sostenibilidad de este sector.<\/p>\n\n\n\n<p>La gran necesidad de viviendas a precios controlados es el motivo para el desarrollo de soluciones de fabricaci\u00f3n r\u00e1pida mediante la prefabricaci\u00f3n, lo que permite un control m\u00e1s eficaz de los residuos generados, los procesos de montaje y la garant\u00eda de conformidad, lo que posibilita el desarrollo de edificios m\u00e1s econ\u00f3micos y sostenibles.<\/p>\n\n\n\n<p>Se pretende alcanzar en el a\u00f1o posterior al proyecto un valor neto de 13 150 596,71 \u20ac, un valor a\u00f1adido bruto de 3 360 182,55 \u20ac y 15 puestos de trabajo altamente cualificados.<\/p>\n\n\n\n<div class=\"wp-block-kobu-custom-blocks-responsive-spacer responsive-spacer size-large\"><\/div>\n","protected":false},"excerpt":{"rendered":"<p>Hybrid Component solutions for modular construction Denominaci\u00f3n del proyecto: Soluciones de componentes h\u00edbridos para la construcci\u00f3n modularEntidad beneficiaria: CARMO ESTRUTURAS EM MADEIRA S.A.Coste total subvencionable: [&hellip;]<\/p>\n","protected":false},"author":1,"featured_media":0,"parent":9164,"menu_order":0,"comment_status":"closed","ping_status":"closed","template":"templates\/funded_projects_detail.php","meta":{"_acf_changed":false,"inline_featured_image":false,"footnotes":""},"class_list":["post-9310","page","type-page","status-publish","hentry"],"acf":[],"_links":{"self":[{"href":"https:\/\/www.carmowood.com\/es\/wp-json\/wp\/v2\/pages\/9310","targetHints":{"allow":["GET"]}}],"collection":[{"href":"https:\/\/www.carmowood.com\/es\/wp-json\/wp\/v2\/pages"}],"about":[{"href":"https:\/\/www.carmowood.com\/es\/wp-json\/wp\/v2\/types\/page"}],"author":[{"embeddable":true,"href":"https:\/\/www.carmowood.com\/es\/wp-json\/wp\/v2\/users\/1"}],"replies":[{"embeddable":true,"href":"https:\/\/www.carmowood.com\/es\/wp-json\/wp\/v2\/comments?post=9310"}],"version-history":[{"count":2,"href":"https:\/\/www.carmowood.com\/es\/wp-json\/wp\/v2\/pages\/9310\/revisions"}],"predecessor-version":[{"id":9330,"href":"https:\/\/www.carmowood.com\/es\/wp-json\/wp\/v2\/pages\/9310\/revisions\/9330"}],"up":[{"embeddable":true,"href":"https:\/\/www.carmowood.com\/es\/wp-json\/wp\/v2\/pages\/9164"}],"wp:attachment":[{"href":"https:\/\/www.carmowood.com\/es\/wp-json\/wp\/v2\/media?parent=9310"}],"curies":[{"name":"wp","href":"https:\/\/api.w.org\/{rel}","templated":true}]}}