{"id":9291,"date":"2025-12-18T09:51:08","date_gmt":"2025-12-18T09:51:08","guid":{"rendered":"https:\/\/www.carmowood.com\/carmowood\/proyectos-financiados\/proyectos-financiados-centro2020\/"},"modified":"2026-02-23T17:46:47","modified_gmt":"2026-02-23T17:46:47","slug":"proyectos-financiados-centro2020","status":"publish","type":"page","link":"https:\/\/www.carmowood.com\/es\/carmowood\/proyectos-financiados\/proyectos-financiados-centro2020\/","title":{"rendered":"Proyectos Financiados Centro2020"},"content":{"rendered":"\n<h3 class=\"wp-block-heading\"><strong>Aumento de la capacidad productiva mediante la innovaci\u00f3n y la optimizaci\u00f3n de los procesos<\/strong><\/h3>\n\n\n\n<p><strong>Denominaci\u00f3n del proyecto<\/strong>: Aumento de la capacidad productiva mediante la innovaci\u00f3n y la optimizaci\u00f3n de procesos<br><strong>C\u00f3digo del proyecto<\/strong>: CENTRO-02-0853-FEDER-072194<br><strong>Objetivo principal<\/strong>: Reforzar la competitividad de las peque\u00f1as y medianas empresas<br><strong>Regi\u00f3n de intervenci\u00f3n:<\/strong> PO Centro<br><strong>Entidad beneficiaria:<\/strong> CARMO ESTRUTURAS EM MADEIRA S.A.<\/p>\n\n\n\n<p><strong>Fecha de aprobaci\u00f3n:<\/strong> 07-01-2021<br><strong>Fecha de inicio:<\/strong> 18-01-2021<br><strong>Fecha de finalizaci\u00f3n:<\/strong> 17-01-2023<br><strong>Coste total subvencionable:<\/strong> 1.820.365,00 \u20ac<br><strong>Ayuda financiera de la Uni\u00f3n Europea:<\/strong> FEDER \u2013 546.109,50 \u20ac<\/p>\n\n\n\n<p>En el marco del presente proyecto, el objetivo de Carmo Estruturas em Madeira es desarrollar un nuevo producto tratado como la madera para exteriores, pero que se aplique a la madera (suelos) de interior. Este nuevo producto podr\u00e1 presentarse con tratamientos en color verde, marr\u00f3n o incoloro (tratamientos posteriores a la producci\u00f3n) o sin ning\u00fan tratamiento.<\/p>\n\n\n\n<p>Se pretende alcanzar en el a\u00f1o posterior al proyecto un valor neto de 13 150 596,71 \u20ac, un valor a\u00f1adido bruto de 3 360 182,55 \u20ac y 15 puestos de trabajo altamente cualificados.<\/p>\n\n\n\n<div class=\"wp-block-kobu-custom-blocks-responsive-spacer responsive-spacer size-large\"><\/div>\n\n\n\n<h3 class=\"wp-block-heading\">Tech4Timber .: Tecnolog\u00edas para la optimizaci\u00f3n del uso de la madera con fines estructurales<\/h3>\n\n\n\n<p><strong>Denominaci\u00f3n del proyecto<\/strong>: Tech4Timber .: Tecnolog\u00edas para la optimizaci\u00f3n del uso de la madera con fines estructurales<br><strong>C\u00f3digo del proyecto:<\/strong> POCI-01-0247-FEDER-038357<br><strong>Objetivo principal:<\/strong> Reforzar la investigaci\u00f3n, el desarrollo tecnol\u00f3gico y la innovaci\u00f3n<br><strong>Entidad beneficiaria:<\/strong> CARMO ESTRUTURAS EM MADEIRA S.A.<\/p>\n\n\n\n<p><strong>Fecha de aprobaci\u00f3n:<\/strong> 2018\/10\/24<br><strong>Fecha de inicio:<\/strong> 2019\/02\/01<br><strong>Fecha de finalizaci\u00f3n:<\/strong> 2020\/07\/31<br><strong>Coste total subvencionable:<\/strong> 192 378,30 \u20ac<br><strong>Coste subvencionable (promotor principal):<\/strong> 69 465,00 \u20ac<br><strong>Ayuda financiera de la Uni\u00f3n Europea:<\/strong> 126 917,48 \u20ac<br><strong>Ayuda financiera de la Uni\u00f3n Europea (promotor principal): <\/strong>34 732,50 \u20ac<\/p>\n\n\n\n<p>El proyecto Tech4Timber tiene como objetivo demostrar las ventajas comerciales y econ\u00f3micas de la adopci\u00f3n de dos tecnolog\u00edas avanzadas de apoyo al proceso de producci\u00f3n y al producto para las industrias que utilizan madera de pino mar\u00edtimo (Pinus pinaster Ait.) para su uso en la construcci\u00f3n: clasificaci\u00f3n mec\u00e1nica de la madera para fines estructurales; trazabilidad del producto basada en la tecnolog\u00eda de la informaci\u00f3n y la comunicaci\u00f3n basada en identificadores que operan con radiofrecuencia.<\/p>\n\n\n\n<div class=\"wp-block-kobu-custom-blocks-responsive-spacer responsive-spacer size-large\"><\/div>\n","protected":false},"excerpt":{"rendered":"<p>Aumento de la capacidad productiva mediante la innovaci\u00f3n y la optimizaci\u00f3n de los procesos Denominaci\u00f3n del proyecto: Aumento de la capacidad productiva mediante la innovaci\u00f3n [&hellip;]<\/p>\n","protected":false},"author":1,"featured_media":0,"parent":9164,"menu_order":0,"comment_status":"closed","ping_status":"closed","template":"templates\/funded_projects_detail.php","meta":{"_acf_changed":false,"inline_featured_image":false,"footnotes":""},"class_list":["post-9291","page","type-page","status-publish","hentry"],"acf":[],"_links":{"self":[{"href":"https:\/\/www.carmowood.com\/es\/wp-json\/wp\/v2\/pages\/9291","targetHints":{"allow":["GET"]}}],"collection":[{"href":"https:\/\/www.carmowood.com\/es\/wp-json\/wp\/v2\/pages"}],"about":[{"href":"https:\/\/www.carmowood.com\/es\/wp-json\/wp\/v2\/types\/page"}],"author":[{"embeddable":true,"href":"https:\/\/www.carmowood.com\/es\/wp-json\/wp\/v2\/users\/1"}],"replies":[{"embeddable":true,"href":"https:\/\/www.carmowood.com\/es\/wp-json\/wp\/v2\/comments?post=9291"}],"version-history":[{"count":3,"href":"https:\/\/www.carmowood.com\/es\/wp-json\/wp\/v2\/pages\/9291\/revisions"}],"predecessor-version":[{"id":9302,"href":"https:\/\/www.carmowood.com\/es\/wp-json\/wp\/v2\/pages\/9291\/revisions\/9302"}],"up":[{"embeddable":true,"href":"https:\/\/www.carmowood.com\/es\/wp-json\/wp\/v2\/pages\/9164"}],"wp:attachment":[{"href":"https:\/\/www.carmowood.com\/es\/wp-json\/wp\/v2\/media?parent=9291"}],"curies":[{"name":"wp","href":"https:\/\/api.w.org\/{rel}","templated":true}]}}