{"id":8858,"date":"2025-12-10T15:26:34","date_gmt":"2025-12-10T15:26:34","guid":{"rendered":"https:\/\/www.carmowood.com\/historia\/"},"modified":"2026-04-13T13:49:48","modified_gmt":"2026-04-13T13:49:48","slug":"historia","status":"publish","type":"page","link":"https:\/\/www.carmowood.com\/es\/carmowood\/historia\/","title":{"rendered":"Historia"},"content":{"rendered":"\n<div class=\"wp-block-kobu-custom-blocks-section-wrapper alignfull kobu-section has-text-color has-background-color has-background has-brown-background-color has-link-color wp-elements-32ba4c329a874c09d71d847b77fe0482\">\n<div class=\"wp-block-kobu-custom-blocks-responsive-spacer responsive-spacer size-medium\"><\/div><br>\n\n\n\n<p class=\"has-text-align-center has-playfair-display-font-family has-extra-large-font-size\">Lo que vale la pena hacer, vale la pena hacerlo bien.<\/p>\n\n\n\n<div class=\"wp-block-kobu-custom-blocks-responsive-spacer responsive-spacer size-large\"><\/div><br>\n<\/div>\n\n<div class=\"wp-block-kobu-custom-blocks-responsive-spacer responsive-spacer size-large\"><\/div><br>\n\n<h2 class=\"wp-block-heading alignwide\"><strong><strong>NUESTRA HISTORIA<\/strong><\/strong><\/h2>\n\n<div class=\"wp-block-columns alignmediumlarge is-layout-flex wp-container-core-columns-is-layout-9d6595d7 wp-block-columns-is-layout-flex\">\n<div class=\"wp-block-column is-layout-flow wp-block-column-is-layout-flow\" style=\"flex-basis:26.69%\">\n<p>Con casi un siglo de historia vinculada a la madera, CarmoWood es una empresa de referencia en la producci\u00f3n, transformaci\u00f3n y valorizaci\u00f3n de este recurso natural.<\/p>\n\n\n\n<p>Nuestra trayectoria se basa en una combinaci\u00f3n de tradici\u00f3n, innovaci\u00f3n y sostenibilidad, buscando siempre crear soluciones que respondan a las necesidades del presente y se anticipen a los retos del futuro.<\/p>\n\n\n\n<p>Nuestra actividad se desarrolla en dos grandes \u00e1reas: CarmoFarm, dedicada al sector agr\u00edcola, con productos que protegen, apoyan y valorizan la producci\u00f3n nacional, y CarmoForm, orientada a la ingenier\u00eda y la construcci\u00f3n en madera, con soluciones industriales innovadoras y sostenibles que contribuyen a un futuro m\u00e1s consciente y responsable.<\/p>\n\n\n\n<p>Dos \u00e1reas distintas, pero sustentadas por una misma esencia: el saber hacer, la pasi\u00f3n por la madera y el prop\u00f3sito de generar valor con un impacto positivo en las personas, las comunidades y el planeta.<\/p>\n<\/div>\n\n\n\n<div class=\"wp-block-column is-layout-flow wp-block-column-is-layout-flow\" style=\"flex-basis:37.15%\"><noscript class=\"loading-lazy\">\n<figure class=\"wp-block-image size-large\"><img loading=\"lazy\" decoding=\"async\" width=\"1024\" height=\"683\" src=\"https:\/\/www.carmowood.com\/files\/uploads\/2026\/02\/DSCF0041-1-1024x683.webp\" alt=\"Transversal cuts on wood logs\" class=\"wp-image-8008\" srcset=\"https:\/\/www.carmowood.com\/files\/uploads\/2026\/02\/DSCF0041-1-1024x683.webp 1024w, https:\/\/www.carmowood.com\/files\/uploads\/2026\/02\/DSCF0041-1-300x200.webp 300w, https:\/\/www.carmowood.com\/files\/uploads\/2026\/02\/DSCF0041-1-768x512.webp 768w, https:\/\/www.carmowood.com\/files\/uploads\/2026\/02\/DSCF0041-1-1536x1024.webp 1536w, https:\/\/www.carmowood.com\/files\/uploads\/2026\/02\/DSCF0041-1.webp 1920w\" sizes=\"auto, (max-width: 1024px) 100vw, 1024px\" \/><\/figure>\n<\/noscript>\n\n\n<div style=\"height:30px\" aria-hidden=\"true\" class=\"wp-block-spacer\"><\/div>\n\n\n<noscript class=\"loading-lazy\">\n<figure class=\"wp-block-image size-large\"><img loading=\"lazy\" decoding=\"async\" width=\"1024\" height=\"678\" src=\"https:\/\/www.carmowood.com\/files\/uploads\/2026\/02\/assim-como-a-madeira-a-resiliencia-esta-na-nossa-essencia-1024x678.webp\" alt=\"Chopped wood showcasing its wooden rings\" class=\"wp-image-7986\" srcset=\"https:\/\/www.carmowood.com\/files\/uploads\/2026\/02\/assim-como-a-madeira-a-resiliencia-esta-na-nossa-essencia-1024x678.webp 1024w, https:\/\/www.carmowood.com\/files\/uploads\/2026\/02\/assim-como-a-madeira-a-resiliencia-esta-na-nossa-essencia-300x199.webp 300w, https:\/\/www.carmowood.com\/files\/uploads\/2026\/02\/assim-como-a-madeira-a-resiliencia-esta-na-nossa-essencia-768x509.webp 768w, https:\/\/www.carmowood.com\/files\/uploads\/2026\/02\/assim-como-a-madeira-a-resiliencia-esta-na-nossa-essencia-1536x1018.webp 1536w, https:\/\/www.carmowood.com\/files\/uploads\/2026\/02\/assim-como-a-madeira-a-resiliencia-esta-na-nossa-essencia.webp 1920w\" sizes=\"auto, (max-width: 1024px) 100vw, 1024px\" \/><\/figure>\n<\/noscript><\/div>\n\n\n\n<div class=\"wp-block-column is-layout-flow wp-block-column-is-layout-flow\" style=\"flex-basis:36.16%\"><noscript class=\"loading-lazy\">\n<figure class=\"wp-block-image size-large\"><img loading=\"lazy\" decoding=\"async\" width=\"683\" height=\"1024\" src=\"https:\/\/www.carmowood.com\/files\/uploads\/2026\/02\/DSCF1065-683x1024.webp\" alt=\"A floor picture with five photographs\" class=\"wp-image-8039\" srcset=\"https:\/\/www.carmowood.com\/files\/uploads\/2026\/02\/DSCF1065-683x1024.webp 683w, https:\/\/www.carmowood.com\/files\/uploads\/2026\/02\/DSCF1065-200x300.webp 200w, https:\/\/www.carmowood.com\/files\/uploads\/2026\/02\/DSCF1065-768x1152.webp 768w, https:\/\/www.carmowood.com\/files\/uploads\/2026\/02\/DSCF1065-1024x1536.webp 1024w, https:\/\/www.carmowood.com\/files\/uploads\/2026\/02\/DSCF1065.webp 1280w\" sizes=\"auto, (max-width: 683px) 100vw, 683px\" \/><\/figure>\n<\/noscript><\/div>\n<\/div>\n\n<div class=\"wp-block-kobu-custom-blocks-responsive-spacer responsive-spacer size-large\"><\/div><br>\n\n<h2 class=\"wp-block-heading alignwide\"><strong><strong> Visi\u00f3n y valores <\/strong><\/strong><\/h2>\n\n<div class=\"wp-block-columns alignmediumsmall is-layout-flex wp-container-core-columns-is-layout-9d6595d7 wp-block-columns-is-layout-flex\">\n<div class=\"wp-block-column is-layout-flow wp-block-column-is-layout-flow\">\n<p class=\"has-playfair-display-font-family has-medium-large-font-size\">Al igual que la madera nos adaptamos con determinaci\u00f3n y creamos soluciones que perduran en el tiempo.<\/p>\n<\/div>\n\n\n\n<div class=\"wp-block-column is-layout-flow wp-block-column-is-layout-flow\">\n<p>En CarmoWood, trabajamos cada d\u00eda con resiliencia, compromiso y calidad, creyendo que la madera no es solo un material, sino tambi\u00e9n un camino para construir un futuro mejor.<\/p>\n<\/div>\n<\/div>\n\n<div class=\"wp-block-kobu-custom-blocks-responsive-spacer responsive-spacer size-large\"><\/div><br>\n\n<div class=\"wp-block-columns alignextrawide is-layout-flex wp-container-core-columns-is-layout-9d6595d7 wp-block-columns-is-layout-flex\">\n<div class=\"wp-block-column is-layout-flow wp-block-column-is-layout-flow\" style=\"flex-basis:41.42%\"><noscript class=\"loading-lazy\">\n<figure class=\"wp-block-image size-large\"><img loading=\"lazy\" decoding=\"async\" width=\"683\" height=\"1024\" src=\"https:\/\/www.carmowood.com\/files\/uploads\/2026\/02\/DSCF0790-683x1024.webp\" alt=\"\" class=\"wp-image-8449\" srcset=\"https:\/\/www.carmowood.com\/files\/uploads\/2026\/02\/DSCF0790-683x1024.webp 683w, https:\/\/www.carmowood.com\/files\/uploads\/2026\/02\/DSCF0790-200x300.webp 200w, https:\/\/www.carmowood.com\/files\/uploads\/2026\/02\/DSCF0790-768x1152.webp 768w, https:\/\/www.carmowood.com\/files\/uploads\/2026\/02\/DSCF0790-1024x1536.webp 1024w, https:\/\/www.carmowood.com\/files\/uploads\/2026\/02\/DSCF0790.webp 1280w\" sizes=\"auto, (max-width: 683px) 100vw, 683px\" \/><\/figure>\n<\/noscript><\/div>\n\n\n\n<div class=\"wp-block-column is-layout-flow wp-block-column-is-layout-flow\" style=\"flex-basis:58.58%\"><noscript class=\"loading-lazy\">\n<figure class=\"wp-block-image size-full\"><img loading=\"lazy\" decoding=\"async\" width=\"1920\" height=\"1280\" src=\"https:\/\/www.carmowood.com\/files\/uploads\/2026\/02\/DSCF0977.webp\" alt=\"Una foto que muestra el logotipo de CarmoWood al fondo en un entorno industrial.\" class=\"wp-image-8030\" srcset=\"https:\/\/www.carmowood.com\/files\/uploads\/2026\/02\/DSCF0977.webp 1920w, https:\/\/www.carmowood.com\/files\/uploads\/2026\/02\/DSCF0977-300x200.webp 300w, https:\/\/www.carmowood.com\/files\/uploads\/2026\/02\/DSCF0977-1024x683.webp 1024w, https:\/\/www.carmowood.com\/files\/uploads\/2026\/02\/DSCF0977-768x512.webp 768w, https:\/\/www.carmowood.com\/files\/uploads\/2026\/02\/DSCF0977-1536x1024.webp 1536w\" sizes=\"auto, (max-width: 1920px) 100vw, 1920px\" \/><\/figure>\n<\/noscript><\/div>\n<\/div>\n","protected":false},"excerpt":{"rendered":"<p>NUESTRA HISTORIA Con casi un siglo de historia vinculada a la madera, CarmoWood es una empresa de referencia en la producci\u00f3n, transformaci\u00f3n y valorizaci\u00f3n de [&hellip;]<\/p>\n","protected":false},"author":1,"featured_media":8037,"parent":8984,"menu_order":1002,"comment_status":"closed","ping_status":"closed","template":"templates\/centered_title.php","meta":{"_acf_changed":false,"inline_featured_image":false,"footnotes":""},"class_list":["post-8858","page","type-page","status-publish","has-post-thumbnail","hentry"],"acf":[],"_links":{"self":[{"href":"https:\/\/www.carmowood.com\/es\/wp-json\/wp\/v2\/pages\/8858","targetHints":{"allow":["GET"]}}],"collection":[{"href":"https:\/\/www.carmowood.com\/es\/wp-json\/wp\/v2\/pages"}],"about":[{"href":"https:\/\/www.carmowood.com\/es\/wp-json\/wp\/v2\/types\/page"}],"author":[{"embeddable":true,"href":"https:\/\/www.carmowood.com\/es\/wp-json\/wp\/v2\/users\/1"}],"replies":[{"embeddable":true,"href":"https:\/\/www.carmowood.com\/es\/wp-json\/wp\/v2\/comments?post=8858"}],"version-history":[{"count":3,"href":"https:\/\/www.carmowood.com\/es\/wp-json\/wp\/v2\/pages\/8858\/revisions"}],"predecessor-version":[{"id":13511,"href":"https:\/\/www.carmowood.com\/es\/wp-json\/wp\/v2\/pages\/8858\/revisions\/13511"}],"up":[{"embeddable":true,"href":"https:\/\/www.carmowood.com\/es\/wp-json\/wp\/v2\/pages\/8984"}],"wp:featuredmedia":[{"embeddable":true,"href":"https:\/\/www.carmowood.com\/es\/wp-json\/wp\/v2\/media\/8037"}],"wp:attachment":[{"href":"https:\/\/www.carmowood.com\/es\/wp-json\/wp\/v2\/media?parent=8858"}],"curies":[{"name":"wp","href":"https:\/\/api.w.org\/{rel}","templated":true}]}}