{"id":10629,"date":"2026-03-24T12:00:08","date_gmt":"2026-03-24T12:00:08","guid":{"rendered":"https:\/\/www.carmowood.com\/soluciones\/grandes-obras\/"},"modified":"2026-03-24T17:19:24","modified_gmt":"2026-03-24T17:19:24","slug":"grandes-obras","status":"publish","type":"page","link":"https:\/\/www.carmowood.com\/es\/carmoform\/soluciones\/grandes-obras\/","title":{"rendered":"Grandes Obras"},"content":{"rendered":"<noscript class=\"loading-lazy\">\n<figure class=\"wp-block-image alignfull size-large\"><img decoding=\"async\" src=\"https:\/\/www.carmowood.com\/files\/uploads\/2026\/01\/edificio-estrutura-madeira-clt-glulam-carmoform-lisboa-1024x576.png\" alt=\"Edificio urbano contempor&#xE1;neo con estructura de madera CLT y glulam, visto desde una esquina, con fachada revestida y grandes vanos acristalados\" class=\"wp-image-3904\"\/><\/figure>\n<\/noscript>\n<div class=\"wp-block-kobu-custom-blocks-responsive-spacer responsive-spacer size-large\"><\/div><br>\n\n<h2 class=\"wp-block-heading alignwide\"><strong><strong><strong>Construcci\u00f3n en madera a escala de la ingenier\u00eda y la arquitectura modernas<\/strong><\/strong><\/strong><\/h2>\n\n<div class=\"wp-block-kobu-custom-blocks-inner-content-img media-content-group child-item align-right valign-start img-first alignextrawide\"><div class=\"media-col\"><figure><img decoding=\"async\" class=\"wp-image-3908\" src=\"https:\/\/www.carmowood.com\/files\/uploads\/2026\/01\/STU2625.jpg\" alt=\"\" title=\"STU2625\" sizes=\"(min-width: 1201px) 35vw, (min-width: 601px) 50vw, 100vw\"\/><\/figure><\/div><div class=\"content-col\"><div class=\"content-col-wrapper\">\n<p>En CarmoForm creemos que la madera puede estar a la altura de las mayores ambiciones de la ingenier\u00eda contempor\u00e1nea.<\/p>\n\n\n\n<p>Con esta convicci\u00f3n integramos sistemas constructivos como CLT, glulam, timber frame y LVL en proyectos de gran escala en todo el territorio nacional.<\/p>\n\n\n\n<p>Trabajamos junto a estudios de ingenier\u00eda y arquitectura y grandes constructoras, desde la concepci\u00f3n hasta la ejecuci\u00f3n, asegurando que cada obra refleje altos est\u00e1ndares de rendimiento estructural, calidad t\u00e9cnica, dise\u00f1o, est\u00e9tica atemporal y compromiso ambiental.<\/p>\n<\/div><\/div><\/div>\n\n<div class=\"wp-block-kobu-custom-blocks-responsive-spacer responsive-spacer size-large\"><\/div><br>\n\n<div class=\"wp-block-kobu-custom-blocks-slider-gallery\"><div class=\"slider-gallery gallery-container hidden  \"><div class=\"gallery \" role=\"list\"><div class=\"slide\" role=\"listitem\"><div class=\"figure-wrapper\"><figure><img loading=\"lazy\" decoding=\"async\" width=\"1500\" height=\"1000\" class=\"wp-image-4078\" src=\"https:\/\/www.carmowood.com\/files\/uploads\/2026\/01\/STU2589.jpg\" alt=\"\" sizes=\"auto, (min-width: 601px) 80vw, 100vw\" srcset=\"https:\/\/www.carmowood.com\/files\/uploads\/2026\/01\/STU2589.jpg 1500w, https:\/\/www.carmowood.com\/files\/uploads\/2026\/01\/STU2589-300x200.jpg 300w, https:\/\/www.carmowood.com\/files\/uploads\/2026\/01\/STU2589-1024x683.jpg 1024w, https:\/\/www.carmowood.com\/files\/uploads\/2026\/01\/STU2589-768x512.jpg 768w\" \/><\/figure><\/div><\/div><div class=\"slide\" role=\"listitem\"><div class=\"figure-wrapper\"><figure><img loading=\"lazy\" decoding=\"async\" width=\"1500\" height=\"1000\" class=\"wp-image-4075\" src=\"https:\/\/www.carmowood.com\/files\/uploads\/2026\/01\/STU2593.jpg\" alt=\"\" sizes=\"auto, (min-width: 601px) 80vw, 100vw\" srcset=\"https:\/\/www.carmowood.com\/files\/uploads\/2026\/01\/STU2593.jpg 1500w, https:\/\/www.carmowood.com\/files\/uploads\/2026\/01\/STU2593-300x200.jpg 300w, https:\/\/www.carmowood.com\/files\/uploads\/2026\/01\/STU2593-1024x683.jpg 1024w, https:\/\/www.carmowood.com\/files\/uploads\/2026\/01\/STU2593-768x512.jpg 768w\" \/><\/figure><\/div><\/div><div class=\"slide\" role=\"listitem\"><div class=\"figure-wrapper\"><figure><img loading=\"lazy\" decoding=\"async\" width=\"1400\" height=\"924\" class=\"wp-image-4084\" src=\"https:\/\/www.carmowood.com\/files\/uploads\/2026\/01\/STU2673.jpg\" alt=\"\" sizes=\"auto, (min-width: 601px) 80vw, 100vw\" srcset=\"https:\/\/www.carmowood.com\/files\/uploads\/2026\/01\/STU2673.jpg 1400w, https:\/\/www.carmowood.com\/files\/uploads\/2026\/01\/STU2673-300x198.jpg 300w, https:\/\/www.carmowood.com\/files\/uploads\/2026\/01\/STU2673-1024x676.jpg 1024w, https:\/\/www.carmowood.com\/files\/uploads\/2026\/01\/STU2673-768x507.jpg 768w\" \/><\/figure><\/div><\/div><div class=\"slide\" role=\"listitem\"><div class=\"figure-wrapper\"><figure><img loading=\"lazy\" decoding=\"async\" width=\"1500\" height=\"1000\" class=\"wp-image-4081\" src=\"https:\/\/www.carmowood.com\/files\/uploads\/2026\/01\/STU2625-1.jpg\" alt=\"\" sizes=\"auto, (min-width: 601px) 80vw, 100vw\" srcset=\"https:\/\/www.carmowood.com\/files\/uploads\/2026\/01\/STU2625-1.jpg 1500w, https:\/\/www.carmowood.com\/files\/uploads\/2026\/01\/STU2625-1-300x200.jpg 300w, https:\/\/www.carmowood.com\/files\/uploads\/2026\/01\/STU2625-1-1024x683.jpg 1024w, https:\/\/www.carmowood.com\/files\/uploads\/2026\/01\/STU2625-1-768x512.jpg 768w\" \/><\/figure><\/div><\/div><div class=\"slide\" role=\"listitem\"><div class=\"figure-wrapper\"><figure><img loading=\"lazy\" decoding=\"async\" width=\"1500\" height=\"1000\" class=\"wp-image-4087\" src=\"https:\/\/www.carmowood.com\/files\/uploads\/2026\/01\/STU2687.jpg\" alt=\"\" sizes=\"auto, (min-width: 601px) 80vw, 100vw\" srcset=\"https:\/\/www.carmowood.com\/files\/uploads\/2026\/01\/STU2687.jpg 1500w, https:\/\/www.carmowood.com\/files\/uploads\/2026\/01\/STU2687-300x200.jpg 300w, https:\/\/www.carmowood.com\/files\/uploads\/2026\/01\/STU2687-1024x683.jpg 1024w, https:\/\/www.carmowood.com\/files\/uploads\/2026\/01\/STU2687-768x512.jpg 768w\" \/><\/figure><\/div><\/div><div class=\"slide\" role=\"listitem\"><div class=\"figure-wrapper\"><figure><img loading=\"lazy\" decoding=\"async\" width=\"1325\" height=\"811\" class=\"wp-image-4072\" src=\"https:\/\/www.carmowood.com\/files\/uploads\/2026\/01\/STU2584.jpg\" alt=\"\" sizes=\"auto, (min-width: 601px) 80vw, 100vw\" srcset=\"https:\/\/www.carmowood.com\/files\/uploads\/2026\/01\/STU2584.jpg 1325w, https:\/\/www.carmowood.com\/files\/uploads\/2026\/01\/STU2584-300x184.jpg 300w, https:\/\/www.carmowood.com\/files\/uploads\/2026\/01\/STU2584-1024x627.jpg 1024w, https:\/\/www.carmowood.com\/files\/uploads\/2026\/01\/STU2584-768x470.jpg 768w\" \/><\/figure><\/div><\/div><div class=\"slide\" role=\"listitem\"><div class=\"figure-wrapper\"><figure><img loading=\"lazy\" decoding=\"async\" width=\"1214\" height=\"683\" class=\"wp-image-4090\" src=\"https:\/\/www.carmowood.com\/files\/uploads\/2026\/01\/edificio-estrutura-madeira-clt-glulam-carmoform-lisboa_2.png\" alt=\"\" sizes=\"auto, (min-width: 601px) 80vw, 100vw\" srcset=\"https:\/\/www.carmowood.com\/files\/uploads\/2026\/01\/edificio-estrutura-madeira-clt-glulam-carmoform-lisboa_2.png 1214w, https:\/\/www.carmowood.com\/files\/uploads\/2026\/01\/edificio-estrutura-madeira-clt-glulam-carmoform-lisboa_2-300x169.png 300w, https:\/\/www.carmowood.com\/files\/uploads\/2026\/01\/edificio-estrutura-madeira-clt-glulam-carmoform-lisboa_2-1024x576.png 1024w, https:\/\/www.carmowood.com\/files\/uploads\/2026\/01\/edificio-estrutura-madeira-clt-glulam-carmoform-lisboa_2-768x432.png 768w\" \/><\/figure><\/div><\/div><div class=\"slide\" role=\"listitem\"><div class=\"figure-wrapper\"><figure><img loading=\"lazy\" decoding=\"async\" width=\"1192\" height=\"670\" class=\"wp-image-4093\" src=\"https:\/\/www.carmowood.com\/files\/uploads\/2026\/01\/edificio-estrutura-madeira-clt-glulam-carmoform-lisboa_3.png\" alt=\"\" sizes=\"auto, (min-width: 601px) 80vw, 100vw\" srcset=\"https:\/\/www.carmowood.com\/files\/uploads\/2026\/01\/edificio-estrutura-madeira-clt-glulam-carmoform-lisboa_3.png 1192w, https:\/\/www.carmowood.com\/files\/uploads\/2026\/01\/edificio-estrutura-madeira-clt-glulam-carmoform-lisboa_3-300x169.png 300w, https:\/\/www.carmowood.com\/files\/uploads\/2026\/01\/edificio-estrutura-madeira-clt-glulam-carmoform-lisboa_3-1024x576.png 1024w, https:\/\/www.carmowood.com\/files\/uploads\/2026\/01\/edificio-estrutura-madeira-clt-glulam-carmoform-lisboa_3-768x432.png 768w\" \/><\/figure><\/div><\/div><div class=\"slide\" role=\"listitem\"><div class=\"figure-wrapper\"><figure><img loading=\"lazy\" decoding=\"async\" width=\"1920\" height=\"1035\" class=\"wp-image-4063\" src=\"https:\/\/www.carmowood.com\/files\/uploads\/2026\/01\/edificio-estrutura-madeira-clt-glulam-carmoform-lisboa_4.png\" alt=\"\" sizes=\"auto, (min-width: 601px) 80vw, 100vw\" srcset=\"https:\/\/www.carmowood.com\/files\/uploads\/2026\/01\/edificio-estrutura-madeira-clt-glulam-carmoform-lisboa_4.png 1920w, https:\/\/www.carmowood.com\/files\/uploads\/2026\/01\/edificio-estrutura-madeira-clt-glulam-carmoform-lisboa_4-300x162.png 300w, https:\/\/www.carmowood.com\/files\/uploads\/2026\/01\/edificio-estrutura-madeira-clt-glulam-carmoform-lisboa_4-1024x552.png 1024w, https:\/\/www.carmowood.com\/files\/uploads\/2026\/01\/edificio-estrutura-madeira-clt-glulam-carmoform-lisboa_4-768x414.png 768w, https:\/\/www.carmowood.com\/files\/uploads\/2026\/01\/edificio-estrutura-madeira-clt-glulam-carmoform-lisboa_4-1536x828.png 1536w\" \/><\/figure><\/div><\/div><\/div><\/div><\/div><br>\n\n<div class=\"wp-block-kobu-custom-blocks-responsive-spacer responsive-spacer size-large\"><\/div><br>\n\n<div class=\"wp-block-kobu-custom-blocks-inner-content-img media-content-group child-item align-right valign-start img-last alignmedium\"><div class=\"content-col\"><div class=\"content-col-wrapper\">\n<h3 class=\"wp-block-heading\"><strong><strong>VEA NUESTRO PORTAFOLIO DE OBRAS<\/strong><\/strong><\/h3>\n\n\n\n<div class=\"wp-block-buttons is-layout-flex wp-block-buttons-is-layout-flex\">\n<div class=\"wp-block-button\"><a class=\"wp-block-button__link wp-element-button\" href=\"https:\/\/portfolio.carmoform.com\" target=\"_blank\" rel=\"noreferrer noopener\">Ver Portafolio<\/a><\/div>\n<\/div>\n<\/div><\/div><div class=\"media-col\"><figure><img loading=\"lazy\" decoding=\"async\" width=\"1396\" height=\"2484\" class=\"wp-image-11712\" src=\"https:\/\/www.carmowood.com\/files\/uploads\/2026\/02\/PORTFOLIO_SITE.webp\" alt=\"\" title=\"PORTFOLIO_SITE\" sizes=\"auto, (min-width: 1201px) 35vw, (min-width: 601px) 50vw, 100vw\" srcset=\"https:\/\/www.carmowood.com\/files\/uploads\/2026\/02\/PORTFOLIO_SITE.webp 1396w, https:\/\/www.carmowood.com\/files\/uploads\/2026\/02\/PORTFOLIO_SITE-169x300.webp 169w, https:\/\/www.carmowood.com\/files\/uploads\/2026\/02\/PORTFOLIO_SITE-575x1024.webp 575w, https:\/\/www.carmowood.com\/files\/uploads\/2026\/02\/PORTFOLIO_SITE-768x1367.webp 768w, https:\/\/www.carmowood.com\/files\/uploads\/2026\/02\/PORTFOLIO_SITE-863x1536.webp 863w, https:\/\/www.carmowood.com\/files\/uploads\/2026\/02\/PORTFOLIO_SITE-1151x2048.webp 1151w\" \/><\/figure><\/div><\/div>\n","protected":false},"excerpt":{"rendered":"<p>Construcci\u00f3n en madera a escala de la ingenier\u00eda y la arquitectura modernas<\/p>\n","protected":false},"author":1,"featured_media":4068,"parent":10386,"menu_order":1,"comment_status":"closed","ping_status":"closed","template":"templates\/product-category.php","meta":{"_acf_changed":false,"inline_featured_image":false,"footnotes":""},"class_list":["post-10629","page","type-page","status-publish","has-post-thumbnail","hentry"],"acf":[],"_links":{"self":[{"href":"https:\/\/www.carmowood.com\/es\/wp-json\/wp\/v2\/pages\/10629","targetHints":{"allow":["GET"]}}],"collection":[{"href":"https:\/\/www.carmowood.com\/es\/wp-json\/wp\/v2\/pages"}],"about":[{"href":"https:\/\/www.carmowood.com\/es\/wp-json\/wp\/v2\/types\/page"}],"author":[{"embeddable":true,"href":"https:\/\/www.carmowood.com\/es\/wp-json\/wp\/v2\/users\/1"}],"replies":[{"embeddable":true,"href":"https:\/\/www.carmowood.com\/es\/wp-json\/wp\/v2\/comments?post=10629"}],"version-history":[{"count":4,"href":"https:\/\/www.carmowood.com\/es\/wp-json\/wp\/v2\/pages\/10629\/revisions"}],"predecessor-version":[{"id":13396,"href":"https:\/\/www.carmowood.com\/es\/wp-json\/wp\/v2\/pages\/10629\/revisions\/13396"}],"up":[{"embeddable":true,"href":"https:\/\/www.carmowood.com\/es\/wp-json\/wp\/v2\/pages\/10386"}],"wp:featuredmedia":[{"embeddable":true,"href":"https:\/\/www.carmowood.com\/es\/wp-json\/wp\/v2\/media\/4068"}],"wp:attachment":[{"href":"https:\/\/www.carmowood.com\/es\/wp-json\/wp\/v2\/media?parent=10629"}],"curies":[{"name":"wp","href":"https:\/\/api.w.org\/{rel}","templated":true}]}}